{"id":962,"date":"2020-09-18T11:16:36","date_gmt":"2020-09-18T09:16:36","guid":{"rendered":"https:\/\/participa.lafontdencarros.es\/votacion-de-las-propuestas\/"},"modified":"2025-06-05T16:15:52","modified_gmt":"2025-06-05T14:15:52","slug":"votacion-de-las-propuestas","status":"publish","type":"page","link":"https:\/\/participa.lafontdencarros.es\/es\/votacion-de-las-propuestas\/","title":{"rendered":"Votaci\u00f3n de las propuestas"},"content":{"rendered":"\t\t<div data-elementor-type=\"wp-page\" data-elementor-id=\"962\" class=\"elementor elementor-962 elementor-103\" data-elementor-post-type=\"page\">\n\t\t\t\t\t\t<section data-dce-background-image-url=\"https:\/\/participa.lafontdencarros.es\/wp-content\/uploads\/2020\/09\/ilustracion-votacion-1.svg\" class=\"elementor-section elementor-top-section elementor-element elementor-element-462b6bb elementor-section-full_width elementor-section-height-default elementor-section-height-default\" data-id=\"462b6bb\" data-element_type=\"section\" data-e-type=\"section\" id=\"votationSection\" data-settings=\"{&quot;background_background&quot;:&quot;classic&quot;}\">\n\t\t\t\t\t\t\t<div class=\"elementor-background-overlay\"><\/div>\n\t\t\t\t\t\t\t<div class=\"elementor-container elementor-column-gap-wide\">\n\t\t\t\t\t<div class=\"elementor-column elementor-col-66 elementor-top-column elementor-element elementor-element-02a38c4\" data-id=\"02a38c4\" data-element_type=\"column\" data-e-type=\"column\">\n\t\t\t<div class=\"elementor-widget-wrap elementor-element-populated\">\n\t\t\t\t\t\t<div class=\"elementor-element elementor-element-afec649 elementor-hidden-phone elementor-widget elementor-widget-text-editor\" data-id=\"afec649\" data-element_type=\"widget\" data-e-type=\"widget\" data-widget_type=\"text-editor.default\">\n\t\t\t\t<div class=\"elementor-widget-container\">\n\t\t\t\t\t\t\t\t\t<p>Votaci\u00f3n<br \/>de las propuestas<\/p>\n\t\t\t\t\t\t\t\t<\/div>\n\t\t\t\t<\/div>\n\t\t\t\t<div class=\"elementor-element elementor-element-1ee9dea elementor-hidden-desktop elementor-hidden-tablet elementor-widget elementor-widget-text-editor\" data-id=\"1ee9dea\" data-element_type=\"widget\" data-e-type=\"widget\" data-widget_type=\"text-editor.default\">\n\t\t\t\t<div class=\"elementor-widget-container\">\n\t\t\t\t\t\t\t\t\tVotaci\u00f3n<br>de las<br>propuestas\t\t\t\t\t\t\t\t<\/div>\n\t\t\t\t<\/div>\n\t\t\t\t<div class=\"elementor-element elementor-element-9c6f473 elementor-hidden-desktop elementor-hidden-tablet elementor-icon-list--layout-traditional elementor-list-item-link-full_width elementor-widget elementor-widget-icon-list\" data-id=\"9c6f473\" data-element_type=\"widget\" data-e-type=\"widget\" data-widget_type=\"icon-list.default\">\n\t\t\t\t<div class=\"elementor-widget-container\">\n\t\t\t\t\t\t\t<ul class=\"elementor-icon-list-items\">\n\t\t\t\t\t\t\t<li class=\"elementor-icon-list-item\">\n\t\t\t\t\t\t\t\t\t\t\t<span class=\"elementor-icon-list-icon\">\n\t\t\t\t\t\t\t<i aria-hidden=\"true\" class=\"fas fa-info-circle\"><\/i>\t\t\t\t\t\t<\/span>\n\t\t\t\t\t\t\t\t\t\t<span class=\"elementor-icon-list-text\">Requisitos:<\/span>\n\t\t\t\t\t\t\t\t\t<\/li>\n\t\t\t\t\t\t<\/ul>\n\t\t\t\t\t\t<\/div>\n\t\t\t\t<\/div>\n\t\t<!-- dce invisible element d9b5ee7 -->\t\t<section class=\"elementor-section elementor-inner-section elementor-element elementor-element-2915cd2 elementor-section-boxed elementor-section-height-default elementor-section-height-default\" data-id=\"2915cd2\" data-element_type=\"section\" data-e-type=\"section\" data-settings=\"{&quot;enabled_visibility&quot;:&quot;yes&quot;,&quot;dce_visibility_selected&quot;:&quot;yes&quot;}\">\n\t\t\t\t\t\t<div class=\"elementor-container elementor-column-gap-default\">\n\t\t\t\t\t<div class=\"elementor-column elementor-col-100 elementor-inner-column elementor-element elementor-element-e5cbff3\" data-id=\"e5cbff3\" data-element_type=\"column\" data-e-type=\"column\">\n\t\t\t<div class=\"elementor-widget-wrap elementor-element-populated\">\n\t\t\t\t\t\t<div class=\"elementor-element elementor-element-9213985 elementor-icon-list--layout-traditional elementor-list-item-link-full_width elementor-widget elementor-widget-icon-list\" data-id=\"9213985\" data-element_type=\"widget\" data-e-type=\"widget\" data-widget_type=\"icon-list.default\">\n\t\t\t\t<div class=\"elementor-widget-container\">\n\t\t\t\t\t\t\t<ul class=\"elementor-icon-list-items\">\n\t\t\t\t\t\t\t<li class=\"elementor-icon-list-item\">\n\t\t\t\t\t\t\t\t\t\t\t<span class=\"elementor-icon-list-icon\">\n\t\t\t\t\t\t\t<i aria-hidden=\"true\" class=\"far fa-calendar-plus\"><\/i>\t\t\t\t\t\t<\/span>\n\t\t\t\t\t\t\t\t\t\t<span class=\"elementor-icon-list-text\">Ha finalizado el periodo de votaci\u00f3n.<\/span>\n\t\t\t\t\t\t\t\t\t<\/li>\n\t\t\t\t\t\t<\/ul>\n\t\t\t\t\t\t<\/div>\n\t\t\t\t<\/div>\n\t\t\t\t\t<\/div>\n\t\t<\/div>\n\t\t\t\t\t<\/div>\n\t\t<\/section>\n\t\t<!-- dce invisible element 6c82b8f -->\t\t\t<\/div>\n\t\t<\/div>\n\t\t\t\t<div class=\"elementor-column elementor-col-33 elementor-top-column elementor-element elementor-element-558d143 elementor-hidden-phone elementor-hidden-tablet\" data-id=\"558d143\" data-element_type=\"column\" data-e-type=\"column\">\n\t\t\t<div class=\"elementor-widget-wrap elementor-element-populated\">\n\t\t\t\t<!-- dce invisible element 4a0cfa3 -->\t\t\t<\/div>\n\t\t<\/div>\n\t\t\t\t\t<\/div>\n\t\t<\/section>\n\t\t\t\t<\/div>\n\t\t","protected":false},"excerpt":{"rendered":"<p>Votaci\u00f3nde las propuestas Votaci\u00f3nde laspropuestas Requisitos: Pr\u00f3ximamente, se habilitar\u00e1 el formulario para llevar a cabo la votaci\u00f3n. Ha finalizado el periodo de votaci\u00f3n. Requisitos: Ser mayor de 16 a\u00f1os Estar empadronado en La Font d&#8217;en Carr\u00f2s Tan solo se registra un voto por usuario\/fecha de nacimiento. Si intenta realizar varias votaciones con el mismo usuario, [&hellip;]<\/p>\n","protected":false},"author":1,"featured_media":0,"parent":0,"menu_order":0,"comment_status":"closed","ping_status":"closed","template":"elementor_header_footer","meta":{"_acf_changed":false,"footnotes":""},"class_list":["post-962","page","type-page","status-publish","hentry"],"acf":[],"yoast_head":"<!-- This site is optimized with the Yoast SEO plugin v27.2 - https:\/\/yoast.com\/product\/yoast-seo-wordpress\/ -->\n<title>Votaci\u00f3n de las propuestas - Ajuntament Font d&#039;en Carr\u00f2s<\/title>\n<meta name=\"robots\" content=\"index, follow, max-snippet:-1, max-image-preview:large, max-video-preview:-1\" \/>\n<link rel=\"canonical\" href=\"https:\/\/participa.lafontdencarros.es\/es\/votacion-de-las-propuestas\/\" \/>\n<meta property=\"og:locale\" content=\"es_ES\" \/>\n<meta property=\"og:type\" content=\"article\" \/>\n<meta property=\"og:title\" content=\"Votaci\u00f3n de las propuestas - Ajuntament Font d&#039;en Carr\u00f2s\" \/>\n<meta property=\"og:description\" content=\"Votaci\u00f3nde las propuestas Votaci\u00f3nde laspropuestas Requisitos: Pr\u00f3ximamente, se habilitar\u00e1 el formulario para llevar a cabo la votaci\u00f3n. Ha finalizado el periodo de votaci\u00f3n. Requisitos: Ser mayor de 16 a\u00f1os Estar empadronado en La Font d&#8217;en Carr\u00f2s Tan solo se registra un voto por usuario\/fecha de nacimiento. Si intenta realizar varias votaciones con el mismo usuario, [&hellip;]\" \/>\n<meta property=\"og:url\" content=\"https:\/\/participa.lafontdencarros.es\/es\/votacion-de-las-propuestas\/\" \/>\n<meta property=\"og:site_name\" content=\"Ajuntament Font d&#039;en Carr\u00f2s\" \/>\n<meta property=\"article:modified_time\" content=\"2025-06-05T14:15:52+00:00\" \/>\n<meta name=\"twitter:card\" content=\"summary_large_image\" \/>\n<meta name=\"twitter:label1\" content=\"Tiempo de lectura\" \/>\n\t<meta name=\"twitter:data1\" content=\"1 minuto\" \/>\n<script type=\"application\/ld+json\" class=\"yoast-schema-graph\">{\"@context\":\"https:\/\/schema.org\",\"@graph\":[{\"@type\":\"WebPage\",\"@id\":\"https:\/\/participa.lafontdencarros.es\/es\/votacion-de-las-propuestas\/\",\"url\":\"https:\/\/participa.lafontdencarros.es\/es\/votacion-de-las-propuestas\/\",\"name\":\"Votaci\u00f3n de las propuestas - Ajuntament Font d&#039;en Carr\u00f2s\",\"isPartOf\":{\"@id\":\"\/#website\"},\"datePublished\":\"2020-09-18T09:16:36+00:00\",\"dateModified\":\"2025-06-05T14:15:52+00:00\",\"breadcrumb\":{\"@id\":\"https:\/\/participa.lafontdencarros.es\/es\/votacion-de-las-propuestas\/#breadcrumb\"},\"inLanguage\":\"es\",\"potentialAction\":[{\"@type\":\"ReadAction\",\"target\":[\"https:\/\/participa.lafontdencarros.es\/es\/votacion-de-las-propuestas\/\"]}]},{\"@type\":\"BreadcrumbList\",\"@id\":\"https:\/\/participa.lafontdencarros.es\/es\/votacion-de-las-propuestas\/#breadcrumb\",\"itemListElement\":[{\"@type\":\"ListItem\",\"position\":1,\"name\":\"Portada\",\"item\":\"https:\/\/participa.lafontdencarros.es\/es\/\"},{\"@type\":\"ListItem\",\"position\":2,\"name\":\"Votaci\u00f3n de las propuestas\"}]},{\"@type\":\"WebSite\",\"@id\":\"\/#website\",\"url\":\"\/\",\"name\":\"Ajuntament Font d&#039;en Carr\u00f2s\",\"description\":\"Otro sitio realizado con WordPress\",\"publisher\":{\"@id\":\"\/#organization\"},\"potentialAction\":[{\"@type\":\"SearchAction\",\"target\":{\"@type\":\"EntryPoint\",\"urlTemplate\":\"\/?s={search_term_string}\"},\"query-input\":{\"@type\":\"PropertyValueSpecification\",\"valueRequired\":true,\"valueName\":\"search_term_string\"}}],\"inLanguage\":\"es\"},{\"@type\":\"Organization\",\"@id\":\"\/#organization\",\"name\":\"Ajuntament Font d&#039;en Carr\u00f2s\",\"url\":\"\/\",\"logo\":{\"@type\":\"ImageObject\",\"inLanguage\":\"es\",\"@id\":\"\/#\/schema\/logo\/image\/\",\"url\":\"https:\/\/participa.lafontdencarros.es\/wp-content\/uploads\/2022\/05\/logo_fontdencarros_participa-2022.jpg\",\"contentUrl\":\"https:\/\/participa.lafontdencarros.es\/wp-content\/uploads\/2022\/05\/logo_fontdencarros_participa-2022.jpg\",\"width\":232,\"height\":84,\"caption\":\"Ajuntament Font d&#039;en Carr\u00f2s\"},\"image\":{\"@id\":\"\/#\/schema\/logo\/image\/\"}}]}<\/script>\n<!-- \/ Yoast SEO plugin. -->","yoast_head_json":{"title":"Votaci\u00f3n de las propuestas - Ajuntament Font d&#039;en Carr\u00f2s","robots":{"index":"index","follow":"follow","max-snippet":"max-snippet:-1","max-image-preview":"max-image-preview:large","max-video-preview":"max-video-preview:-1"},"canonical":"https:\/\/participa.lafontdencarros.es\/es\/votacion-de-las-propuestas\/","og_locale":"es_ES","og_type":"article","og_title":"Votaci\u00f3n de las propuestas - Ajuntament Font d&#039;en Carr\u00f2s","og_description":"Votaci\u00f3nde las propuestas Votaci\u00f3nde laspropuestas Requisitos: Pr\u00f3ximamente, se habilitar\u00e1 el formulario para llevar a cabo la votaci\u00f3n. Ha finalizado el periodo de votaci\u00f3n. Requisitos: Ser mayor de 16 a\u00f1os Estar empadronado en La Font d&#8217;en Carr\u00f2s Tan solo se registra un voto por usuario\/fecha de nacimiento. Si intenta realizar varias votaciones con el mismo usuario, [&hellip;]","og_url":"https:\/\/participa.lafontdencarros.es\/es\/votacion-de-las-propuestas\/","og_site_name":"Ajuntament Font d&#039;en Carr\u00f2s","article_modified_time":"2025-06-05T14:15:52+00:00","twitter_card":"summary_large_image","twitter_misc":{"Tiempo de lectura":"1 minuto"},"schema":{"@context":"https:\/\/schema.org","@graph":[{"@type":"WebPage","@id":"https:\/\/participa.lafontdencarros.es\/es\/votacion-de-las-propuestas\/","url":"https:\/\/participa.lafontdencarros.es\/es\/votacion-de-las-propuestas\/","name":"Votaci\u00f3n de las propuestas - Ajuntament Font d&#039;en Carr\u00f2s","isPartOf":{"@id":"\/#website"},"datePublished":"2020-09-18T09:16:36+00:00","dateModified":"2025-06-05T14:15:52+00:00","breadcrumb":{"@id":"https:\/\/participa.lafontdencarros.es\/es\/votacion-de-las-propuestas\/#breadcrumb"},"inLanguage":"es","potentialAction":[{"@type":"ReadAction","target":["https:\/\/participa.lafontdencarros.es\/es\/votacion-de-las-propuestas\/"]}]},{"@type":"BreadcrumbList","@id":"https:\/\/participa.lafontdencarros.es\/es\/votacion-de-las-propuestas\/#breadcrumb","itemListElement":[{"@type":"ListItem","position":1,"name":"Portada","item":"https:\/\/participa.lafontdencarros.es\/es\/"},{"@type":"ListItem","position":2,"name":"Votaci\u00f3n de las propuestas"}]},{"@type":"WebSite","@id":"\/#website","url":"\/","name":"Ajuntament Font d&#039;en Carr\u00f2s","description":"Otro sitio realizado con WordPress","publisher":{"@id":"\/#organization"},"potentialAction":[{"@type":"SearchAction","target":{"@type":"EntryPoint","urlTemplate":"\/?s={search_term_string}"},"query-input":{"@type":"PropertyValueSpecification","valueRequired":true,"valueName":"search_term_string"}}],"inLanguage":"es"},{"@type":"Organization","@id":"\/#organization","name":"Ajuntament Font d&#039;en Carr\u00f2s","url":"\/","logo":{"@type":"ImageObject","inLanguage":"es","@id":"\/#\/schema\/logo\/image\/","url":"https:\/\/participa.lafontdencarros.es\/wp-content\/uploads\/2022\/05\/logo_fontdencarros_participa-2022.jpg","contentUrl":"https:\/\/participa.lafontdencarros.es\/wp-content\/uploads\/2022\/05\/logo_fontdencarros_participa-2022.jpg","width":232,"height":84,"caption":"Ajuntament Font d&#039;en Carr\u00f2s"},"image":{"@id":"\/#\/schema\/logo\/image\/"}}]}},"_links":{"self":[{"href":"https:\/\/participa.lafontdencarros.es\/es\/wp-json\/wp\/v2\/pages\/962","targetHints":{"allow":["GET"]}}],"collection":[{"href":"https:\/\/participa.lafontdencarros.es\/es\/wp-json\/wp\/v2\/pages"}],"about":[{"href":"https:\/\/participa.lafontdencarros.es\/es\/wp-json\/wp\/v2\/types\/page"}],"author":[{"embeddable":true,"href":"https:\/\/participa.lafontdencarros.es\/es\/wp-json\/wp\/v2\/users\/1"}],"replies":[{"embeddable":true,"href":"https:\/\/participa.lafontdencarros.es\/es\/wp-json\/wp\/v2\/comments?post=962"}],"version-history":[{"count":33,"href":"https:\/\/participa.lafontdencarros.es\/es\/wp-json\/wp\/v2\/pages\/962\/revisions"}],"predecessor-version":[{"id":2098,"href":"https:\/\/participa.lafontdencarros.es\/es\/wp-json\/wp\/v2\/pages\/962\/revisions\/2098"}],"wp:attachment":[{"href":"https:\/\/participa.lafontdencarros.es\/es\/wp-json\/wp\/v2\/media?parent=962"}],"curies":[{"name":"wp","href":"https:\/\/api.w.org\/{rel}","templated":true}]}}