{"id":921,"date":"2020-09-10T09:54:30","date_gmt":"2020-09-10T07:54:30","guid":{"rendered":"https:\/\/participa.lafontdencarros.es\/politica-cookies\/"},"modified":"2020-09-10T09:54:31","modified_gmt":"2020-09-10T07:54:31","slug":"politica-cookies","status":"publish","type":"page","link":"https:\/\/participa.lafontdencarros.es\/es\/politica-cookies\/","title":{"rendered":"Politica cookies"},"content":{"rendered":"\t\t<div data-elementor-type=\"wp-page\" data-elementor-id=\"921\" class=\"elementor elementor-921 elementor-558\" data-elementor-post-type=\"page\">\n\t\t\t\t\t\t<section class=\"elementor-section elementor-top-section elementor-element elementor-element-9fbd20a elementor-section-boxed elementor-section-height-default elementor-section-height-default\" data-id=\"9fbd20a\" data-element_type=\"section\" data-e-type=\"section\">\n\t\t\t\t\t\t<div class=\"elementor-container elementor-column-gap-default\">\n\t\t\t\t\t<div class=\"elementor-column elementor-col-100 elementor-top-column elementor-element elementor-element-6cc0638\" data-id=\"6cc0638\" data-element_type=\"column\" data-e-type=\"column\">\n\t\t\t<div class=\"elementor-widget-wrap elementor-element-populated\">\n\t\t\t\t\t\t<div class=\"elementor-element elementor-element-c14d846 elementor-widget elementor-widget-text-editor\" data-id=\"c14d846\" data-element_type=\"widget\" data-e-type=\"widget\" data-widget_type=\"text-editor.default\">\n\t\t\t\t<div class=\"elementor-widget-container\">\n\t\t\t\t\t\t\t\t\t<p><b>POL\u00cdTICA DE COOKIES<\/b><\/p>\n\t\t\t\t\t\t\t\t<\/div>\n\t\t\t\t<\/div>\n\t\t\t\t<div class=\"elementor-element elementor-element-1953176 elementor-widget elementor-widget-text-editor\" data-id=\"1953176\" data-element_type=\"widget\" data-e-type=\"widget\" data-widget_type=\"text-editor.default\">\n\t\t\t\t<div class=\"elementor-widget-container\">\n\t\t\t\t\t\t\t\t\t<p>Durante su visita a la web, puedo recoger datos de car\u00e1cter personal, principalmente a trav\u00e9s del uso de las cookies.<\/p>\n<p>Una cookie es un peque\u00f1o archivo de texto que un servidor puede colocar en el disco duro del ordenador, tablet, tel\u00e9fono m\u00f3vil o en definitiva, en el dispositivo que utilice para navegar a trav\u00e9s de Internet y que contiene informaci\u00f3n sobre la visita del usuario en la Web, sus preferencias de navegaci\u00f3n, la informaci\u00f3n que m\u00e1s le interesa, idioma, etc.<\/p>\n<p>En funci\u00f3n de su naturaleza, las galletas pueden clasificarse en:<\/p>\n<p>Galletas de sesi\u00f3n y cookies permanentes: las primeras son eliminadas al cerrar el navegador, mientras que las segundas permanecen en el equipo inform\u00e1tico.<\/p>\n<p>Galletas propias y Cookies de terceros: en funci\u00f3n de si pertenecen al titular de la web, o en un tercero.<\/p>\n<p>Las galletas pueden ser utilizadas para recopilar informaci\u00f3n espec\u00edfica durante su visita a la web. El objetivo de la utilizaci\u00f3n de las cookies es mejorar la navegaci\u00f3n y sus condiciones de funcionalidad, ya que esta informaci\u00f3n puede ayudar a participa.lafontdencarros.es asegurar que nuestra web y los servicios se ajusten lo m\u00e1s posible a las necesidades y preferencias de los usuarios.<\/p>\n<p>Adicionalmente, en funci\u00f3n de su objetivo, las galletas pueden clasificarse de la siguiente manera:<\/p>\n<p><strong>Galletas de rendimiento<\/strong><\/p>\n<p>Este tipo de Cookie recuerda sus preferencias para las herramientas que se encuentran en los servicios, por lo que no debe volver a configurar el servicio cada vez que usted visita. A modo de ejemplo, en esta tipolog\u00eda se incluyen: Ajustes de volumen de reproductores de v\u00eddeo o sonido. Las velocidades de transmisi\u00f3n de v\u00eddeo compatibles con su navegador. Los objetos guardados en el \u00abcarrito de la compra\u00bb en los servicios de comercio electr\u00f3nico tales como tiendas.<\/p>\n<p><strong>Galletas de geo-localizaci\u00f3n<\/strong><\/p>\n<p>Estas cookies son utilizadas para averiguar en qu\u00e9 pa\u00eds se encuentra cuando se solicita un servicio. Esta cookie es totalmente an\u00f3nima, y \u200b\u200bs\u00f3lo se utiliza para ayudar a orientar el contenido a su ubicaci\u00f3n.<\/p>\n<p><strong>Galletas de registro<\/strong><\/p>\n<p>Las galletas de registro se generan una vez que el usuario se ha registrado o posteriormente comenz\u00f3 la sesi\u00f3n, y se utilizan para identificarlo en los servicios con los siguientes objetivos:<\/p>\n<p>Mantener al usuario identificado de manera que, si cierra un servicio, el navegador o el ordenador y en otro momento u otro d\u00eda vuelve a entrar en este servicio, seguir\u00e1 identificado, facilitando as\u00ed su navegaci\u00f3n sin tener que volver a identificarse. Esta funcionalidad se puede suprimir si el usuario pulsa la funcionalidad [cerrar sesi\u00f3n], por lo que esta cookie se elimina y la pr\u00f3xima vez que entre en servicio el usuario deber\u00e1 iniciar sesi\u00f3n para estar identificado.<\/p>\n<p>Comprobar si el usuario est\u00e1 autorizado para acceder a ciertos servicios, por ejemplo, para participar en un concurso.<\/p>\n<p>Adicionalmente, algunos servicios pueden utilizar conectores con redes sociales como Facebook o Twitter. Cuando el usuario se registra en un servicio con credenciales de una red social, autoriza a la red social a guardar una cookie persistente que recuerda su identidad y le garantiza acceso a los servicios hasta que expira. El usuario puede borrar esta Cookie y revocar el acceso a los servicios a trav\u00e9s de redes sociales actualizando sus preferencias en la red social que espec\u00edfica.<\/p>\n<p><strong>Galletas de anal\u00edticas<\/strong><\/p>\n<p>Cada vez que un usuario visita un servicio, una herramienta de un proveedor externo genera una cookie anal\u00edtica en el ordenador del usuario. Esta cookie que s\u00f3lo se genera en la visita, servir\u00e1 en futuras visitas a los servicios de la web para identificar de forma an\u00f3nima al visitante. Los objetivos principales que se persiguen son:<\/p>\n<p>Permitir la identificaci\u00f3n an\u00f3nima de los usuarios navegantes a trav\u00e9s de la galleta (identifica navegadores y dispositivos, no personas) y por tanto la contabilizaci\u00f3n aproximada del n\u00famero de visitantes y su tendencia en el tiempo.<\/p>\n<p>Identificar de forma an\u00f3nima los contenidos m\u00e1s visitados y por lo tanto m\u00e1s atractivos para los usuarios Saber si el usuario que est\u00e1 accediendo es nuevo o repite visita.<\/p>\n<p>Importante: A menos que el usuario decida registrarse en un servicio de la web, la cookie nunca ir\u00e1 asociada a ning\u00fan dato de car\u00e1cter personal que pueda identificarlo. Estas cookies s\u00f3lo ser\u00e1n utilizados con prop\u00f3sitos estad\u00edsticos que ayuden a la optimizaci\u00f3n de la experiencia de los usuarios en el sitio.<\/p>\n<p>&nbsp;<\/p>\n<p>Las webs de participa.lafontdencarros.es pueden modificar esta Pol\u00edtica de Cookies en funci\u00f3n de exigencias legislativas, reglamentarias, o con el fin de adaptar esta pol\u00edtica a las instrucciones dictadas por la Agencia Espa\u00f1ola de Protecci\u00f3n de Datos, por ello se aconseja a los usuarios que la visiten peri\u00f3dicamente.<\/p>\n<p>Cuando se produzcan cambios significativos en esta Pol\u00edtica de Cookies, \u00e9stos se comunicar\u00e1n a los usuarios bien mediante la web o mediante correo electr\u00f3nico a los usuarios registrados.<\/p>\n\t\t\t\t\t\t\t\t<\/div>\n\t\t\t\t<\/div>\n\t\t\t\t\t<\/div>\n\t\t<\/div>\n\t\t\t\t\t<\/div>\n\t\t<\/section>\n\t\t\t\t<\/div>\n\t\t","protected":false},"excerpt":{"rendered":"<p>POL\u00cdTICA DE COOKIES Durante su visita a la web, puedo recoger datos de car\u00e1cter personal, principalmente a trav\u00e9s del uso de las cookies. Una cookie es un peque\u00f1o archivo de texto que un servidor puede colocar en el disco duro del ordenador, tablet, tel\u00e9fono m\u00f3vil o en definitiva, en el dispositivo que utilice para navegar [&hellip;]<\/p>\n","protected":false},"author":1,"featured_media":0,"parent":0,"menu_order":0,"comment_status":"closed","ping_status":"closed","template":"elementor_header_footer","meta":{"_acf_changed":false,"footnotes":""},"class_list":["post-921","page","type-page","status-publish","hentry"],"acf":[],"yoast_head":"<!-- This site is optimized with the Yoast SEO plugin v27.2 - https:\/\/yoast.com\/product\/yoast-seo-wordpress\/ -->\n<title>Politica cookies - Ajuntament Font d&#039;en Carr\u00f2s<\/title>\n<meta name=\"robots\" content=\"index, follow, max-snippet:-1, max-image-preview:large, max-video-preview:-1\" \/>\n<link rel=\"canonical\" href=\"https:\/\/participa.lafontdencarros.es\/es\/politica-cookies\/\" \/>\n<meta property=\"og:locale\" content=\"es_ES\" \/>\n<meta property=\"og:type\" content=\"article\" \/>\n<meta property=\"og:title\" content=\"Politica cookies - Ajuntament Font d&#039;en Carr\u00f2s\" \/>\n<meta property=\"og:description\" content=\"POL\u00cdTICA DE COOKIES Durante su visita a la web, puedo recoger datos de car\u00e1cter personal, principalmente a trav\u00e9s del uso de las cookies. Una cookie es un peque\u00f1o archivo de texto que un servidor puede colocar en el disco duro del ordenador, tablet, tel\u00e9fono m\u00f3vil o en definitiva, en el dispositivo que utilice para navegar [&hellip;]\" \/>\n<meta property=\"og:url\" content=\"https:\/\/participa.lafontdencarros.es\/es\/politica-cookies\/\" \/>\n<meta property=\"og:site_name\" content=\"Ajuntament Font d&#039;en Carr\u00f2s\" \/>\n<meta property=\"article:modified_time\" content=\"2020-09-10T07:54:31+00:00\" \/>\n<meta name=\"twitter:card\" content=\"summary_large_image\" \/>\n<meta name=\"twitter:label1\" content=\"Tiempo de lectura\" \/>\n\t<meta name=\"twitter:data1\" content=\"4 minutos\" \/>\n<script type=\"application\/ld+json\" class=\"yoast-schema-graph\">{\"@context\":\"https:\/\/schema.org\",\"@graph\":[{\"@type\":\"WebPage\",\"@id\":\"https:\/\/participa.lafontdencarros.es\/es\/politica-cookies\/\",\"url\":\"https:\/\/participa.lafontdencarros.es\/es\/politica-cookies\/\",\"name\":\"Politica cookies - Ajuntament Font d&#039;en Carr\u00f2s\",\"isPartOf\":{\"@id\":\"\/#website\"},\"datePublished\":\"2020-09-10T07:54:30+00:00\",\"dateModified\":\"2020-09-10T07:54:31+00:00\",\"breadcrumb\":{\"@id\":\"https:\/\/participa.lafontdencarros.es\/es\/politica-cookies\/#breadcrumb\"},\"inLanguage\":\"es\",\"potentialAction\":[{\"@type\":\"ReadAction\",\"target\":[\"https:\/\/participa.lafontdencarros.es\/es\/politica-cookies\/\"]}]},{\"@type\":\"BreadcrumbList\",\"@id\":\"https:\/\/participa.lafontdencarros.es\/es\/politica-cookies\/#breadcrumb\",\"itemListElement\":[{\"@type\":\"ListItem\",\"position\":1,\"name\":\"Portada\",\"item\":\"https:\/\/participa.lafontdencarros.es\/es\/\"},{\"@type\":\"ListItem\",\"position\":2,\"name\":\"Politica cookies\"}]},{\"@type\":\"WebSite\",\"@id\":\"\/#website\",\"url\":\"\/\",\"name\":\"Ajuntament Font d&#039;en Carr\u00f2s\",\"description\":\"Otro sitio realizado con WordPress\",\"publisher\":{\"@id\":\"\/#organization\"},\"potentialAction\":[{\"@type\":\"SearchAction\",\"target\":{\"@type\":\"EntryPoint\",\"urlTemplate\":\"\/?s={search_term_string}\"},\"query-input\":{\"@type\":\"PropertyValueSpecification\",\"valueRequired\":true,\"valueName\":\"search_term_string\"}}],\"inLanguage\":\"es\"},{\"@type\":\"Organization\",\"@id\":\"\/#organization\",\"name\":\"Ajuntament Font d&#039;en Carr\u00f2s\",\"url\":\"\/\",\"logo\":{\"@type\":\"ImageObject\",\"inLanguage\":\"es\",\"@id\":\"\/#\/schema\/logo\/image\/\",\"url\":\"https:\/\/participa.lafontdencarros.es\/wp-content\/uploads\/2022\/05\/logo_fontdencarros_participa-2022.jpg\",\"contentUrl\":\"https:\/\/participa.lafontdencarros.es\/wp-content\/uploads\/2022\/05\/logo_fontdencarros_participa-2022.jpg\",\"width\":232,\"height\":84,\"caption\":\"Ajuntament Font d&#039;en Carr\u00f2s\"},\"image\":{\"@id\":\"\/#\/schema\/logo\/image\/\"}}]}<\/script>\n<!-- \/ Yoast SEO plugin. -->","yoast_head_json":{"title":"Politica cookies - Ajuntament Font d&#039;en Carr\u00f2s","robots":{"index":"index","follow":"follow","max-snippet":"max-snippet:-1","max-image-preview":"max-image-preview:large","max-video-preview":"max-video-preview:-1"},"canonical":"https:\/\/participa.lafontdencarros.es\/es\/politica-cookies\/","og_locale":"es_ES","og_type":"article","og_title":"Politica cookies - Ajuntament Font d&#039;en Carr\u00f2s","og_description":"POL\u00cdTICA DE COOKIES Durante su visita a la web, puedo recoger datos de car\u00e1cter personal, principalmente a trav\u00e9s del uso de las cookies. Una cookie es un peque\u00f1o archivo de texto que un servidor puede colocar en el disco duro del ordenador, tablet, tel\u00e9fono m\u00f3vil o en definitiva, en el dispositivo que utilice para navegar [&hellip;]","og_url":"https:\/\/participa.lafontdencarros.es\/es\/politica-cookies\/","og_site_name":"Ajuntament Font d&#039;en Carr\u00f2s","article_modified_time":"2020-09-10T07:54:31+00:00","twitter_card":"summary_large_image","twitter_misc":{"Tiempo de lectura":"4 minutos"},"schema":{"@context":"https:\/\/schema.org","@graph":[{"@type":"WebPage","@id":"https:\/\/participa.lafontdencarros.es\/es\/politica-cookies\/","url":"https:\/\/participa.lafontdencarros.es\/es\/politica-cookies\/","name":"Politica cookies - Ajuntament Font d&#039;en Carr\u00f2s","isPartOf":{"@id":"\/#website"},"datePublished":"2020-09-10T07:54:30+00:00","dateModified":"2020-09-10T07:54:31+00:00","breadcrumb":{"@id":"https:\/\/participa.lafontdencarros.es\/es\/politica-cookies\/#breadcrumb"},"inLanguage":"es","potentialAction":[{"@type":"ReadAction","target":["https:\/\/participa.lafontdencarros.es\/es\/politica-cookies\/"]}]},{"@type":"BreadcrumbList","@id":"https:\/\/participa.lafontdencarros.es\/es\/politica-cookies\/#breadcrumb","itemListElement":[{"@type":"ListItem","position":1,"name":"Portada","item":"https:\/\/participa.lafontdencarros.es\/es\/"},{"@type":"ListItem","position":2,"name":"Politica cookies"}]},{"@type":"WebSite","@id":"\/#website","url":"\/","name":"Ajuntament Font d&#039;en Carr\u00f2s","description":"Otro sitio realizado con WordPress","publisher":{"@id":"\/#organization"},"potentialAction":[{"@type":"SearchAction","target":{"@type":"EntryPoint","urlTemplate":"\/?s={search_term_string}"},"query-input":{"@type":"PropertyValueSpecification","valueRequired":true,"valueName":"search_term_string"}}],"inLanguage":"es"},{"@type":"Organization","@id":"\/#organization","name":"Ajuntament Font d&#039;en Carr\u00f2s","url":"\/","logo":{"@type":"ImageObject","inLanguage":"es","@id":"\/#\/schema\/logo\/image\/","url":"https:\/\/participa.lafontdencarros.es\/wp-content\/uploads\/2022\/05\/logo_fontdencarros_participa-2022.jpg","contentUrl":"https:\/\/participa.lafontdencarros.es\/wp-content\/uploads\/2022\/05\/logo_fontdencarros_participa-2022.jpg","width":232,"height":84,"caption":"Ajuntament Font d&#039;en Carr\u00f2s"},"image":{"@id":"\/#\/schema\/logo\/image\/"}}]}},"_links":{"self":[{"href":"https:\/\/participa.lafontdencarros.es\/es\/wp-json\/wp\/v2\/pages\/921","targetHints":{"allow":["GET"]}}],"collection":[{"href":"https:\/\/participa.lafontdencarros.es\/es\/wp-json\/wp\/v2\/pages"}],"about":[{"href":"https:\/\/participa.lafontdencarros.es\/es\/wp-json\/wp\/v2\/types\/page"}],"author":[{"embeddable":true,"href":"https:\/\/participa.lafontdencarros.es\/es\/wp-json\/wp\/v2\/users\/1"}],"replies":[{"embeddable":true,"href":"https:\/\/participa.lafontdencarros.es\/es\/wp-json\/wp\/v2\/comments?post=921"}],"version-history":[{"count":1,"href":"https:\/\/participa.lafontdencarros.es\/es\/wp-json\/wp\/v2\/pages\/921\/revisions"}],"predecessor-version":[{"id":922,"href":"https:\/\/participa.lafontdencarros.es\/es\/wp-json\/wp\/v2\/pages\/921\/revisions\/922"}],"wp:attachment":[{"href":"https:\/\/participa.lafontdencarros.es\/es\/wp-json\/wp\/v2\/media?parent=921"}],"curies":[{"name":"wp","href":"https:\/\/api.w.org\/{rel}","templated":true}]}}