{"id":441,"date":"2020-08-26T11:58:45","date_gmt":"2020-08-26T11:58:45","guid":{"rendered":"http:\/\/fontdencarros.acceseo.com.es\/presupuestos-participativos-2020\/"},"modified":"2024-09-04T08:03:11","modified_gmt":"2024-09-04T06:03:11","slug":"presupuestos-participativos-2023","status":"publish","type":"page","link":"https:\/\/participa.lafontdencarros.es\/es\/presupuestos-participativos-2023\/","title":{"rendered":"Presupuestos Participativos 2023"},"content":{"rendered":"\t\t<div data-elementor-type=\"wp-page\" data-elementor-id=\"441\" class=\"elementor elementor-441 elementor-92\" data-elementor-post-type=\"page\">\n\t\t\t\t\t\t<section class=\"elementor-section elementor-top-section elementor-element elementor-element-69a2e76 elementor-section-full_width elementor-section-height-default elementor-section-height-default\" data-id=\"69a2e76\" data-element_type=\"section\" data-e-type=\"section\">\n\t\t\t\t\t\t<div class=\"elementor-container elementor-column-gap-default\">\n\t\t\t\t\t<div class=\"elementor-column elementor-col-100 elementor-top-column elementor-element elementor-element-b173024\" data-id=\"b173024\" data-element_type=\"column\" data-e-type=\"column\">\n\t\t\t<div class=\"elementor-widget-wrap elementor-element-populated\">\n\t\t\t\t\t\t<div class=\"elementor-element elementor-element-a76bbcf elementor-widget elementor-widget-text-editor\" data-id=\"a76bbcf\" data-element_type=\"widget\" data-e-type=\"widget\" data-widget_type=\"text-editor.default\">\n\t\t\t\t<div class=\"elementor-widget-container\">\n\t\t\t\t\t\t\t\t\t<p>Presupuestos Participativos 2023<\/p>\n\t\t\t\t\t\t\t\t<\/div>\n\t\t\t\t<\/div>\n\t\t\t\t<div class=\"elementor-element elementor-element-c9a079b elementor-widget elementor-widget-text-editor\" data-id=\"c9a079b\" data-element_type=\"widget\" data-e-type=\"widget\" data-widget_type=\"text-editor.default\">\n\t\t\t\t<div class=\"elementor-widget-container\">\n\t\t\t\t\t\t\t\t\t<p>Presupuestos Participativos de La Font d&#8217;en Carr\u00f2s (VI Edici\u00f3n):<br \/>\nPropuestas a votaci\u00f3n.<\/p>\n\t\t\t\t\t\t\t\t<\/div>\n\t\t\t\t<\/div>\n\t\t\t\t<section class=\"elementor-section elementor-inner-section elementor-element elementor-element-d2fec17 elementor-section-full_width elementor-section-height-default elementor-section-height-default\" data-id=\"d2fec17\" data-element_type=\"section\" data-e-type=\"section\">\n\t\t\t\t\t\t<div class=\"elementor-container elementor-column-gap-default\">\n\t\t\t\t\t<div class=\"elementor-column elementor-col-33 elementor-inner-column elementor-element elementor-element-fd69ace\" data-id=\"fd69ace\" data-element_type=\"column\" data-e-type=\"column\">\n\t\t\t<div class=\"elementor-widget-wrap elementor-element-populated\">\n\t\t\t\t\t\t<div class=\"elementor-element elementor-element-644f203 elementor-icon-list--layout-traditional elementor-list-item-link-full_width elementor-widget elementor-widget-icon-list\" data-id=\"644f203\" data-element_type=\"widget\" data-e-type=\"widget\" data-widget_type=\"icon-list.default\">\n\t\t\t\t<div class=\"elementor-widget-container\">\n\t\t\t\t\t\t\t<ul class=\"elementor-icon-list-items\">\n\t\t\t\t\t\t\t<li class=\"elementor-icon-list-item\">\n\t\t\t\t\t\t\t\t\t\t\t<span class=\"elementor-icon-list-icon\">\n\t\t\t\t\t\t\t<i aria-hidden=\"true\" class=\"fas fa-check\"><\/i>\t\t\t\t\t\t<\/span>\n\t\t\t\t\t\t\t\t\t\t<span class=\"elementor-icon-list-text\">REALIZAR MEJORAS EN LOS PARQUES INFANTILES (SOMBRAJOS, COLUMPIOS...)<\/span>\n\t\t\t\t\t\t\t\t\t<\/li>\n\t\t\t\t\t\t\t\t<li class=\"elementor-icon-list-item\">\n\t\t\t\t\t\t\t\t\t\t\t<span class=\"elementor-icon-list-icon\">\n\t\t\t\t\t\t\t<i aria-hidden=\"true\" class=\"fas fa-check\"><\/i>\t\t\t\t\t\t<\/span>\n\t\t\t\t\t\t\t\t\t\t<span class=\"elementor-icon-list-text\">REALIZAR MEJORAS AL GIMNASIO MUNICIPAL (MAQUINAS, MATERIAL, EQUIPO DE M\u00daSICA...)<\/span>\n\t\t\t\t\t\t\t\t\t<\/li>\n\t\t\t\t\t\t\t\t<li class=\"elementor-icon-list-item\">\n\t\t\t\t\t\t\t\t\t\t\t<span class=\"elementor-icon-list-icon\">\n\t\t\t\t\t\t\t<i aria-hidden=\"true\" class=\"fas fa-check\"><\/i>\t\t\t\t\t\t<\/span>\n\t\t\t\t\t\t\t\t\t\t<span class=\"elementor-icon-list-text\">REALIZAR MEJORAS EN EL EDIFICIO POLIVALENTE (CORTINAJE...)<\/span>\n\t\t\t\t\t\t\t\t\t<\/li>\n\t\t\t\t\t\t\t\t<li class=\"elementor-icon-list-item\">\n\t\t\t\t\t\t\t\t\t\t\t<span class=\"elementor-icon-list-icon\">\n\t\t\t\t\t\t\t<i aria-hidden=\"true\" class=\"fas fa-check\"><\/i>\t\t\t\t\t\t<\/span>\n\t\t\t\t\t\t\t\t\t\t<span class=\"elementor-icon-list-text\">ADQUISICI\u00d3N DE EQUIPACI\u00d3N PARA FIESTAS (MESAS, SILLAS, JAULAS PARA ALMACENAJE...)<\/span>\n\t\t\t\t\t\t\t\t\t<\/li>\n\t\t\t\t\t\t\t\t<li class=\"elementor-icon-list-item\">\n\t\t\t\t\t\t\t\t\t\t\t<span class=\"elementor-icon-list-icon\">\n\t\t\t\t\t\t\t<i aria-hidden=\"true\" class=\"fas fa-check\"><\/i>\t\t\t\t\t\t<\/span>\n\t\t\t\t\t\t\t\t\t\t<span class=\"elementor-icon-list-text\">RENOVAR EL ASFALTO DE LA SUBIDA AL CALVARIO<\/span>\n\t\t\t\t\t\t\t\t\t<\/li>\n\t\t\t\t\t\t<\/ul>\n\t\t\t\t\t\t<\/div>\n\t\t\t\t<\/div>\n\t\t\t\t\t<\/div>\n\t\t<\/div>\n\t\t\t\t<div class=\"elementor-column elementor-col-33 elementor-inner-column elementor-element elementor-element-e5fc2b8\" data-id=\"e5fc2b8\" data-element_type=\"column\" data-e-type=\"column\">\n\t\t\t<div class=\"elementor-widget-wrap elementor-element-populated\">\n\t\t\t\t\t\t<div class=\"elementor-element elementor-element-713fa6c elementor-icon-list--layout-traditional elementor-list-item-link-full_width elementor-widget elementor-widget-icon-list\" data-id=\"713fa6c\" data-element_type=\"widget\" data-e-type=\"widget\" data-widget_type=\"icon-list.default\">\n\t\t\t\t<div class=\"elementor-widget-container\">\n\t\t\t\t\t\t\t<ul class=\"elementor-icon-list-items\">\n\t\t\t\t\t\t\t<li class=\"elementor-icon-list-item\">\n\t\t\t\t\t\t\t\t\t\t\t<span class=\"elementor-icon-list-icon\">\n\t\t\t\t\t\t\t<i aria-hidden=\"true\" class=\"fas fa-check\"><\/i>\t\t\t\t\t\t<\/span>\n\t\t\t\t\t\t\t\t\t\t<span class=\"elementor-icon-list-text\">REALIZAR MEJORAS EN EL JARD\u00cdN DEL PARQUE DE LA MURALLA<\/span>\n\t\t\t\t\t\t\t\t\t<\/li>\n\t\t\t\t\t\t\t\t<li class=\"elementor-icon-list-item\">\n\t\t\t\t\t\t\t\t\t\t\t<span class=\"elementor-icon-list-icon\">\n\t\t\t\t\t\t\t<i aria-hidden=\"true\" class=\"fas fa-check\"><\/i>\t\t\t\t\t\t<\/span>\n\t\t\t\t\t\t\t\t\t\t<span class=\"elementor-icon-list-text\">AMPLIACI\u00d3N DE LA ZONA DE APARCAMIENTO EN EL RAFAL\u00cd Y OTRAS ZONAS PERIF\u00c9RI<\/span>\n\t\t\t\t\t\t\t\t\t<\/li>\n\t\t\t\t\t\t\t\t<li class=\"elementor-icon-list-item\">\n\t\t\t\t\t\t\t\t\t\t\t<span class=\"elementor-icon-list-icon\">\n\t\t\t\t\t\t\t<i aria-hidden=\"true\" class=\"fas fa-check\"><\/i>\t\t\t\t\t\t<\/span>\n\t\t\t\t\t\t\t\t\t\t<span class=\"elementor-icon-list-text\">CONTINUAR EL PAVIMENTO PARA PEATONES EN LA C\/ DELS ANGELS<\/span>\n\t\t\t\t\t\t\t\t\t<\/li>\n\t\t\t\t\t\t\t\t<li class=\"elementor-icon-list-item\">\n\t\t\t\t\t\t\t\t\t\t\t<span class=\"elementor-icon-list-icon\">\n\t\t\t\t\t\t\t<i aria-hidden=\"true\" class=\"fas fa-check\"><\/i>\t\t\t\t\t\t<\/span>\n\t\t\t\t\t\t\t\t\t\t<span class=\"elementor-icon-list-text\">CONTINUAR EL PAVIMENTO PARA PEATONES EN LA C\/ LA PAU<\/span>\n\t\t\t\t\t\t\t\t\t<\/li>\n\t\t\t\t\t\t\t\t<li class=\"elementor-icon-list-item\">\n\t\t\t\t\t\t\t\t\t\t\t<span class=\"elementor-icon-list-icon\">\n\t\t\t\t\t\t\t<i aria-hidden=\"true\" class=\"fas fa-check\"><\/i>\t\t\t\t\t\t<\/span>\n\t\t\t\t\t\t\t\t\t\t<span class=\"elementor-icon-list-text\">ADQUISICI\u00d3N DE TIERRAS PARA DISPONER DE HUERTOS COMUNITARIOS<\/span>\n\t\t\t\t\t\t\t\t\t<\/li>\n\t\t\t\t\t\t<\/ul>\n\t\t\t\t\t\t<\/div>\n\t\t\t\t<\/div>\n\t\t\t\t\t<\/div>\n\t\t<\/div>\n\t\t\t\t<div class=\"elementor-column elementor-col-33 elementor-inner-column elementor-element elementor-element-1bf49b9\" data-id=\"1bf49b9\" data-element_type=\"column\" data-e-type=\"column\">\n\t\t\t<div class=\"elementor-widget-wrap elementor-element-populated\">\n\t\t\t\t\t\t<div class=\"elementor-element elementor-element-6983ccb elementor-icon-list--layout-traditional elementor-list-item-link-full_width elementor-widget elementor-widget-icon-list\" data-id=\"6983ccb\" data-element_type=\"widget\" data-e-type=\"widget\" data-widget_type=\"icon-list.default\">\n\t\t\t\t<div class=\"elementor-widget-container\">\n\t\t\t\t\t\t\t<ul class=\"elementor-icon-list-items\">\n\t\t\t\t\t\t\t<li class=\"elementor-icon-list-item\">\n\t\t\t\t\t\t\t\t\t\t\t<span class=\"elementor-icon-list-icon\">\n\t\t\t\t\t\t\t<i aria-hidden=\"true\" class=\"fas fa-check\"><\/i>\t\t\t\t\t\t<\/span>\n\t\t\t\t\t\t\t\t\t\t<span class=\"elementor-icon-list-text\">ADEQUACI\u00d3N DE ACERAS Y DEM\u00c1S ACCESOS PARA LA MEJORA DE LA ACCESIBILIDAD<\/span>\n\t\t\t\t\t\t\t\t\t<\/li>\n\t\t\t\t\t\t\t\t<li class=\"elementor-icon-list-item\">\n\t\t\t\t\t\t\t\t\t\t\t<span class=\"elementor-icon-list-icon\">\n\t\t\t\t\t\t\t<i aria-hidden=\"true\" class=\"fas fa-check\"><\/i>\t\t\t\t\t\t<\/span>\n\t\t\t\t\t\t\t\t\t\t<span class=\"elementor-icon-list-text\">INSTALACI\u00d3N DE BANCOS EN LAS ACERAS ANCHAS DEL PUEBLO<\/span>\n\t\t\t\t\t\t\t\t\t<\/li>\n\t\t\t\t\t\t\t\t<li class=\"elementor-icon-list-item\">\n\t\t\t\t\t\t\t\t\t\t\t<span class=\"elementor-icon-list-icon\">\n\t\t\t\t\t\t\t<i aria-hidden=\"true\" class=\"fas fa-check\"><\/i>\t\t\t\t\t\t<\/span>\n\t\t\t\t\t\t\t\t\t\t<span class=\"elementor-icon-list-text\">RECREACI\u00d3N DE LA ANTIGUA FUENTE  \u201cDELS XORROS\u201d EN EL JARD\u00cdN DE LA C\/ CONSTITUCI\u00d3<\/span>\n\t\t\t\t\t\t\t\t\t<\/li>\n\t\t\t\t\t\t<\/ul>\n\t\t\t\t\t\t<\/div>\n\t\t\t\t<\/div>\n\t\t\t\t\t<\/div>\n\t\t<\/div>\n\t\t\t\t\t<\/div>\n\t\t<\/section>\n\t\t\t\t\t<\/div>\n\t\t<\/div>\n\t\t\t\t\t<\/div>\n\t\t<\/section>\n\t\t\t\t<section class=\"elementor-section elementor-top-section elementor-element elementor-element-573b43c elementor-section-full_width elementor-section-height-default elementor-section-height-default\" data-id=\"573b43c\" data-element_type=\"section\" data-e-type=\"section\" id=\"resultats\">\n\t\t\t\t\t\t<div class=\"elementor-container elementor-column-gap-default\">\n\t\t\t\t\t<div class=\"elementor-column elementor-col-50 elementor-top-column elementor-element elementor-element-33a21e5\" data-id=\"33a21e5\" data-element_type=\"column\" data-e-type=\"column\">\n\t\t\t<div class=\"elementor-widget-wrap elementor-element-populated\">\n\t\t\t\t\t\t<div class=\"elementor-element elementor-element-0fe5bea elementor-widget elementor-widget-text-editor\" data-id=\"0fe5bea\" data-element_type=\"widget\" data-e-type=\"widget\" data-widget_type=\"text-editor.default\">\n\t\t\t\t<div class=\"elementor-widget-container\">\n\t\t\t\t\t\t\t\t\t<p>Resultados Procesos Participativos<\/p>\n\t\t\t\t\t\t\t\t<\/div>\n\t\t\t\t<\/div>\n\t\t\t\t\t<\/div>\n\t\t<\/div>\n\t\t\t\t<div class=\"elementor-column elementor-col-50 elementor-top-column elementor-element elementor-element-6cbc6e1\" data-id=\"6cbc6e1\" data-element_type=\"column\" data-e-type=\"column\">\n\t\t\t<div class=\"elementor-widget-wrap elementor-element-populated\">\n\t\t\t\t\t\t<div class=\"elementor-element elementor-element-a94017a dce_masking-none elementor-widget elementor-widget-image\" data-id=\"a94017a\" data-element_type=\"widget\" data-e-type=\"widget\" data-widget_type=\"image.default\">\n\t\t\t\t<div class=\"elementor-widget-container\">\n\t\t\t\t\t\t\t\t\t\t\t\t\t\t\t\t<a href=\"https:\/\/participa.lafontdencarros.es\/wp-content\/uploads\/2023\/10\/resultats-votacio-la-font-2023.jpg\" data-elementor-open-lightbox=\"yes\" data-elementor-lightbox-title=\"resultats-votacio-la-font-2023\" data-e-action-hash=\"#elementor-action%3Aaction%3Dlightbox%26settings%3DeyJpZCI6MTcxNywidXJsIjoiaHR0cHM6XC9cL3BhcnRpY2lwYS5sYWZvbnRkZW5jYXJyb3MuZXNcL3dwLWNvbnRlbnRcL3VwbG9hZHNcLzIwMjNcLzEwXC9yZXN1bHRhdHMtdm90YWNpby1sYS1mb250LTIwMjMuanBnIn0%3D\">\n\t\t\t\t\t\t\t<img fetchpriority=\"high\" decoding=\"async\" width=\"1920\" height=\"1357\" src=\"https:\/\/participa.lafontdencarros.es\/wp-content\/uploads\/2023\/10\/resultats-votacio-la-font-2023.jpg\" class=\"attachment-full size-full wp-image-1717\" alt=\"\" srcset=\"https:\/\/participa.lafontdencarros.es\/wp-content\/uploads\/2023\/10\/resultats-votacio-la-font-2023.jpg 1920w, https:\/\/participa.lafontdencarros.es\/wp-content\/uploads\/2023\/10\/resultats-votacio-la-font-2023-300x212.jpg 300w, https:\/\/participa.lafontdencarros.es\/wp-content\/uploads\/2023\/10\/resultats-votacio-la-font-2023-1024x724.jpg 1024w, https:\/\/participa.lafontdencarros.es\/wp-content\/uploads\/2023\/10\/resultats-votacio-la-font-2023-768x543.jpg 768w, https:\/\/participa.lafontdencarros.es\/wp-content\/uploads\/2023\/10\/resultats-votacio-la-font-2023-1536x1086.jpg 1536w\" sizes=\"(max-width: 1920px) 100vw, 1920px\" \/>\t\t\t\t\t\t\t\t<\/a>\n\t\t\t\t\t\t\t\t\t\t\t\t\t\t\t<\/div>\n\t\t\t\t<\/div>\n\t\t\t\t\t<\/div>\n\t\t<\/div>\n\t\t\t\t\t<\/div>\n\t\t<\/section>\n\t\t\t\t<\/div>\n\t\t","protected":false},"excerpt":{"rendered":"<p>Presupuestos Participativos 2023 Presupuestos Participativos de La Font d&#8217;en Carr\u00f2s (VI Edici\u00f3n): Propuestas a votaci\u00f3n. REALIZAR MEJORAS EN LOS PARQUES INFANTILES (SOMBRAJOS, COLUMPIOS&#8230;) REALIZAR MEJORAS AL GIMNASIO MUNICIPAL (MAQUINAS, MATERIAL, EQUIPO DE M\u00daSICA&#8230;) REALIZAR MEJORAS EN EL EDIFICIO POLIVALENTE (CORTINAJE&#8230;) ADQUISICI\u00d3N DE EQUIPACI\u00d3N PARA FIESTAS (MESAS, SILLAS, JAULAS PARA ALMACENAJE&#8230;) RENOVAR EL ASFALTO DE LA [&hellip;]<\/p>\n","protected":false},"author":1,"featured_media":0,"parent":0,"menu_order":0,"comment_status":"closed","ping_status":"closed","template":"elementor_header_footer","meta":{"_acf_changed":false,"footnotes":""},"class_list":["post-441","page","type-page","status-publish","hentry"],"acf":[],"yoast_head":"<!-- This site is optimized with the Yoast SEO plugin v27.2 - https:\/\/yoast.com\/product\/yoast-seo-wordpress\/ -->\n<title>Presupuestos Participativos 2023 - Ajuntament Font d&#039;en Carr\u00f2s<\/title>\n<meta name=\"robots\" content=\"index, follow, max-snippet:-1, max-image-preview:large, max-video-preview:-1\" \/>\n<link rel=\"canonical\" href=\"https:\/\/participa.lafontdencarros.es\/es\/presupuestos-participativos-2023\/\" \/>\n<meta property=\"og:locale\" content=\"es_ES\" \/>\n<meta property=\"og:type\" content=\"article\" \/>\n<meta property=\"og:title\" content=\"Presupuestos Participativos 2023 - Ajuntament Font d&#039;en Carr\u00f2s\" \/>\n<meta property=\"og:description\" content=\"Presupuestos Participativos 2023 Presupuestos Participativos de La Font d&#8217;en Carr\u00f2s (VI Edici\u00f3n): Propuestas a votaci\u00f3n. REALIZAR MEJORAS EN LOS PARQUES INFANTILES (SOMBRAJOS, COLUMPIOS&#8230;) REALIZAR MEJORAS AL GIMNASIO MUNICIPAL (MAQUINAS, MATERIAL, EQUIPO DE M\u00daSICA&#8230;) REALIZAR MEJORAS EN EL EDIFICIO POLIVALENTE (CORTINAJE&#8230;) ADQUISICI\u00d3N DE EQUIPACI\u00d3N PARA FIESTAS (MESAS, SILLAS, JAULAS PARA ALMACENAJE&#8230;) RENOVAR EL ASFALTO DE LA [&hellip;]\" \/>\n<meta property=\"og:url\" content=\"https:\/\/participa.lafontdencarros.es\/es\/presupuestos-participativos-2023\/\" \/>\n<meta property=\"og:site_name\" content=\"Ajuntament Font d&#039;en Carr\u00f2s\" \/>\n<meta property=\"article:modified_time\" content=\"2024-09-04T06:03:11+00:00\" \/>\n<meta property=\"og:image\" content=\"https:\/\/participa.lafontdencarros.es\/wp-content\/uploads\/2023\/10\/resultats-votacio-la-font-2023.jpg\" \/>\n<meta name=\"twitter:card\" content=\"summary_large_image\" \/>\n<meta name=\"twitter:label1\" content=\"Tiempo de lectura\" \/>\n\t<meta name=\"twitter:data1\" content=\"1 minuto\" \/>\n<script type=\"application\/ld+json\" class=\"yoast-schema-graph\">{\"@context\":\"https:\/\/schema.org\",\"@graph\":[{\"@type\":\"WebPage\",\"@id\":\"https:\/\/participa.lafontdencarros.es\/es\/presupuestos-participativos-2023\/\",\"url\":\"https:\/\/participa.lafontdencarros.es\/es\/presupuestos-participativos-2023\/\",\"name\":\"Presupuestos Participativos 2023 - Ajuntament Font d&#039;en Carr\u00f2s\",\"isPartOf\":{\"@id\":\"\/#website\"},\"primaryImageOfPage\":{\"@id\":\"https:\/\/participa.lafontdencarros.es\/es\/presupuestos-participativos-2023\/#primaryimage\"},\"image\":{\"@id\":\"https:\/\/participa.lafontdencarros.es\/es\/presupuestos-participativos-2023\/#primaryimage\"},\"thumbnailUrl\":\"https:\/\/participa.lafontdencarros.es\/wp-content\/uploads\/2023\/10\/resultats-votacio-la-font-2023.jpg\",\"datePublished\":\"2020-08-26T11:58:45+00:00\",\"dateModified\":\"2024-09-04T06:03:11+00:00\",\"breadcrumb\":{\"@id\":\"https:\/\/participa.lafontdencarros.es\/es\/presupuestos-participativos-2023\/#breadcrumb\"},\"inLanguage\":\"es\",\"potentialAction\":[{\"@type\":\"ReadAction\",\"target\":[\"https:\/\/participa.lafontdencarros.es\/es\/presupuestos-participativos-2023\/\"]}]},{\"@type\":\"ImageObject\",\"inLanguage\":\"es\",\"@id\":\"https:\/\/participa.lafontdencarros.es\/es\/presupuestos-participativos-2023\/#primaryimage\",\"url\":\"https:\/\/participa.lafontdencarros.es\/wp-content\/uploads\/2023\/10\/resultats-votacio-la-font-2023.jpg\",\"contentUrl\":\"https:\/\/participa.lafontdencarros.es\/wp-content\/uploads\/2023\/10\/resultats-votacio-la-font-2023.jpg\"},{\"@type\":\"BreadcrumbList\",\"@id\":\"https:\/\/participa.lafontdencarros.es\/es\/presupuestos-participativos-2023\/#breadcrumb\",\"itemListElement\":[{\"@type\":\"ListItem\",\"position\":1,\"name\":\"Portada\",\"item\":\"https:\/\/participa.lafontdencarros.es\/es\/\"},{\"@type\":\"ListItem\",\"position\":2,\"name\":\"Presupuestos Participativos 2023\"}]},{\"@type\":\"WebSite\",\"@id\":\"\/#website\",\"url\":\"\/\",\"name\":\"Ajuntament Font d&#039;en Carr\u00f2s\",\"description\":\"Otro sitio realizado con WordPress\",\"publisher\":{\"@id\":\"\/#organization\"},\"potentialAction\":[{\"@type\":\"SearchAction\",\"target\":{\"@type\":\"EntryPoint\",\"urlTemplate\":\"\/?s={search_term_string}\"},\"query-input\":{\"@type\":\"PropertyValueSpecification\",\"valueRequired\":true,\"valueName\":\"search_term_string\"}}],\"inLanguage\":\"es\"},{\"@type\":\"Organization\",\"@id\":\"\/#organization\",\"name\":\"Ajuntament Font d&#039;en Carr\u00f2s\",\"url\":\"\/\",\"logo\":{\"@type\":\"ImageObject\",\"inLanguage\":\"es\",\"@id\":\"\/#\/schema\/logo\/image\/\",\"url\":\"https:\/\/participa.lafontdencarros.es\/wp-content\/uploads\/2022\/05\/logo_fontdencarros_participa-2022.jpg\",\"contentUrl\":\"https:\/\/participa.lafontdencarros.es\/wp-content\/uploads\/2022\/05\/logo_fontdencarros_participa-2022.jpg\",\"width\":232,\"height\":84,\"caption\":\"Ajuntament Font d&#039;en Carr\u00f2s\"},\"image\":{\"@id\":\"\/#\/schema\/logo\/image\/\"}}]}<\/script>\n<!-- \/ Yoast SEO plugin. -->","yoast_head_json":{"title":"Presupuestos Participativos 2023 - Ajuntament Font d&#039;en Carr\u00f2s","robots":{"index":"index","follow":"follow","max-snippet":"max-snippet:-1","max-image-preview":"max-image-preview:large","max-video-preview":"max-video-preview:-1"},"canonical":"https:\/\/participa.lafontdencarros.es\/es\/presupuestos-participativos-2023\/","og_locale":"es_ES","og_type":"article","og_title":"Presupuestos Participativos 2023 - Ajuntament Font d&#039;en Carr\u00f2s","og_description":"Presupuestos Participativos 2023 Presupuestos Participativos de La Font d&#8217;en Carr\u00f2s (VI Edici\u00f3n): Propuestas a votaci\u00f3n. REALIZAR MEJORAS EN LOS PARQUES INFANTILES (SOMBRAJOS, COLUMPIOS&#8230;) REALIZAR MEJORAS AL GIMNASIO MUNICIPAL (MAQUINAS, MATERIAL, EQUIPO DE M\u00daSICA&#8230;) REALIZAR MEJORAS EN EL EDIFICIO POLIVALENTE (CORTINAJE&#8230;) ADQUISICI\u00d3N DE EQUIPACI\u00d3N PARA FIESTAS (MESAS, SILLAS, JAULAS PARA ALMACENAJE&#8230;) RENOVAR EL ASFALTO DE LA [&hellip;]","og_url":"https:\/\/participa.lafontdencarros.es\/es\/presupuestos-participativos-2023\/","og_site_name":"Ajuntament Font d&#039;en Carr\u00f2s","article_modified_time":"2024-09-04T06:03:11+00:00","og_image":[{"url":"https:\/\/participa.lafontdencarros.es\/wp-content\/uploads\/2023\/10\/resultats-votacio-la-font-2023.jpg","type":"","width":"","height":""}],"twitter_card":"summary_large_image","twitter_misc":{"Tiempo de lectura":"1 minuto"},"schema":{"@context":"https:\/\/schema.org","@graph":[{"@type":"WebPage","@id":"https:\/\/participa.lafontdencarros.es\/es\/presupuestos-participativos-2023\/","url":"https:\/\/participa.lafontdencarros.es\/es\/presupuestos-participativos-2023\/","name":"Presupuestos Participativos 2023 - Ajuntament Font d&#039;en Carr\u00f2s","isPartOf":{"@id":"\/#website"},"primaryImageOfPage":{"@id":"https:\/\/participa.lafontdencarros.es\/es\/presupuestos-participativos-2023\/#primaryimage"},"image":{"@id":"https:\/\/participa.lafontdencarros.es\/es\/presupuestos-participativos-2023\/#primaryimage"},"thumbnailUrl":"https:\/\/participa.lafontdencarros.es\/wp-content\/uploads\/2023\/10\/resultats-votacio-la-font-2023.jpg","datePublished":"2020-08-26T11:58:45+00:00","dateModified":"2024-09-04T06:03:11+00:00","breadcrumb":{"@id":"https:\/\/participa.lafontdencarros.es\/es\/presupuestos-participativos-2023\/#breadcrumb"},"inLanguage":"es","potentialAction":[{"@type":"ReadAction","target":["https:\/\/participa.lafontdencarros.es\/es\/presupuestos-participativos-2023\/"]}]},{"@type":"ImageObject","inLanguage":"es","@id":"https:\/\/participa.lafontdencarros.es\/es\/presupuestos-participativos-2023\/#primaryimage","url":"https:\/\/participa.lafontdencarros.es\/wp-content\/uploads\/2023\/10\/resultats-votacio-la-font-2023.jpg","contentUrl":"https:\/\/participa.lafontdencarros.es\/wp-content\/uploads\/2023\/10\/resultats-votacio-la-font-2023.jpg"},{"@type":"BreadcrumbList","@id":"https:\/\/participa.lafontdencarros.es\/es\/presupuestos-participativos-2023\/#breadcrumb","itemListElement":[{"@type":"ListItem","position":1,"name":"Portada","item":"https:\/\/participa.lafontdencarros.es\/es\/"},{"@type":"ListItem","position":2,"name":"Presupuestos Participativos 2023"}]},{"@type":"WebSite","@id":"\/#website","url":"\/","name":"Ajuntament Font d&#039;en Carr\u00f2s","description":"Otro sitio realizado con WordPress","publisher":{"@id":"\/#organization"},"potentialAction":[{"@type":"SearchAction","target":{"@type":"EntryPoint","urlTemplate":"\/?s={search_term_string}"},"query-input":{"@type":"PropertyValueSpecification","valueRequired":true,"valueName":"search_term_string"}}],"inLanguage":"es"},{"@type":"Organization","@id":"\/#organization","name":"Ajuntament Font d&#039;en Carr\u00f2s","url":"\/","logo":{"@type":"ImageObject","inLanguage":"es","@id":"\/#\/schema\/logo\/image\/","url":"https:\/\/participa.lafontdencarros.es\/wp-content\/uploads\/2022\/05\/logo_fontdencarros_participa-2022.jpg","contentUrl":"https:\/\/participa.lafontdencarros.es\/wp-content\/uploads\/2022\/05\/logo_fontdencarros_participa-2022.jpg","width":232,"height":84,"caption":"Ajuntament Font d&#039;en Carr\u00f2s"},"image":{"@id":"\/#\/schema\/logo\/image\/"}}]}},"_links":{"self":[{"href":"https:\/\/participa.lafontdencarros.es\/es\/wp-json\/wp\/v2\/pages\/441","targetHints":{"allow":["GET"]}}],"collection":[{"href":"https:\/\/participa.lafontdencarros.es\/es\/wp-json\/wp\/v2\/pages"}],"about":[{"href":"https:\/\/participa.lafontdencarros.es\/es\/wp-json\/wp\/v2\/types\/page"}],"author":[{"embeddable":true,"href":"https:\/\/participa.lafontdencarros.es\/es\/wp-json\/wp\/v2\/users\/1"}],"replies":[{"embeddable":true,"href":"https:\/\/participa.lafontdencarros.es\/es\/wp-json\/wp\/v2\/comments?post=441"}],"version-history":[{"count":63,"href":"https:\/\/participa.lafontdencarros.es\/es\/wp-json\/wp\/v2\/pages\/441\/revisions"}],"predecessor-version":[{"id":1749,"href":"https:\/\/participa.lafontdencarros.es\/es\/wp-json\/wp\/v2\/pages\/441\/revisions\/1749"}],"wp:attachment":[{"href":"https:\/\/participa.lafontdencarros.es\/es\/wp-json\/wp\/v2\/media?parent=441"}],"curies":[{"name":"wp","href":"https:\/\/api.w.org\/{rel}","templated":true}]}}