{"id":1575,"date":"2023-08-08T07:13:45","date_gmt":"2023-08-08T05:13:45","guid":{"rendered":"https:\/\/participa.lafontdencarros.es\/presupuestos-participativos-2022\/"},"modified":"2023-08-08T07:13:46","modified_gmt":"2023-08-08T05:13:46","slug":"presupuestos-participativos-2022","status":"publish","type":"page","link":"https:\/\/participa.lafontdencarros.es\/es\/presupuestos-participativos-2022\/","title":{"rendered":"Presupuestos participativos 2022"},"content":{"rendered":"\t\t<div data-elementor-type=\"wp-page\" data-elementor-id=\"1575\" class=\"elementor elementor-1575 elementor-1548\" data-elementor-post-type=\"page\">\n\t\t\t\t\t\t<section class=\"elementor-section elementor-top-section elementor-element elementor-element-6faa444 elementor-section-full_width elementor-section-height-default elementor-section-height-default\" data-id=\"6faa444\" data-element_type=\"section\" data-e-type=\"section\">\n\t\t\t\t\t\t<div class=\"elementor-container elementor-column-gap-default\">\n\t\t\t\t\t<div class=\"elementor-column elementor-col-100 elementor-top-column elementor-element elementor-element-ae5271e\" data-id=\"ae5271e\" data-element_type=\"column\" data-e-type=\"column\">\n\t\t\t<div class=\"elementor-widget-wrap elementor-element-populated\">\n\t\t\t\t\t\t<div class=\"elementor-element elementor-element-9fd82ab elementor-widget elementor-widget-text-editor\" data-id=\"9fd82ab\" data-element_type=\"widget\" data-e-type=\"widget\" data-widget_type=\"text-editor.default\">\n\t\t\t\t<div class=\"elementor-widget-container\">\n\t\t\t\t\t\t\t\t\t<p>Presupuestos participativos 2022<\/p>\n\t\t\t\t\t\t\t\t<\/div>\n\t\t\t\t<\/div>\n\t\t\t\t<div class=\"elementor-element elementor-element-81af996 elementor-widget elementor-widget-text-editor\" data-id=\"81af996\" data-element_type=\"widget\" data-e-type=\"widget\" data-widget_type=\"text-editor.default\">\n\t\t\t\t<div class=\"elementor-widget-container\">\n\t\t\t\t\t\t\t\t\t<p>Presupuestos Participativos de La Font d&#8217;en Carr\u00f2s (V Edici\u00f3n):<br \/>\nPropuestas a votaci\u00f3n.<\/p>\n\t\t\t\t\t\t\t\t<\/div>\n\t\t\t\t<\/div>\n\t\t\t\t<section class=\"elementor-section elementor-inner-section elementor-element elementor-element-97c55b1 elementor-section-full_width elementor-section-height-default elementor-section-height-default\" data-id=\"97c55b1\" data-element_type=\"section\" data-e-type=\"section\">\n\t\t\t\t\t\t<div class=\"elementor-container elementor-column-gap-default\">\n\t\t\t\t\t<div class=\"elementor-column elementor-col-33 elementor-inner-column elementor-element elementor-element-e3d087e\" data-id=\"e3d087e\" data-element_type=\"column\" data-e-type=\"column\">\n\t\t\t<div class=\"elementor-widget-wrap elementor-element-populated\">\n\t\t\t\t\t\t<div class=\"elementor-element elementor-element-83616de elementor-icon-list--layout-traditional elementor-list-item-link-full_width elementor-widget elementor-widget-icon-list\" data-id=\"83616de\" data-element_type=\"widget\" data-e-type=\"widget\" data-widget_type=\"icon-list.default\">\n\t\t\t\t<div class=\"elementor-widget-container\">\n\t\t\t\t\t\t\t<ul class=\"elementor-icon-list-items\">\n\t\t\t\t\t\t\t<li class=\"elementor-icon-list-item\">\n\t\t\t\t\t\t\t\t\t\t\t<span class=\"elementor-icon-list-icon\">\n\t\t\t\t\t\t\t<i aria-hidden=\"true\" class=\"fas fa-check\"><\/i>\t\t\t\t\t\t<\/span>\n\t\t\t\t\t\t\t\t\t\t<span class=\"elementor-icon-list-text\">Roc\u00f3dromo al aire libre en polideportivo<\/span>\n\t\t\t\t\t\t\t\t\t<\/li>\n\t\t\t\t\t\t\t\t<li class=\"elementor-icon-list-item\">\n\t\t\t\t\t\t\t\t\t\t\t<span class=\"elementor-icon-list-icon\">\n\t\t\t\t\t\t\t<i aria-hidden=\"true\" class=\"fas fa-check\"><\/i>\t\t\t\t\t\t<\/span>\n\t\t\t\t\t\t\t\t\t\t<span class=\"elementor-icon-list-text\">Remodelaci\u00f3n de un espacio para hogar juvenil<\/span>\n\t\t\t\t\t\t\t\t\t<\/li>\n\t\t\t\t\t\t\t\t<li class=\"elementor-icon-list-item\">\n\t\t\t\t\t\t\t\t\t\t\t<span class=\"elementor-icon-list-icon\">\n\t\t\t\t\t\t\t<i aria-hidden=\"true\" class=\"fas fa-check\"><\/i>\t\t\t\t\t\t<\/span>\n\t\t\t\t\t\t\t\t\t\t<span class=\"elementor-icon-list-text\">Sombrajes en el parque \"Tirant i Camersina\"<\/span>\n\t\t\t\t\t\t\t\t\t<\/li>\n\t\t\t\t\t\t\t\t<li class=\"elementor-icon-list-item\">\n\t\t\t\t\t\t\t\t\t\t\t<span class=\"elementor-icon-list-icon\">\n\t\t\t\t\t\t\t<i aria-hidden=\"true\" class=\"fas fa-check\"><\/i>\t\t\t\t\t\t<\/span>\n\t\t\t\t\t\t\t\t\t\t<span class=\"elementor-icon-list-text\">Obras en la v\u00eda ciclopeatonal en la plana<\/span>\n\t\t\t\t\t\t\t\t\t<\/li>\n\t\t\t\t\t\t\t\t<li class=\"elementor-icon-list-item\">\n\t\t\t\t\t\t\t\t\t\t\t<span class=\"elementor-icon-list-icon\">\n\t\t\t\t\t\t\t<i aria-hidden=\"true\" class=\"fas fa-check\"><\/i>\t\t\t\t\t\t<\/span>\n\t\t\t\t\t\t\t\t\t\t<span class=\"elementor-icon-list-text\">Asfaltar el camino de les \"Encreuades\"<\/span>\n\t\t\t\t\t\t\t\t\t<\/li>\n\t\t\t\t\t\t<\/ul>\n\t\t\t\t\t\t<\/div>\n\t\t\t\t<\/div>\n\t\t\t\t\t<\/div>\n\t\t<\/div>\n\t\t\t\t<div class=\"elementor-column elementor-col-33 elementor-inner-column elementor-element elementor-element-e38eed0\" data-id=\"e38eed0\" data-element_type=\"column\" data-e-type=\"column\">\n\t\t\t<div class=\"elementor-widget-wrap elementor-element-populated\">\n\t\t\t\t\t\t<div class=\"elementor-element elementor-element-3958f8b elementor-icon-list--layout-traditional elementor-list-item-link-full_width elementor-widget elementor-widget-icon-list\" data-id=\"3958f8b\" data-element_type=\"widget\" data-e-type=\"widget\" data-widget_type=\"icon-list.default\">\n\t\t\t\t<div class=\"elementor-widget-container\">\n\t\t\t\t\t\t\t<ul class=\"elementor-icon-list-items\">\n\t\t\t\t\t\t\t<li class=\"elementor-icon-list-item\">\n\t\t\t\t\t\t\t\t\t\t\t<span class=\"elementor-icon-list-icon\">\n\t\t\t\t\t\t\t<i aria-hidden=\"true\" class=\"fas fa-check\"><\/i>\t\t\t\t\t\t<\/span>\n\t\t\t\t\t\t\t\t\t\t<span class=\"elementor-icon-list-text\">Continuaci\u00f3n de las obras del trinquet<\/span>\n\t\t\t\t\t\t\t\t\t<\/li>\n\t\t\t\t\t\t\t\t<li class=\"elementor-icon-list-item\">\n\t\t\t\t\t\t\t\t\t\t\t<span class=\"elementor-icon-list-icon\">\n\t\t\t\t\t\t\t<i aria-hidden=\"true\" class=\"fas fa-check\"><\/i>\t\t\t\t\t\t<\/span>\n\t\t\t\t\t\t\t\t\t\t<span class=\"elementor-icon-list-text\">Creaci\u00f3n de un refugio de animales<\/span>\n\t\t\t\t\t\t\t\t\t<\/li>\n\t\t\t\t\t\t\t\t<li class=\"elementor-icon-list-item\">\n\t\t\t\t\t\t\t\t\t\t\t<span class=\"elementor-icon-list-icon\">\n\t\t\t\t\t\t\t<i aria-hidden=\"true\" class=\"fas fa-check\"><\/i>\t\t\t\t\t\t<\/span>\n\t\t\t\t\t\t\t\t\t\t<span class=\"elementor-icon-list-text\">Adecuaci\u00f3n de aceras y mejoras de accesibilidad<\/span>\n\t\t\t\t\t\t\t\t\t<\/li>\n\t\t\t\t\t\t\t\t<li class=\"elementor-icon-list-item\">\n\t\t\t\t\t\t\t\t\t\t\t<span class=\"elementor-icon-list-icon\">\n\t\t\t\t\t\t\t<i aria-hidden=\"true\" class=\"fas fa-check\"><\/i>\t\t\t\t\t\t<\/span>\n\t\t\t\t\t\t\t\t\t\t<span class=\"elementor-icon-list-text\">Instalaci\u00f3n de m\u00e1quinas de gimnasio al aire libre<\/span>\n\t\t\t\t\t\t\t\t\t<\/li>\n\t\t\t\t\t\t\t\t<li class=\"elementor-icon-list-item\">\n\t\t\t\t\t\t\t\t\t\t\t<span class=\"elementor-icon-list-icon\">\n\t\t\t\t\t\t\t<i aria-hidden=\"true\" class=\"fas fa-check\"><\/i>\t\t\t\t\t\t<\/span>\n\t\t\t\t\t\t\t\t\t\t<span class=\"elementor-icon-list-text\">Instalaci\u00f3n de c\u00e1maras de videovigilancia<\/span>\n\t\t\t\t\t\t\t\t\t<\/li>\n\t\t\t\t\t\t<\/ul>\n\t\t\t\t\t\t<\/div>\n\t\t\t\t<\/div>\n\t\t\t\t\t<\/div>\n\t\t<\/div>\n\t\t\t\t<div class=\"elementor-column elementor-col-33 elementor-inner-column elementor-element elementor-element-8102acb\" data-id=\"8102acb\" data-element_type=\"column\" data-e-type=\"column\">\n\t\t\t<div class=\"elementor-widget-wrap elementor-element-populated\">\n\t\t\t\t\t\t<div class=\"elementor-element elementor-element-7e1b038 elementor-icon-list--layout-traditional elementor-list-item-link-full_width elementor-widget elementor-widget-icon-list\" data-id=\"7e1b038\" data-element_type=\"widget\" data-e-type=\"widget\" data-widget_type=\"icon-list.default\">\n\t\t\t\t<div class=\"elementor-widget-container\">\n\t\t\t\t\t\t\t<ul class=\"elementor-icon-list-items\">\n\t\t\t\t\t\t\t<li class=\"elementor-icon-list-item\">\n\t\t\t\t\t\t\t\t\t\t\t<span class=\"elementor-icon-list-icon\">\n\t\t\t\t\t\t\t<i aria-hidden=\"true\" class=\"fas fa-check\"><\/i>\t\t\t\t\t\t<\/span>\n\t\t\t\t\t\t\t\t\t\t<span class=\"elementor-icon-list-text\">Tierras para disponer de huertos comunitarios<\/span>\n\t\t\t\t\t\t\t\t\t<\/li>\n\t\t\t\t\t\t\t\t<li class=\"elementor-icon-list-item\">\n\t\t\t\t\t\t\t\t\t\t\t<span class=\"elementor-icon-list-icon\">\n\t\t\t\t\t\t\t<i aria-hidden=\"true\" class=\"fas fa-check\"><\/i>\t\t\t\t\t\t<\/span>\n\t\t\t\t\t\t\t\t\t\t<span class=\"elementor-icon-list-text\">Ampliaci\u00f3n del parque de perros<\/span>\n\t\t\t\t\t\t\t\t\t<\/li>\n\t\t\t\t\t\t\t\t<li class=\"elementor-icon-list-item\">\n\t\t\t\t\t\t\t\t\t\t\t<span class=\"elementor-icon-list-icon\">\n\t\t\t\t\t\t\t<i aria-hidden=\"true\" class=\"fas fa-check\"><\/i>\t\t\t\t\t\t<\/span>\n\t\t\t\t\t\t\t\t\t\t<span class=\"elementor-icon-list-text\">Remodelaci\u00f3n del front\u00f3n del polideportivo municipal<\/span>\n\t\t\t\t\t\t\t\t\t<\/li>\n\t\t\t\t\t\t\t\t<li class=\"elementor-icon-list-item\">\n\t\t\t\t\t\t\t\t\t\t\t<span class=\"elementor-icon-list-icon\">\n\t\t\t\t\t\t\t<i aria-hidden=\"true\" class=\"fas fa-check\"><\/i>\t\t\t\t\t\t<\/span>\n\t\t\t\t\t\t\t\t\t\t<span class=\"elementor-icon-list-text\">Canastas y marcador electr\u00f3nico campo de basket<\/span>\n\t\t\t\t\t\t\t\t\t<\/li>\n\t\t\t\t\t\t<\/ul>\n\t\t\t\t\t\t<\/div>\n\t\t\t\t<\/div>\n\t\t\t\t\t<\/div>\n\t\t<\/div>\n\t\t\t\t\t<\/div>\n\t\t<\/section>\n\t\t\t\t\t<\/div>\n\t\t<\/div>\n\t\t\t\t\t<\/div>\n\t\t<\/section>\n\t\t\t\t<section class=\"elementor-section elementor-top-section elementor-element elementor-element-1eb2c37 elementor-section-full_width elementor-section-height-default elementor-section-height-default\" data-id=\"1eb2c37\" data-element_type=\"section\" data-e-type=\"section\">\n\t\t\t\t\t\t<div class=\"elementor-container elementor-column-gap-default\">\n\t\t\t\t\t<div class=\"elementor-column elementor-col-50 elementor-top-column elementor-element elementor-element-1d2405d\" data-id=\"1d2405d\" data-element_type=\"column\" data-e-type=\"column\">\n\t\t\t<div class=\"elementor-widget-wrap elementor-element-populated\">\n\t\t\t\t\t\t<div class=\"elementor-element elementor-element-40a4f88 elementor-widget elementor-widget-text-editor\" data-id=\"40a4f88\" data-element_type=\"widget\" data-e-type=\"widget\" data-widget_type=\"text-editor.default\">\n\t\t\t\t<div class=\"elementor-widget-container\">\n\t\t\t\t\t\t\t\t\t<p>Resultados Presupuestos Participativos 2022<\/p>\n\t\t\t\t\t\t\t\t<\/div>\n\t\t\t\t<\/div>\n\t\t\t\t\t<\/div>\n\t\t<\/div>\n\t\t\t\t<div class=\"elementor-column elementor-col-50 elementor-top-column elementor-element elementor-element-e898736\" data-id=\"e898736\" data-element_type=\"column\" data-e-type=\"column\">\n\t\t\t<div class=\"elementor-widget-wrap elementor-element-populated\">\n\t\t\t\t\t\t<div class=\"elementor-element elementor-element-80cc463 elementor-widget elementor-widget-html\" data-id=\"80cc463\" data-element_type=\"widget\" data-e-type=\"widget\" data-widget_type=\"html.default\">\n\t\t\t\t<div class=\"elementor-widget-container\">\n\t\t\t\t\t<div class=\"tablaVotaciones\">\r\n<table style=\"width: 100%;\">\r\n<tbody>\r\n<tr>\r\n<th>Total Punts<\/th>\r\n<th>Proposta<\/th>\r\n<\/tr>\r\n<tr>\r\n<td>89,25<\/td>\r\n<td>ROC\u00d3DROMO AL AIRE LIBRE EN POLIDEPORTIVO<\/td>\r\n<\/tr>\r\n<tr >\r\n<td>85.25<\/td>\r\n<td>REMODELACI\u00d3N DE UN ESPACIO PARA HOGAR JUVENIL<\/td>\r\n<\/tr><tr>\r\n<td>83.25<\/td>\r\n<td>SOMBRILLAS EN EL PARQUE \"TIRANT I CARMESINA\"<\/td>\r\n<\/tr><tr>\r\n<td>69<\/td>\r\n<td>OBRAS DE LA V\u00cdA CICLOPEATONAL EN LA PLANA<\/td>\r\n<\/tr>\r\n<tr>\r\n<td>64,5<\/td>\r\n<td>ASFALTAR EL CAMINO DE LES \u201cENCREUADES\u201d<\/td>\r\n<\/tr>\r\n<tr>\r\n<td>55,25<\/td>\r\n<td>CONTINUACI\u00d3N DE LAS OBRAS DEL TRINQUETE<\/td>\r\n<\/tr>\r\n<tr>\r\n<td>54,5<\/td>\r\n<td>CREACI\u00d3N DE UN REFUGIO DE ANIMALES<\/td>\r\n<\/tr>\r\n<tr>\r\n<td>48,5<\/td>\r\n<td>ADECUACI\u00d3N DE ACERAS Y MEJORAS De ACCESIBILIDAD<\/td>\r\n<\/tr><tr>\r\n<td>31<\/td>\r\n<td>INSTALACI\u00d3N DE M\u00c1QUINAS DE GIMNASIO Al AIRE LIBRE<\/td>\r\n<\/tr><tr>\r\n<td>26<\/td>\r\n<td>INSTALACI\u00d3N DE C\u00c1MARAS DE VIDEOVIGILANCIA<\/td>\r\n<\/tr><tr>\r\n<td>22<\/td>\r\n<td>TIERRAS PARA DISPONER DE HUERTOS COMUNITARIOS<\/td>\r\n<\/tr\r\n<tr>\r\n<td>19<\/td>\r\n<td>AMPLIACI\u00d3N DEL PARQUE DE PERROS<\/td>\r\n<\/tr><tr>\r\n<td>13,25<\/td>\r\n<td>REMODELACI\u00d3N DEL FRONT\u00d3N DEL POLIDEPORTIVO MUNICIPAL<\/td>\r\n<\/tr><tr>\r\n<td>11,25<\/td>\r\n<td>CESTAS Y MARCADOR ELECTR\u00d3NICO CAMPO DE BALONCESTO<\/td>\r\n<\/tr>\r\n<\/tbody>\r\n<\/table>\r\n<\/div>\t\t\t\t<\/div>\n\t\t\t\t<\/div>\n\t\t\t\t\t<\/div>\n\t\t<\/div>\n\t\t\t\t\t<\/div>\n\t\t<\/section>\n\t\t\t\t<\/div>\n\t\t","protected":false},"excerpt":{"rendered":"<p>Presupuestos participativos 2022 Presupuestos Participativos de La Font d&#8217;en Carr\u00f2s (V Edici\u00f3n): Propuestas a votaci\u00f3n. Roc\u00f3dromo al aire libre en polideportivo Remodelaci\u00f3n de un espacio para hogar juvenil Sombrajes en el parque \u00abTirant i Camersina\u00bb Obras en la v\u00eda ciclopeatonal en la plana Asfaltar el camino de les \u00abEncreuades\u00bb Continuaci\u00f3n de las obras del trinquet [&hellip;]<\/p>\n","protected":false},"author":1,"featured_media":0,"parent":0,"menu_order":0,"comment_status":"closed","ping_status":"closed","template":"elementor_header_footer","meta":{"_acf_changed":false,"footnotes":""},"class_list":["post-1575","page","type-page","status-publish","hentry"],"acf":[],"yoast_head":"<!-- This site is optimized with the Yoast SEO plugin v27.2 - https:\/\/yoast.com\/product\/yoast-seo-wordpress\/ -->\n<title>Presupuestos participativos 2022 - Ajuntament Font d&#039;en Carr\u00f2s<\/title>\n<meta name=\"robots\" content=\"index, follow, max-snippet:-1, max-image-preview:large, max-video-preview:-1\" \/>\n<link rel=\"canonical\" href=\"https:\/\/participa.lafontdencarros.es\/es\/presupuestos-participativos-2022\/\" \/>\n<meta property=\"og:locale\" content=\"es_ES\" \/>\n<meta property=\"og:type\" content=\"article\" \/>\n<meta property=\"og:title\" content=\"Presupuestos participativos 2022 - Ajuntament Font d&#039;en Carr\u00f2s\" \/>\n<meta property=\"og:description\" content=\"Presupuestos participativos 2022 Presupuestos Participativos de La Font d&#8217;en Carr\u00f2s (V Edici\u00f3n): Propuestas a votaci\u00f3n. Roc\u00f3dromo al aire libre en polideportivo Remodelaci\u00f3n de un espacio para hogar juvenil Sombrajes en el parque \u00abTirant i Camersina\u00bb Obras en la v\u00eda ciclopeatonal en la plana Asfaltar el camino de les \u00abEncreuades\u00bb Continuaci\u00f3n de las obras del trinquet [&hellip;]\" \/>\n<meta property=\"og:url\" content=\"https:\/\/participa.lafontdencarros.es\/es\/presupuestos-participativos-2022\/\" \/>\n<meta property=\"og:site_name\" content=\"Ajuntament Font d&#039;en Carr\u00f2s\" \/>\n<meta property=\"article:modified_time\" content=\"2023-08-08T05:13:46+00:00\" \/>\n<meta name=\"twitter:card\" content=\"summary_large_image\" \/>\n<meta name=\"twitter:label1\" content=\"Tiempo de lectura\" \/>\n\t<meta name=\"twitter:data1\" content=\"1 minuto\" \/>\n<script type=\"application\/ld+json\" class=\"yoast-schema-graph\">{\"@context\":\"https:\/\/schema.org\",\"@graph\":[{\"@type\":\"WebPage\",\"@id\":\"https:\/\/participa.lafontdencarros.es\/es\/presupuestos-participativos-2022\/\",\"url\":\"https:\/\/participa.lafontdencarros.es\/es\/presupuestos-participativos-2022\/\",\"name\":\"Presupuestos participativos 2022 - Ajuntament Font d&#039;en Carr\u00f2s\",\"isPartOf\":{\"@id\":\"\/#website\"},\"datePublished\":\"2023-08-08T05:13:45+00:00\",\"dateModified\":\"2023-08-08T05:13:46+00:00\",\"breadcrumb\":{\"@id\":\"https:\/\/participa.lafontdencarros.es\/es\/presupuestos-participativos-2022\/#breadcrumb\"},\"inLanguage\":\"es\",\"potentialAction\":[{\"@type\":\"ReadAction\",\"target\":[\"https:\/\/participa.lafontdencarros.es\/es\/presupuestos-participativos-2022\/\"]}]},{\"@type\":\"BreadcrumbList\",\"@id\":\"https:\/\/participa.lafontdencarros.es\/es\/presupuestos-participativos-2022\/#breadcrumb\",\"itemListElement\":[{\"@type\":\"ListItem\",\"position\":1,\"name\":\"Portada\",\"item\":\"https:\/\/participa.lafontdencarros.es\/es\/\"},{\"@type\":\"ListItem\",\"position\":2,\"name\":\"Presupuestos participativos 2022\"}]},{\"@type\":\"WebSite\",\"@id\":\"\/#website\",\"url\":\"\/\",\"name\":\"Ajuntament Font d&#039;en Carr\u00f2s\",\"description\":\"Otro sitio realizado con WordPress\",\"publisher\":{\"@id\":\"\/#organization\"},\"potentialAction\":[{\"@type\":\"SearchAction\",\"target\":{\"@type\":\"EntryPoint\",\"urlTemplate\":\"\/?s={search_term_string}\"},\"query-input\":{\"@type\":\"PropertyValueSpecification\",\"valueRequired\":true,\"valueName\":\"search_term_string\"}}],\"inLanguage\":\"es\"},{\"@type\":\"Organization\",\"@id\":\"\/#organization\",\"name\":\"Ajuntament Font d&#039;en Carr\u00f2s\",\"url\":\"\/\",\"logo\":{\"@type\":\"ImageObject\",\"inLanguage\":\"es\",\"@id\":\"\/#\/schema\/logo\/image\/\",\"url\":\"https:\/\/participa.lafontdencarros.es\/wp-content\/uploads\/2022\/05\/logo_fontdencarros_participa-2022.jpg\",\"contentUrl\":\"https:\/\/participa.lafontdencarros.es\/wp-content\/uploads\/2022\/05\/logo_fontdencarros_participa-2022.jpg\",\"width\":232,\"height\":84,\"caption\":\"Ajuntament Font d&#039;en Carr\u00f2s\"},\"image\":{\"@id\":\"\/#\/schema\/logo\/image\/\"}}]}<\/script>\n<!-- \/ Yoast SEO plugin. -->","yoast_head_json":{"title":"Presupuestos participativos 2022 - Ajuntament Font d&#039;en Carr\u00f2s","robots":{"index":"index","follow":"follow","max-snippet":"max-snippet:-1","max-image-preview":"max-image-preview:large","max-video-preview":"max-video-preview:-1"},"canonical":"https:\/\/participa.lafontdencarros.es\/es\/presupuestos-participativos-2022\/","og_locale":"es_ES","og_type":"article","og_title":"Presupuestos participativos 2022 - Ajuntament Font d&#039;en Carr\u00f2s","og_description":"Presupuestos participativos 2022 Presupuestos Participativos de La Font d&#8217;en Carr\u00f2s (V Edici\u00f3n): Propuestas a votaci\u00f3n. Roc\u00f3dromo al aire libre en polideportivo Remodelaci\u00f3n de un espacio para hogar juvenil Sombrajes en el parque \u00abTirant i Camersina\u00bb Obras en la v\u00eda ciclopeatonal en la plana Asfaltar el camino de les \u00abEncreuades\u00bb Continuaci\u00f3n de las obras del trinquet [&hellip;]","og_url":"https:\/\/participa.lafontdencarros.es\/es\/presupuestos-participativos-2022\/","og_site_name":"Ajuntament Font d&#039;en Carr\u00f2s","article_modified_time":"2023-08-08T05:13:46+00:00","twitter_card":"summary_large_image","twitter_misc":{"Tiempo de lectura":"1 minuto"},"schema":{"@context":"https:\/\/schema.org","@graph":[{"@type":"WebPage","@id":"https:\/\/participa.lafontdencarros.es\/es\/presupuestos-participativos-2022\/","url":"https:\/\/participa.lafontdencarros.es\/es\/presupuestos-participativos-2022\/","name":"Presupuestos participativos 2022 - Ajuntament Font d&#039;en Carr\u00f2s","isPartOf":{"@id":"\/#website"},"datePublished":"2023-08-08T05:13:45+00:00","dateModified":"2023-08-08T05:13:46+00:00","breadcrumb":{"@id":"https:\/\/participa.lafontdencarros.es\/es\/presupuestos-participativos-2022\/#breadcrumb"},"inLanguage":"es","potentialAction":[{"@type":"ReadAction","target":["https:\/\/participa.lafontdencarros.es\/es\/presupuestos-participativos-2022\/"]}]},{"@type":"BreadcrumbList","@id":"https:\/\/participa.lafontdencarros.es\/es\/presupuestos-participativos-2022\/#breadcrumb","itemListElement":[{"@type":"ListItem","position":1,"name":"Portada","item":"https:\/\/participa.lafontdencarros.es\/es\/"},{"@type":"ListItem","position":2,"name":"Presupuestos participativos 2022"}]},{"@type":"WebSite","@id":"\/#website","url":"\/","name":"Ajuntament Font d&#039;en Carr\u00f2s","description":"Otro sitio realizado con WordPress","publisher":{"@id":"\/#organization"},"potentialAction":[{"@type":"SearchAction","target":{"@type":"EntryPoint","urlTemplate":"\/?s={search_term_string}"},"query-input":{"@type":"PropertyValueSpecification","valueRequired":true,"valueName":"search_term_string"}}],"inLanguage":"es"},{"@type":"Organization","@id":"\/#organization","name":"Ajuntament Font d&#039;en Carr\u00f2s","url":"\/","logo":{"@type":"ImageObject","inLanguage":"es","@id":"\/#\/schema\/logo\/image\/","url":"https:\/\/participa.lafontdencarros.es\/wp-content\/uploads\/2022\/05\/logo_fontdencarros_participa-2022.jpg","contentUrl":"https:\/\/participa.lafontdencarros.es\/wp-content\/uploads\/2022\/05\/logo_fontdencarros_participa-2022.jpg","width":232,"height":84,"caption":"Ajuntament Font d&#039;en Carr\u00f2s"},"image":{"@id":"\/#\/schema\/logo\/image\/"}}]}},"_links":{"self":[{"href":"https:\/\/participa.lafontdencarros.es\/es\/wp-json\/wp\/v2\/pages\/1575","targetHints":{"allow":["GET"]}}],"collection":[{"href":"https:\/\/participa.lafontdencarros.es\/es\/wp-json\/wp\/v2\/pages"}],"about":[{"href":"https:\/\/participa.lafontdencarros.es\/es\/wp-json\/wp\/v2\/types\/page"}],"author":[{"embeddable":true,"href":"https:\/\/participa.lafontdencarros.es\/es\/wp-json\/wp\/v2\/users\/1"}],"replies":[{"embeddable":true,"href":"https:\/\/participa.lafontdencarros.es\/es\/wp-json\/wp\/v2\/comments?post=1575"}],"version-history":[{"count":1,"href":"https:\/\/participa.lafontdencarros.es\/es\/wp-json\/wp\/v2\/pages\/1575\/revisions"}],"predecessor-version":[{"id":1576,"href":"https:\/\/participa.lafontdencarros.es\/es\/wp-json\/wp\/v2\/pages\/1575\/revisions\/1576"}],"wp:attachment":[{"href":"https:\/\/participa.lafontdencarros.es\/es\/wp-json\/wp\/v2\/media?parent=1575"}],"curies":[{"name":"wp","href":"https:\/\/api.w.org\/{rel}","templated":true}]}}