{"id":92,"date":"2020-08-21T10:31:14","date_gmt":"2020-08-21T10:31:14","guid":{"rendered":"http:\/\/fontdencarros.acceseo.com.es\/?page_id=92"},"modified":"2024-09-04T07:54:12","modified_gmt":"2024-09-04T05:54:12","slug":"pressupostos-participatius-2023","status":"publish","type":"page","link":"https:\/\/participa.lafontdencarros.es\/ca\/pressupostos-participatius-2023\/","title":{"rendered":"Pressupostos participatius 2023"},"content":{"rendered":"\t\t<div data-elementor-type=\"wp-page\" data-elementor-id=\"92\" class=\"elementor elementor-92\" data-elementor-post-type=\"page\">\n\t\t\t\t\t\t<section class=\"elementor-section elementor-top-section elementor-element elementor-element-69a2e76 elementor-section-full_width elementor-section-height-default elementor-section-height-default\" data-id=\"69a2e76\" data-element_type=\"section\" data-e-type=\"section\">\n\t\t\t\t\t\t<div class=\"elementor-container elementor-column-gap-default\">\n\t\t\t\t\t<div class=\"elementor-column elementor-col-100 elementor-top-column elementor-element elementor-element-b173024\" data-id=\"b173024\" data-element_type=\"column\" data-e-type=\"column\">\n\t\t\t<div class=\"elementor-widget-wrap elementor-element-populated\">\n\t\t\t\t\t\t<div class=\"elementor-element elementor-element-a76bbcf elementor-widget elementor-widget-text-editor\" data-id=\"a76bbcf\" data-element_type=\"widget\" data-e-type=\"widget\" data-widget_type=\"text-editor.default\">\n\t\t\t\t<div class=\"elementor-widget-container\">\n\t\t\t\t\t\t\t\t\t<p>Pressupostos Participatius 2023<\/p>\t\t\t\t\t\t\t\t<\/div>\n\t\t\t\t<\/div>\n\t\t\t\t<div class=\"elementor-element elementor-element-c9a079b elementor-widget elementor-widget-text-editor\" data-id=\"c9a079b\" data-element_type=\"widget\" data-e-type=\"widget\" data-widget_type=\"text-editor.default\">\n\t\t\t\t<div class=\"elementor-widget-container\">\n\t\t\t\t\t\t\t\t\t<p>Pressupostos Participatius de La Font d&#8217;en Carr\u00f2s (VI Edici\u00f3):<br \/>Propostes a votaci\u00f3.<\/p>\t\t\t\t\t\t\t\t<\/div>\n\t\t\t\t<\/div>\n\t\t\t\t<section class=\"elementor-section elementor-inner-section elementor-element elementor-element-d2fec17 elementor-section-full_width elementor-section-height-default elementor-section-height-default\" data-id=\"d2fec17\" data-element_type=\"section\" data-e-type=\"section\">\n\t\t\t\t\t\t<div class=\"elementor-container elementor-column-gap-default\">\n\t\t\t\t\t<div class=\"elementor-column elementor-col-33 elementor-inner-column elementor-element elementor-element-fd69ace\" data-id=\"fd69ace\" data-element_type=\"column\" data-e-type=\"column\">\n\t\t\t<div class=\"elementor-widget-wrap elementor-element-populated\">\n\t\t\t\t\t\t<div class=\"elementor-element elementor-element-644f203 elementor-icon-list--layout-traditional elementor-list-item-link-full_width elementor-widget elementor-widget-icon-list\" data-id=\"644f203\" data-element_type=\"widget\" data-e-type=\"widget\" data-widget_type=\"icon-list.default\">\n\t\t\t\t<div class=\"elementor-widget-container\">\n\t\t\t\t\t\t\t<ul class=\"elementor-icon-list-items\">\n\t\t\t\t\t\t\t<li class=\"elementor-icon-list-item\">\n\t\t\t\t\t\t\t\t\t\t\t<span class=\"elementor-icon-list-icon\">\n\t\t\t\t\t\t\t<i aria-hidden=\"true\" class=\"fas fa-check\"><\/i>\t\t\t\t\t\t<\/span>\n\t\t\t\t\t\t\t\t\t\t<span class=\"elementor-icon-list-text\">REALITZAR MILLORES EN ELS PARCS INFANTILS (OMBRALLS, ENGRONSADORES...)<\/span>\n\t\t\t\t\t\t\t\t\t<\/li>\n\t\t\t\t\t\t\t\t<li class=\"elementor-icon-list-item\">\n\t\t\t\t\t\t\t\t\t\t\t<span class=\"elementor-icon-list-icon\">\n\t\t\t\t\t\t\t<i aria-hidden=\"true\" class=\"fas fa-check\"><\/i>\t\t\t\t\t\t<\/span>\n\t\t\t\t\t\t\t\t\t\t<span class=\"elementor-icon-list-text\">REALITZAR MILLORES AL GIMN\u00c0S MUNICIPAL (M\u00c0QUINES, MATERIAL, EQUIP DE M\u00daSICA...) <\/span>\n\t\t\t\t\t\t\t\t\t<\/li>\n\t\t\t\t\t\t\t\t<li class=\"elementor-icon-list-item\">\n\t\t\t\t\t\t\t\t\t\t\t<span class=\"elementor-icon-list-icon\">\n\t\t\t\t\t\t\t<i aria-hidden=\"true\" class=\"fas fa-check\"><\/i>\t\t\t\t\t\t<\/span>\n\t\t\t\t\t\t\t\t\t\t<span class=\"elementor-icon-list-text\">REALITZAR MILLORES EN L\u2019EDIFICI POLIVALENT (CORTINATGE...)<\/span>\n\t\t\t\t\t\t\t\t\t<\/li>\n\t\t\t\t\t\t\t\t<li class=\"elementor-icon-list-item\">\n\t\t\t\t\t\t\t\t\t\t\t<span class=\"elementor-icon-list-icon\">\n\t\t\t\t\t\t\t<i aria-hidden=\"true\" class=\"fas fa-check\"><\/i>\t\t\t\t\t\t<\/span>\n\t\t\t\t\t\t\t\t\t\t<span class=\"elementor-icon-list-text\">ADQUISICI\u00d3 D\u2019EQUIPAMENT FESTER (TAULES, CADIRES, G\u00c0BIES EMMAGATZEMATGE...) <\/span>\n\t\t\t\t\t\t\t\t\t<\/li>\n\t\t\t\t\t\t\t\t<li class=\"elementor-icon-list-item\">\n\t\t\t\t\t\t\t\t\t\t\t<span class=\"elementor-icon-list-icon\">\n\t\t\t\t\t\t\t<i aria-hidden=\"true\" class=\"fas fa-check\"><\/i>\t\t\t\t\t\t<\/span>\n\t\t\t\t\t\t\t\t\t\t<span class=\"elementor-icon-list-text\">RENOVAR L\u2019ASFALTAT DE LA PUJADA AL CALVARI<\/span>\n\t\t\t\t\t\t\t\t\t<\/li>\n\t\t\t\t\t\t<\/ul>\n\t\t\t\t\t\t<\/div>\n\t\t\t\t<\/div>\n\t\t\t\t\t<\/div>\n\t\t<\/div>\n\t\t\t\t<div class=\"elementor-column elementor-col-33 elementor-inner-column elementor-element elementor-element-e5fc2b8\" data-id=\"e5fc2b8\" data-element_type=\"column\" data-e-type=\"column\">\n\t\t\t<div class=\"elementor-widget-wrap elementor-element-populated\">\n\t\t\t\t\t\t<div class=\"elementor-element elementor-element-713fa6c elementor-icon-list--layout-traditional elementor-list-item-link-full_width elementor-widget elementor-widget-icon-list\" data-id=\"713fa6c\" data-element_type=\"widget\" data-e-type=\"widget\" data-widget_type=\"icon-list.default\">\n\t\t\t\t<div class=\"elementor-widget-container\">\n\t\t\t\t\t\t\t<ul class=\"elementor-icon-list-items\">\n\t\t\t\t\t\t\t<li class=\"elementor-icon-list-item\">\n\t\t\t\t\t\t\t\t\t\t\t<span class=\"elementor-icon-list-icon\">\n\t\t\t\t\t\t\t<i aria-hidden=\"true\" class=\"fas fa-check\"><\/i>\t\t\t\t\t\t<\/span>\n\t\t\t\t\t\t\t\t\t\t<span class=\"elementor-icon-list-text\">REALITZAR MILLORES EN EL JARD\u00cd DEL PARC DE LA MURALLA<\/span>\n\t\t\t\t\t\t\t\t\t<\/li>\n\t\t\t\t\t\t\t\t<li class=\"elementor-icon-list-item\">\n\t\t\t\t\t\t\t\t\t\t\t<span class=\"elementor-icon-list-icon\">\n\t\t\t\t\t\t\t<i aria-hidden=\"true\" class=\"fas fa-check\"><\/i>\t\t\t\t\t\t<\/span>\n\t\t\t\t\t\t\t\t\t\t<span class=\"elementor-icon-list-text\">AMPLIACI\u00d3 DE LA ZONA D\u2019APARCAMENT EN EL RAFAL\u00cd I ALTRES ZONES PERIF\u00c8RIQUES<\/span>\n\t\t\t\t\t\t\t\t\t<\/li>\n\t\t\t\t\t\t\t\t<li class=\"elementor-icon-list-item\">\n\t\t\t\t\t\t\t\t\t\t\t<span class=\"elementor-icon-list-icon\">\n\t\t\t\t\t\t\t<i aria-hidden=\"true\" class=\"fas fa-check\"><\/i>\t\t\t\t\t\t<\/span>\n\t\t\t\t\t\t\t\t\t\t<span class=\"elementor-icon-list-text\">CONTINUAR EL PAVIMENT PER A VIANANTS EN EL C\/ DELS ANGELS<\/span>\n\t\t\t\t\t\t\t\t\t<\/li>\n\t\t\t\t\t\t\t\t<li class=\"elementor-icon-list-item\">\n\t\t\t\t\t\t\t\t\t\t\t<span class=\"elementor-icon-list-icon\">\n\t\t\t\t\t\t\t<i aria-hidden=\"true\" class=\"fas fa-check\"><\/i>\t\t\t\t\t\t<\/span>\n\t\t\t\t\t\t\t\t\t\t<span class=\"elementor-icon-list-text\">CONTINUAR EL PAVIMENT PER A VIANANTS EN EL C\/ LA PAU<\/span>\n\t\t\t\t\t\t\t\t\t<\/li>\n\t\t\t\t\t\t\t\t<li class=\"elementor-icon-list-item\">\n\t\t\t\t\t\t\t\t\t\t\t<span class=\"elementor-icon-list-icon\">\n\t\t\t\t\t\t\t<i aria-hidden=\"true\" class=\"fas fa-check\"><\/i>\t\t\t\t\t\t<\/span>\n\t\t\t\t\t\t\t\t\t\t<span class=\"elementor-icon-list-text\">ADQUISICI\u00d3 DE TERRES PER A DISPOSAR D\u2019HORTS COMUNITARIS<\/span>\n\t\t\t\t\t\t\t\t\t<\/li>\n\t\t\t\t\t\t<\/ul>\n\t\t\t\t\t\t<\/div>\n\t\t\t\t<\/div>\n\t\t\t\t\t<\/div>\n\t\t<\/div>\n\t\t\t\t<div class=\"elementor-column elementor-col-33 elementor-inner-column elementor-element elementor-element-1bf49b9\" data-id=\"1bf49b9\" data-element_type=\"column\" data-e-type=\"column\">\n\t\t\t<div class=\"elementor-widget-wrap elementor-element-populated\">\n\t\t\t\t\t\t<div class=\"elementor-element elementor-element-6983ccb elementor-icon-list--layout-traditional elementor-list-item-link-full_width elementor-widget elementor-widget-icon-list\" data-id=\"6983ccb\" data-element_type=\"widget\" data-e-type=\"widget\" data-widget_type=\"icon-list.default\">\n\t\t\t\t<div class=\"elementor-widget-container\">\n\t\t\t\t\t\t\t<ul class=\"elementor-icon-list-items\">\n\t\t\t\t\t\t\t<li class=\"elementor-icon-list-item\">\n\t\t\t\t\t\t\t\t\t\t\t<span class=\"elementor-icon-list-icon\">\n\t\t\t\t\t\t\t<i aria-hidden=\"true\" class=\"fas fa-check\"><\/i>\t\t\t\t\t\t<\/span>\n\t\t\t\t\t\t\t\t\t\t<span class=\"elementor-icon-list-text\">ADEQUACI\u00d3 DE VORERES I DEM\u00c9S ACCESSOS PER A LA MILLORA DE L\u2019ACCESSIBILITAT<\/span>\n\t\t\t\t\t\t\t\t\t<\/li>\n\t\t\t\t\t\t\t\t<li class=\"elementor-icon-list-item\">\n\t\t\t\t\t\t\t\t\t\t\t<span class=\"elementor-icon-list-icon\">\n\t\t\t\t\t\t\t<i aria-hidden=\"true\" class=\"fas fa-check\"><\/i>\t\t\t\t\t\t<\/span>\n\t\t\t\t\t\t\t\t\t\t<span class=\"elementor-icon-list-text\">INSTAL\u00b7LACI\u00d3 DE BANCS EN LES VORERES AMPLES DEL POBLE<\/span>\n\t\t\t\t\t\t\t\t\t<\/li>\n\t\t\t\t\t\t\t\t<li class=\"elementor-icon-list-item\">\n\t\t\t\t\t\t\t\t\t\t\t<span class=\"elementor-icon-list-icon\">\n\t\t\t\t\t\t\t<i aria-hidden=\"true\" class=\"fas fa-check\"><\/i>\t\t\t\t\t\t<\/span>\n\t\t\t\t\t\t\t\t\t\t<span class=\"elementor-icon-list-text\">RECREACI\u00d3 DE L\u2019ANTIGA FONT \u201cDELS XORROS\u201d EN EL JARD\u00cd DEL C\/ CONSTITUCI\u00d3<\/span>\n\t\t\t\t\t\t\t\t\t<\/li>\n\t\t\t\t\t\t<\/ul>\n\t\t\t\t\t\t<\/div>\n\t\t\t\t<\/div>\n\t\t\t\t\t<\/div>\n\t\t<\/div>\n\t\t\t\t\t<\/div>\n\t\t<\/section>\n\t\t\t\t\t<\/div>\n\t\t<\/div>\n\t\t\t\t\t<\/div>\n\t\t<\/section>\n\t\t\t\t<section class=\"elementor-section elementor-top-section elementor-element elementor-element-573b43c elementor-section-full_width elementor-section-height-default elementor-section-height-default\" data-id=\"573b43c\" data-element_type=\"section\" data-e-type=\"section\" id=\"resultats\">\n\t\t\t\t\t\t<div class=\"elementor-container elementor-column-gap-default\">\n\t\t\t\t\t<div class=\"elementor-column elementor-col-50 elementor-top-column elementor-element elementor-element-33a21e5\" data-id=\"33a21e5\" data-element_type=\"column\" data-e-type=\"column\">\n\t\t\t<div class=\"elementor-widget-wrap elementor-element-populated\">\n\t\t\t\t\t\t<div class=\"elementor-element elementor-element-0fe5bea elementor-widget elementor-widget-text-editor\" data-id=\"0fe5bea\" data-element_type=\"widget\" data-e-type=\"widget\" data-widget_type=\"text-editor.default\">\n\t\t\t\t<div class=\"elementor-widget-container\">\n\t\t\t\t\t\t\t\t\t<p>Resultats Processos Participatius<\/p>\t\t\t\t\t\t\t\t<\/div>\n\t\t\t\t<\/div>\n\t\t\t\t\t<\/div>\n\t\t<\/div>\n\t\t\t\t<div class=\"elementor-column elementor-col-50 elementor-top-column elementor-element elementor-element-6cbc6e1\" data-id=\"6cbc6e1\" data-element_type=\"column\" data-e-type=\"column\">\n\t\t\t<div class=\"elementor-widget-wrap elementor-element-populated\">\n\t\t\t\t\t\t<div class=\"elementor-element elementor-element-a94017a dce_masking-none elementor-widget elementor-widget-image\" data-id=\"a94017a\" data-element_type=\"widget\" data-e-type=\"widget\" data-widget_type=\"image.default\">\n\t\t\t\t<div class=\"elementor-widget-container\">\n\t\t\t\t\t\t\t\t\t\t\t\t\t\t\t\t<a href=\"https:\/\/participa.lafontdencarros.es\/wp-content\/uploads\/2023\/10\/resultats-votacio-la-font-2023.jpg\" data-elementor-open-lightbox=\"yes\" data-elementor-lightbox-title=\"resultats-votacio-la-font-2023\" data-e-action-hash=\"#elementor-action%3Aaction%3Dlightbox%26settings%3DeyJpZCI6MTcxNiwidXJsIjoiaHR0cHM6XC9cL3BhcnRpY2lwYS5sYWZvbnRkZW5jYXJyb3MuZXNcL3dwLWNvbnRlbnRcL3VwbG9hZHNcLzIwMjNcLzEwXC9yZXN1bHRhdHMtdm90YWNpby1sYS1mb250LTIwMjMuanBnIn0%3D\">\n\t\t\t\t\t\t\t<img fetchpriority=\"high\" decoding=\"async\" width=\"1920\" height=\"1357\" src=\"https:\/\/participa.lafontdencarros.es\/wp-content\/uploads\/2023\/10\/resultats-votacio-la-font-2023.jpg\" class=\"attachment-full size-full wp-image-1716\" alt=\"\" srcset=\"https:\/\/participa.lafontdencarros.es\/wp-content\/uploads\/2023\/10\/resultats-votacio-la-font-2023.jpg 1920w, https:\/\/participa.lafontdencarros.es\/wp-content\/uploads\/2023\/10\/resultats-votacio-la-font-2023-300x212.jpg 300w, https:\/\/participa.lafontdencarros.es\/wp-content\/uploads\/2023\/10\/resultats-votacio-la-font-2023-1024x724.jpg 1024w, https:\/\/participa.lafontdencarros.es\/wp-content\/uploads\/2023\/10\/resultats-votacio-la-font-2023-768x543.jpg 768w, https:\/\/participa.lafontdencarros.es\/wp-content\/uploads\/2023\/10\/resultats-votacio-la-font-2023-1536x1086.jpg 1536w\" sizes=\"(max-width: 1920px) 100vw, 1920px\" \/>\t\t\t\t\t\t\t\t<\/a>\n\t\t\t\t\t\t\t\t\t\t\t\t\t\t\t<\/div>\n\t\t\t\t<\/div>\n\t\t\t\t\t<\/div>\n\t\t<\/div>\n\t\t\t\t\t<\/div>\n\t\t<\/section>\n\t\t\t\t<\/div>\n\t\t","protected":false},"excerpt":{"rendered":"<p>Pressupostos Participatius 2023 Pressupostos Participatius de La Font d&#8217;en Carr\u00f2s (VI Edici\u00f3):Propostes a votaci\u00f3. REALITZAR MILLORES EN ELS PARCS INFANTILS (OMBRALLS, ENGRONSADORES&#8230;) REALITZAR MILLORES AL GIMN\u00c0S MUNICIPAL (M\u00c0QUINES, MATERIAL, EQUIP DE M\u00daSICA&#8230;) REALITZAR MILLORES EN L\u2019EDIFICI POLIVALENT (CORTINATGE&#8230;) ADQUISICI\u00d3 D\u2019EQUIPAMENT FESTER (TAULES, CADIRES, G\u00c0BIES EMMAGATZEMATGE&#8230;) RENOVAR L\u2019ASFALTAT DE LA PUJADA AL CALVARI REALITZAR MILLORES EN [&hellip;]<\/p>\n","protected":false},"author":1,"featured_media":0,"parent":0,"menu_order":0,"comment_status":"closed","ping_status":"closed","template":"elementor_header_footer","meta":{"_acf_changed":false,"footnotes":""},"class_list":["post-92","page","type-page","status-publish","hentry"],"acf":[],"yoast_head":"<!-- This site is optimized with the Yoast SEO plugin v27.2 - https:\/\/yoast.com\/product\/yoast-seo-wordpress\/ -->\n<title>Pressupostos participatius 2023 - Ajuntament Font d&#039;en Carr\u00f2s<\/title>\n<meta name=\"robots\" content=\"index, follow, max-snippet:-1, max-image-preview:large, max-video-preview:-1\" \/>\n<link rel=\"canonical\" href=\"https:\/\/participa.lafontdencarros.es\/ca\/pressupostos-participatius-2023\/\" \/>\n<meta property=\"og:locale\" content=\"ca_ES\" \/>\n<meta property=\"og:type\" content=\"article\" \/>\n<meta property=\"og:title\" content=\"Pressupostos participatius 2023 - Ajuntament Font d&#039;en Carr\u00f2s\" \/>\n<meta property=\"og:description\" content=\"Pressupostos Participatius 2023 Pressupostos Participatius de La Font d&#8217;en Carr\u00f2s (VI Edici\u00f3):Propostes a votaci\u00f3. REALITZAR MILLORES EN ELS PARCS INFANTILS (OMBRALLS, ENGRONSADORES&#8230;) REALITZAR MILLORES AL GIMN\u00c0S MUNICIPAL (M\u00c0QUINES, MATERIAL, EQUIP DE M\u00daSICA&#8230;) REALITZAR MILLORES EN L\u2019EDIFICI POLIVALENT (CORTINATGE&#8230;) ADQUISICI\u00d3 D\u2019EQUIPAMENT FESTER (TAULES, CADIRES, G\u00c0BIES EMMAGATZEMATGE&#8230;) RENOVAR L\u2019ASFALTAT DE LA PUJADA AL CALVARI REALITZAR MILLORES EN [&hellip;]\" \/>\n<meta property=\"og:url\" content=\"https:\/\/participa.lafontdencarros.es\/ca\/pressupostos-participatius-2023\/\" \/>\n<meta property=\"og:site_name\" content=\"Ajuntament Font d&#039;en Carr\u00f2s\" \/>\n<meta property=\"article:modified_time\" content=\"2024-09-04T05:54:12+00:00\" \/>\n<meta property=\"og:image\" content=\"https:\/\/participa.lafontdencarros.es\/wp-content\/uploads\/2023\/10\/resultats-votacio-la-font-2023.jpg\" \/>\n<meta name=\"twitter:card\" content=\"summary_large_image\" \/>\n<meta name=\"twitter:label1\" content=\"Temps estimat de lectura\" \/>\n\t<meta name=\"twitter:data1\" content=\"1 minut\" \/>\n<script type=\"application\/ld+json\" class=\"yoast-schema-graph\">{\"@context\":\"https:\/\/schema.org\",\"@graph\":[{\"@type\":\"WebPage\",\"@id\":\"https:\/\/participa.lafontdencarros.es\/ca\/pressupostos-participatius-2023\/\",\"url\":\"https:\/\/participa.lafontdencarros.es\/ca\/pressupostos-participatius-2023\/\",\"name\":\"Pressupostos participatius 2023 - Ajuntament Font d&#039;en Carr\u00f2s\",\"isPartOf\":{\"@id\":\"\/#website\"},\"primaryImageOfPage\":{\"@id\":\"https:\/\/participa.lafontdencarros.es\/ca\/pressupostos-participatius-2023\/#primaryimage\"},\"image\":{\"@id\":\"https:\/\/participa.lafontdencarros.es\/ca\/pressupostos-participatius-2023\/#primaryimage\"},\"thumbnailUrl\":\"https:\/\/participa.lafontdencarros.es\/wp-content\/uploads\/2023\/10\/resultats-votacio-la-font-2023.jpg\",\"datePublished\":\"2020-08-21T10:31:14+00:00\",\"dateModified\":\"2024-09-04T05:54:12+00:00\",\"breadcrumb\":{\"@id\":\"https:\/\/participa.lafontdencarros.es\/ca\/pressupostos-participatius-2023\/#breadcrumb\"},\"inLanguage\":\"ca\",\"potentialAction\":[{\"@type\":\"ReadAction\",\"target\":[\"https:\/\/participa.lafontdencarros.es\/ca\/pressupostos-participatius-2023\/\"]}]},{\"@type\":\"ImageObject\",\"inLanguage\":\"ca\",\"@id\":\"https:\/\/participa.lafontdencarros.es\/ca\/pressupostos-participatius-2023\/#primaryimage\",\"url\":\"https:\/\/participa.lafontdencarros.es\/wp-content\/uploads\/2023\/10\/resultats-votacio-la-font-2023.jpg\",\"contentUrl\":\"https:\/\/participa.lafontdencarros.es\/wp-content\/uploads\/2023\/10\/resultats-votacio-la-font-2023.jpg\"},{\"@type\":\"BreadcrumbList\",\"@id\":\"https:\/\/participa.lafontdencarros.es\/ca\/pressupostos-participatius-2023\/#breadcrumb\",\"itemListElement\":[{\"@type\":\"ListItem\",\"position\":1,\"name\":\"Portada\",\"item\":\"https:\/\/participa.lafontdencarros.es\/ca\/\"},{\"@type\":\"ListItem\",\"position\":2,\"name\":\"Pressupostos participatius 2023\"}]},{\"@type\":\"WebSite\",\"@id\":\"\/#website\",\"url\":\"\/\",\"name\":\"Ajuntament Font d&#039;en Carr\u00f2s\",\"description\":\"Otro sitio realizado con WordPress\",\"publisher\":{\"@id\":\"\/#organization\"},\"potentialAction\":[{\"@type\":\"SearchAction\",\"target\":{\"@type\":\"EntryPoint\",\"urlTemplate\":\"\/?s={search_term_string}\"},\"query-input\":{\"@type\":\"PropertyValueSpecification\",\"valueRequired\":true,\"valueName\":\"search_term_string\"}}],\"inLanguage\":\"ca\"},{\"@type\":\"Organization\",\"@id\":\"\/#organization\",\"name\":\"Ajuntament Font d&#039;en Carr\u00f2s\",\"url\":\"\/\",\"logo\":{\"@type\":\"ImageObject\",\"inLanguage\":\"ca\",\"@id\":\"\/#\/schema\/logo\/image\/\",\"url\":\"https:\/\/participa.lafontdencarros.es\/wp-content\/uploads\/2022\/05\/logo_fontdencarros_participa-2022.jpg\",\"contentUrl\":\"https:\/\/participa.lafontdencarros.es\/wp-content\/uploads\/2022\/05\/logo_fontdencarros_participa-2022.jpg\",\"width\":232,\"height\":84,\"caption\":\"Ajuntament Font d&#039;en Carr\u00f2s\"},\"image\":{\"@id\":\"\/#\/schema\/logo\/image\/\"}}]}<\/script>\n<!-- \/ Yoast SEO plugin. -->","yoast_head_json":{"title":"Pressupostos participatius 2023 - Ajuntament Font d&#039;en Carr\u00f2s","robots":{"index":"index","follow":"follow","max-snippet":"max-snippet:-1","max-image-preview":"max-image-preview:large","max-video-preview":"max-video-preview:-1"},"canonical":"https:\/\/participa.lafontdencarros.es\/ca\/pressupostos-participatius-2023\/","og_locale":"ca_ES","og_type":"article","og_title":"Pressupostos participatius 2023 - Ajuntament Font d&#039;en Carr\u00f2s","og_description":"Pressupostos Participatius 2023 Pressupostos Participatius de La Font d&#8217;en Carr\u00f2s (VI Edici\u00f3):Propostes a votaci\u00f3. REALITZAR MILLORES EN ELS PARCS INFANTILS (OMBRALLS, ENGRONSADORES&#8230;) REALITZAR MILLORES AL GIMN\u00c0S MUNICIPAL (M\u00c0QUINES, MATERIAL, EQUIP DE M\u00daSICA&#8230;) REALITZAR MILLORES EN L\u2019EDIFICI POLIVALENT (CORTINATGE&#8230;) ADQUISICI\u00d3 D\u2019EQUIPAMENT FESTER (TAULES, CADIRES, G\u00c0BIES EMMAGATZEMATGE&#8230;) RENOVAR L\u2019ASFALTAT DE LA PUJADA AL CALVARI REALITZAR MILLORES EN [&hellip;]","og_url":"https:\/\/participa.lafontdencarros.es\/ca\/pressupostos-participatius-2023\/","og_site_name":"Ajuntament Font d&#039;en Carr\u00f2s","article_modified_time":"2024-09-04T05:54:12+00:00","og_image":[{"url":"https:\/\/participa.lafontdencarros.es\/wp-content\/uploads\/2023\/10\/resultats-votacio-la-font-2023.jpg","type":"","width":"","height":""}],"twitter_card":"summary_large_image","twitter_misc":{"Temps estimat de lectura":"1 minut"},"schema":{"@context":"https:\/\/schema.org","@graph":[{"@type":"WebPage","@id":"https:\/\/participa.lafontdencarros.es\/ca\/pressupostos-participatius-2023\/","url":"https:\/\/participa.lafontdencarros.es\/ca\/pressupostos-participatius-2023\/","name":"Pressupostos participatius 2023 - Ajuntament Font d&#039;en Carr\u00f2s","isPartOf":{"@id":"\/#website"},"primaryImageOfPage":{"@id":"https:\/\/participa.lafontdencarros.es\/ca\/pressupostos-participatius-2023\/#primaryimage"},"image":{"@id":"https:\/\/participa.lafontdencarros.es\/ca\/pressupostos-participatius-2023\/#primaryimage"},"thumbnailUrl":"https:\/\/participa.lafontdencarros.es\/wp-content\/uploads\/2023\/10\/resultats-votacio-la-font-2023.jpg","datePublished":"2020-08-21T10:31:14+00:00","dateModified":"2024-09-04T05:54:12+00:00","breadcrumb":{"@id":"https:\/\/participa.lafontdencarros.es\/ca\/pressupostos-participatius-2023\/#breadcrumb"},"inLanguage":"ca","potentialAction":[{"@type":"ReadAction","target":["https:\/\/participa.lafontdencarros.es\/ca\/pressupostos-participatius-2023\/"]}]},{"@type":"ImageObject","inLanguage":"ca","@id":"https:\/\/participa.lafontdencarros.es\/ca\/pressupostos-participatius-2023\/#primaryimage","url":"https:\/\/participa.lafontdencarros.es\/wp-content\/uploads\/2023\/10\/resultats-votacio-la-font-2023.jpg","contentUrl":"https:\/\/participa.lafontdencarros.es\/wp-content\/uploads\/2023\/10\/resultats-votacio-la-font-2023.jpg"},{"@type":"BreadcrumbList","@id":"https:\/\/participa.lafontdencarros.es\/ca\/pressupostos-participatius-2023\/#breadcrumb","itemListElement":[{"@type":"ListItem","position":1,"name":"Portada","item":"https:\/\/participa.lafontdencarros.es\/ca\/"},{"@type":"ListItem","position":2,"name":"Pressupostos participatius 2023"}]},{"@type":"WebSite","@id":"\/#website","url":"\/","name":"Ajuntament Font d&#039;en Carr\u00f2s","description":"Otro sitio realizado con WordPress","publisher":{"@id":"\/#organization"},"potentialAction":[{"@type":"SearchAction","target":{"@type":"EntryPoint","urlTemplate":"\/?s={search_term_string}"},"query-input":{"@type":"PropertyValueSpecification","valueRequired":true,"valueName":"search_term_string"}}],"inLanguage":"ca"},{"@type":"Organization","@id":"\/#organization","name":"Ajuntament Font d&#039;en Carr\u00f2s","url":"\/","logo":{"@type":"ImageObject","inLanguage":"ca","@id":"\/#\/schema\/logo\/image\/","url":"https:\/\/participa.lafontdencarros.es\/wp-content\/uploads\/2022\/05\/logo_fontdencarros_participa-2022.jpg","contentUrl":"https:\/\/participa.lafontdencarros.es\/wp-content\/uploads\/2022\/05\/logo_fontdencarros_participa-2022.jpg","width":232,"height":84,"caption":"Ajuntament Font d&#039;en Carr\u00f2s"},"image":{"@id":"\/#\/schema\/logo\/image\/"}}]}},"_links":{"self":[{"href":"https:\/\/participa.lafontdencarros.es\/ca\/wp-json\/wp\/v2\/pages\/92","targetHints":{"allow":["GET"]}}],"collection":[{"href":"https:\/\/participa.lafontdencarros.es\/ca\/wp-json\/wp\/v2\/pages"}],"about":[{"href":"https:\/\/participa.lafontdencarros.es\/ca\/wp-json\/wp\/v2\/types\/page"}],"author":[{"embeddable":true,"href":"https:\/\/participa.lafontdencarros.es\/ca\/wp-json\/wp\/v2\/users\/1"}],"replies":[{"embeddable":true,"href":"https:\/\/participa.lafontdencarros.es\/ca\/wp-json\/wp\/v2\/comments?post=92"}],"version-history":[{"count":373,"href":"https:\/\/participa.lafontdencarros.es\/ca\/wp-json\/wp\/v2\/pages\/92\/revisions"}],"predecessor-version":[{"id":1748,"href":"https:\/\/participa.lafontdencarros.es\/ca\/wp-json\/wp\/v2\/pages\/92\/revisions\/1748"}],"wp:attachment":[{"href":"https:\/\/participa.lafontdencarros.es\/ca\/wp-json\/wp\/v2\/media?parent=92"}],"curies":[{"name":"wp","href":"https:\/\/api.w.org\/{rel}","templated":true}]}}