{"id":558,"date":"2020-08-27T14:00:17","date_gmt":"2020-08-27T12:00:17","guid":{"rendered":"https:\/\/participa.lafontdencarros.es\/?page_id=558"},"modified":"2020-09-10T09:41:39","modified_gmt":"2020-09-10T07:41:39","slug":"politica-cookies","status":"publish","type":"page","link":"https:\/\/participa.lafontdencarros.es\/ca\/politica-cookies\/","title":{"rendered":"Politica cookies"},"content":{"rendered":"\t\t<div data-elementor-type=\"wp-page\" data-elementor-id=\"558\" class=\"elementor elementor-558\" data-elementor-post-type=\"page\">\n\t\t\t\t\t\t<section class=\"elementor-section elementor-top-section elementor-element elementor-element-9fbd20a elementor-section-boxed elementor-section-height-default elementor-section-height-default\" data-id=\"9fbd20a\" data-element_type=\"section\" data-e-type=\"section\">\n\t\t\t\t\t\t<div class=\"elementor-container elementor-column-gap-default\">\n\t\t\t\t\t<div class=\"elementor-column elementor-col-100 elementor-top-column elementor-element elementor-element-6cc0638\" data-id=\"6cc0638\" data-element_type=\"column\" data-e-type=\"column\">\n\t\t\t<div class=\"elementor-widget-wrap elementor-element-populated\">\n\t\t\t\t\t\t<div class=\"elementor-element elementor-element-c14d846 elementor-widget elementor-widget-text-editor\" data-id=\"c14d846\" data-element_type=\"widget\" data-e-type=\"widget\" data-widget_type=\"text-editor.default\">\n\t\t\t\t<div class=\"elementor-widget-container\">\n\t\t\t\t\t\t\t\t\t<p><b>POL\u00cdTICA DE COOKIES<\/b><\/p>\t\t\t\t\t\t\t\t<\/div>\n\t\t\t\t<\/div>\n\t\t\t\t<div class=\"elementor-element elementor-element-1953176 elementor-widget elementor-widget-text-editor\" data-id=\"1953176\" data-element_type=\"widget\" data-e-type=\"widget\" data-widget_type=\"text-editor.default\">\n\t\t\t\t<div class=\"elementor-widget-container\">\n\t\t\t\t\t\t\t\t\t<p>Durant la seva visita a la web, puc recollir dades de car\u00e0cter personal, principalment a trav\u00e9s de l&#8217;\u00fas de les cookies.<\/p><p>Una galeta \u00e9s un petit arxiu de text que un servidor pot col\u00b7locar en el disc dur de l&#8217;ordinador, tablet, tel\u00e8fon m\u00f2bil o en definitiva, en el dispositiu que utilitzi per navegar a trav\u00e9s d&#8217;Internet i que cont\u00e9 informaci\u00f3 sobre la visita de l&#8217;usuari a la Web, les seves prefer\u00e8ncies de navegaci\u00f3, la informaci\u00f3 que m\u00e9s li interessa, idioma, etc.<\/p><p>En funci\u00f3 de la seva naturalesa, les galetes poden classificar-se en:<\/p><p>Galetes de sessi\u00f3 i galetes permanents: les primeres s\u00f3n eliminades a l&#8217;tancar el navegador, mentre que les segones romanen en l&#8217;equip inform\u00e0tic.<\/p><p>Galetes pr\u00f2pies i Galetes de tercers: en funci\u00f3 de si pertanyen a l&#8217;titular del web, o a un tercer.<\/p><p>Les galetes poden ser utilitzades per recopilar informaci\u00f3 espec\u00edfica durant la seva visita a la web. L&#8217;objectiu de la utilitzaci\u00f3 de les cookies \u00e9s millorar la navegaci\u00f3 i les seves condicions de funcionalitat, ja que aquesta informaci\u00f3 pot ajudar a participa.lafontdencarros.es a assegurar que la nostra web i els serveis s&#8217;ajustin el m\u00e9s possible a les necessitats i prefer\u00e8ncies dels usuaris .<\/p><p>Addicionalment, en funci\u00f3 del seu objectiu, les galetes poden classificar-se de la seg\u00fcent manera:<\/p><p><strong>Galetes de rendiment<\/strong><\/p><p>Aquest tipus de Cookie recorda les seves prefer\u00e8ncies per a les eines que es troben en els serveis, de manera que no ha de tornar a configurar el servei cada vegada que vost\u00e8 visita. A tall d&#8217;exemple, en aquesta tipologia s&#8217;inclouen: Ajustaments de volum de reproductors de v\u00eddeo o so. Les velocitats de transmissi\u00f3 de v\u00eddeo compatibles amb el seu navegador. Els objectes guardats en el &#8220;carret de la compra&#8221; en els serveis de comer\u00e7 electr\u00f2nic com ara botigues.<\/p><p><strong>Galetes de geo-localitzaci\u00f3<\/strong><\/p><p>Aquestes cookies s\u00f3n utilitzades per esbrinar en quin pa\u00eds es troba quan se sol\u00b7licita un servei. Aquesta galeta \u00e9s totalment an\u00f2nima, i nom\u00e9s s&#8217;utilitza per ajudar a orientar el contingut a la seva ubicaci\u00f3.<\/p><p><strong>Galetes de registre<\/strong><\/p><p>Les galetes de registre es generen un cop que l&#8217;usuari s&#8217;ha registrat o posteriorment ha obert la sessi\u00f3, i s&#8217;utilitzen per identificar-lo en els serveis amb els seg\u00fcents objectius:<\/p><p>Mantenir a l&#8217;usuari identificat de manera que, si tanca un servei, el navegador o l&#8217;ordinador i en un altre moment o un altre dia torna a entrar en aquest servei, seguir\u00e0 identificat, facilitant aix\u00ed la seva navegaci\u00f3 sense haver de tornar a identificar-se. Aquesta funcionalitat es pot suprimir si l&#8217;usuari prem la funcionalitat [tancar sessi\u00f3], de manera que aquesta galeta s&#8217;elimina i la propera vegada que entri al servei l&#8217;usuari haur\u00e0 d&#8217;iniciar sessi\u00f3 per estar identificat.<\/p><p>Comprovar si l&#8217;usuari est\u00e0 autoritzat per accedir a certs serveis, per exemple, per participar en un concurs.<\/p><p>Addicionalment, alguns serveis poden utilitzar connectors amb xarxes socials com ara Facebook o Twitter. Quan l&#8217;usuari es registra en un servei amb credencials d&#8217;una xarxa social, autoritza a la xarxa social a guardar una galeta persistent que recorda la seva identitat i li garanteix acc\u00e9s als serveis fins que expira. L&#8217;usuari pot esborrar aquesta Cookie i revocar l&#8217;acc\u00e9s als serveis mitjan\u00e7ant xarxes socials actualitzant les seves prefer\u00e8ncies a la xarxa social que espec\u00edfica.<\/p><p><strong>Galetes d&#8217;anal\u00edtiques<\/strong><\/p><p>Cada vegada que un usuari visita un servei, una eina d&#8217;un prove\u00efdor extern genera una galeta anal\u00edtica a l&#8217;ordinador de l&#8217;usuari. Aquesta galeta que nom\u00e9s es genera en la visita, servir\u00e0 en properes visites als serveis de la web per identificar de forma an\u00f2nima a l&#8217;visitant. Els objectius principals que es persegueixen s\u00f3n:<\/p><p>Permetre la identificaci\u00f3 an\u00f2nima dels usuaris navegants a trav\u00e9s de la galeta (identifica navegadors i dispositius, no persones) i per tant la comptabilitzaci\u00f3 aproximada de el nombre de visitants i la seva tend\u00e8ncia en el temps.<\/p><p>Identificar de forma an\u00f2nima els continguts m\u00e9s visitats i per tant m\u00e9s atractius per als usuaris Saber si l&#8217;usuari que est\u00e0 accedint \u00e9s nou o repeteix visita.<\/p><p>Important: Llevat que l&#8217;usuari decideixi registrar-se en un servei del web, la galeta mai anir\u00e0 associada a cap dada de car\u00e0cter personal que pugui identificar-lo. Aquestes cookies nom\u00e9s seran utilitzades amb prop\u00f2sits estad\u00edstics que ajudin a l&#8217;optimitzaci\u00f3 de l&#8217;experi\u00e8ncia dels usuaris en el lloc.<\/p><p>\u00a0<\/p><p>Els webs de participa.lafontdencarros.es poden modificar aquesta Pol\u00edtica de Cookies en funci\u00f3 d&#8217;exig\u00e8ncies legislatives, reglament\u00e0ries, o amb la finalitat d&#8217;adaptar aquesta pol\u00edtica a les instruccions dictades per l&#8217;Ag\u00e8ncia Espanyola de Protecci\u00f3 de Dades, per aix\u00f2 s&#8217;aconsella als usuaris que la visitar peri\u00f2dicament.<\/p><p>Quan es produeixin canvis significatius en aquesta Pol\u00edtica de Cookies, aquests es comunicaran als usuaris b\u00e9 mitjan\u00e7ant el web o mitjan\u00e7ant correu electr\u00f2nic als usuaris registrats.<\/p>\t\t\t\t\t\t\t\t<\/div>\n\t\t\t\t<\/div>\n\t\t\t\t\t<\/div>\n\t\t<\/div>\n\t\t\t\t\t<\/div>\n\t\t<\/section>\n\t\t\t\t<\/div>\n\t\t","protected":false},"excerpt":{"rendered":"<p>POL\u00cdTICA DE COOKIES Durant la seva visita a la web, puc recollir dades de car\u00e0cter personal, principalment a trav\u00e9s de l&#8217;\u00fas de les cookies. Una galeta \u00e9s un petit arxiu de text que un servidor pot col\u00b7locar en el disc dur de l&#8217;ordinador, tablet, tel\u00e8fon m\u00f2bil o en definitiva, en el dispositiu que utilitzi per [&hellip;]<\/p>\n","protected":false},"author":1,"featured_media":0,"parent":0,"menu_order":0,"comment_status":"closed","ping_status":"closed","template":"elementor_header_footer","meta":{"_acf_changed":false,"footnotes":""},"class_list":["post-558","page","type-page","status-publish","hentry"],"acf":[],"yoast_head":"<!-- This site is optimized with the Yoast SEO plugin v27.2 - https:\/\/yoast.com\/product\/yoast-seo-wordpress\/ -->\n<title>Politica cookies - Ajuntament Font d&#039;en Carr\u00f2s<\/title>\n<meta name=\"robots\" content=\"index, follow, max-snippet:-1, max-image-preview:large, max-video-preview:-1\" \/>\n<link rel=\"canonical\" href=\"https:\/\/participa.lafontdencarros.es\/ca\/politica-cookies\/\" \/>\n<meta property=\"og:locale\" content=\"ca_ES\" \/>\n<meta property=\"og:type\" content=\"article\" \/>\n<meta property=\"og:title\" content=\"Politica cookies - Ajuntament Font d&#039;en Carr\u00f2s\" \/>\n<meta property=\"og:description\" content=\"POL\u00cdTICA DE COOKIES Durant la seva visita a la web, puc recollir dades de car\u00e0cter personal, principalment a trav\u00e9s de l&#8217;\u00fas de les cookies. Una galeta \u00e9s un petit arxiu de text que un servidor pot col\u00b7locar en el disc dur de l&#8217;ordinador, tablet, tel\u00e8fon m\u00f2bil o en definitiva, en el dispositiu que utilitzi per [&hellip;]\" \/>\n<meta property=\"og:url\" content=\"https:\/\/participa.lafontdencarros.es\/ca\/politica-cookies\/\" \/>\n<meta property=\"og:site_name\" content=\"Ajuntament Font d&#039;en Carr\u00f2s\" \/>\n<meta property=\"article:modified_time\" content=\"2020-09-10T07:41:39+00:00\" \/>\n<meta name=\"twitter:card\" content=\"summary_large_image\" \/>\n<meta name=\"twitter:label1\" content=\"Temps estimat de lectura\" \/>\n\t<meta name=\"twitter:data1\" content=\"4 minuts\" \/>\n<script type=\"application\/ld+json\" class=\"yoast-schema-graph\">{\"@context\":\"https:\/\/schema.org\",\"@graph\":[{\"@type\":\"WebPage\",\"@id\":\"https:\/\/participa.lafontdencarros.es\/ca\/politica-cookies\/\",\"url\":\"https:\/\/participa.lafontdencarros.es\/ca\/politica-cookies\/\",\"name\":\"Politica cookies - Ajuntament Font d&#039;en Carr\u00f2s\",\"isPartOf\":{\"@id\":\"\/#website\"},\"datePublished\":\"2020-08-27T12:00:17+00:00\",\"dateModified\":\"2020-09-10T07:41:39+00:00\",\"breadcrumb\":{\"@id\":\"https:\/\/participa.lafontdencarros.es\/ca\/politica-cookies\/#breadcrumb\"},\"inLanguage\":\"ca\",\"potentialAction\":[{\"@type\":\"ReadAction\",\"target\":[\"https:\/\/participa.lafontdencarros.es\/ca\/politica-cookies\/\"]}]},{\"@type\":\"BreadcrumbList\",\"@id\":\"https:\/\/participa.lafontdencarros.es\/ca\/politica-cookies\/#breadcrumb\",\"itemListElement\":[{\"@type\":\"ListItem\",\"position\":1,\"name\":\"Portada\",\"item\":\"https:\/\/participa.lafontdencarros.es\/ca\/\"},{\"@type\":\"ListItem\",\"position\":2,\"name\":\"Politica cookies\"}]},{\"@type\":\"WebSite\",\"@id\":\"\/#website\",\"url\":\"\/\",\"name\":\"Ajuntament Font d&#039;en Carr\u00f2s\",\"description\":\"Otro sitio realizado con WordPress\",\"publisher\":{\"@id\":\"\/#organization\"},\"potentialAction\":[{\"@type\":\"SearchAction\",\"target\":{\"@type\":\"EntryPoint\",\"urlTemplate\":\"\/?s={search_term_string}\"},\"query-input\":{\"@type\":\"PropertyValueSpecification\",\"valueRequired\":true,\"valueName\":\"search_term_string\"}}],\"inLanguage\":\"ca\"},{\"@type\":\"Organization\",\"@id\":\"\/#organization\",\"name\":\"Ajuntament Font d&#039;en Carr\u00f2s\",\"url\":\"\/\",\"logo\":{\"@type\":\"ImageObject\",\"inLanguage\":\"ca\",\"@id\":\"\/#\/schema\/logo\/image\/\",\"url\":\"https:\/\/participa.lafontdencarros.es\/wp-content\/uploads\/2022\/05\/logo_fontdencarros_participa-2022.jpg\",\"contentUrl\":\"https:\/\/participa.lafontdencarros.es\/wp-content\/uploads\/2022\/05\/logo_fontdencarros_participa-2022.jpg\",\"width\":232,\"height\":84,\"caption\":\"Ajuntament Font d&#039;en Carr\u00f2s\"},\"image\":{\"@id\":\"\/#\/schema\/logo\/image\/\"}}]}<\/script>\n<!-- \/ Yoast SEO plugin. -->","yoast_head_json":{"title":"Politica cookies - Ajuntament Font d&#039;en Carr\u00f2s","robots":{"index":"index","follow":"follow","max-snippet":"max-snippet:-1","max-image-preview":"max-image-preview:large","max-video-preview":"max-video-preview:-1"},"canonical":"https:\/\/participa.lafontdencarros.es\/ca\/politica-cookies\/","og_locale":"ca_ES","og_type":"article","og_title":"Politica cookies - Ajuntament Font d&#039;en Carr\u00f2s","og_description":"POL\u00cdTICA DE COOKIES Durant la seva visita a la web, puc recollir dades de car\u00e0cter personal, principalment a trav\u00e9s de l&#8217;\u00fas de les cookies. Una galeta \u00e9s un petit arxiu de text que un servidor pot col\u00b7locar en el disc dur de l&#8217;ordinador, tablet, tel\u00e8fon m\u00f2bil o en definitiva, en el dispositiu que utilitzi per [&hellip;]","og_url":"https:\/\/participa.lafontdencarros.es\/ca\/politica-cookies\/","og_site_name":"Ajuntament Font d&#039;en Carr\u00f2s","article_modified_time":"2020-09-10T07:41:39+00:00","twitter_card":"summary_large_image","twitter_misc":{"Temps estimat de lectura":"4 minuts"},"schema":{"@context":"https:\/\/schema.org","@graph":[{"@type":"WebPage","@id":"https:\/\/participa.lafontdencarros.es\/ca\/politica-cookies\/","url":"https:\/\/participa.lafontdencarros.es\/ca\/politica-cookies\/","name":"Politica cookies - Ajuntament Font d&#039;en Carr\u00f2s","isPartOf":{"@id":"\/#website"},"datePublished":"2020-08-27T12:00:17+00:00","dateModified":"2020-09-10T07:41:39+00:00","breadcrumb":{"@id":"https:\/\/participa.lafontdencarros.es\/ca\/politica-cookies\/#breadcrumb"},"inLanguage":"ca","potentialAction":[{"@type":"ReadAction","target":["https:\/\/participa.lafontdencarros.es\/ca\/politica-cookies\/"]}]},{"@type":"BreadcrumbList","@id":"https:\/\/participa.lafontdencarros.es\/ca\/politica-cookies\/#breadcrumb","itemListElement":[{"@type":"ListItem","position":1,"name":"Portada","item":"https:\/\/participa.lafontdencarros.es\/ca\/"},{"@type":"ListItem","position":2,"name":"Politica cookies"}]},{"@type":"WebSite","@id":"\/#website","url":"\/","name":"Ajuntament Font d&#039;en Carr\u00f2s","description":"Otro sitio realizado con WordPress","publisher":{"@id":"\/#organization"},"potentialAction":[{"@type":"SearchAction","target":{"@type":"EntryPoint","urlTemplate":"\/?s={search_term_string}"},"query-input":{"@type":"PropertyValueSpecification","valueRequired":true,"valueName":"search_term_string"}}],"inLanguage":"ca"},{"@type":"Organization","@id":"\/#organization","name":"Ajuntament Font d&#039;en Carr\u00f2s","url":"\/","logo":{"@type":"ImageObject","inLanguage":"ca","@id":"\/#\/schema\/logo\/image\/","url":"https:\/\/participa.lafontdencarros.es\/wp-content\/uploads\/2022\/05\/logo_fontdencarros_participa-2022.jpg","contentUrl":"https:\/\/participa.lafontdencarros.es\/wp-content\/uploads\/2022\/05\/logo_fontdencarros_participa-2022.jpg","width":232,"height":84,"caption":"Ajuntament Font d&#039;en Carr\u00f2s"},"image":{"@id":"\/#\/schema\/logo\/image\/"}}]}},"_links":{"self":[{"href":"https:\/\/participa.lafontdencarros.es\/ca\/wp-json\/wp\/v2\/pages\/558","targetHints":{"allow":["GET"]}}],"collection":[{"href":"https:\/\/participa.lafontdencarros.es\/ca\/wp-json\/wp\/v2\/pages"}],"about":[{"href":"https:\/\/participa.lafontdencarros.es\/ca\/wp-json\/wp\/v2\/types\/page"}],"author":[{"embeddable":true,"href":"https:\/\/participa.lafontdencarros.es\/ca\/wp-json\/wp\/v2\/users\/1"}],"replies":[{"embeddable":true,"href":"https:\/\/participa.lafontdencarros.es\/ca\/wp-json\/wp\/v2\/comments?post=558"}],"version-history":[{"count":10,"href":"https:\/\/participa.lafontdencarros.es\/ca\/wp-json\/wp\/v2\/pages\/558\/revisions"}],"predecessor-version":[{"id":913,"href":"https:\/\/participa.lafontdencarros.es\/ca\/wp-json\/wp\/v2\/pages\/558\/revisions\/913"}],"wp:attachment":[{"href":"https:\/\/participa.lafontdencarros.es\/ca\/wp-json\/wp\/v2\/media?parent=558"}],"curies":[{"name":"wp","href":"https:\/\/api.w.org\/{rel}","templated":true}]}}