{"id":555,"date":"2020-08-27T13:59:18","date_gmt":"2020-08-27T11:59:18","guid":{"rendered":"https:\/\/participa.lafontdencarros.es\/?page_id=555"},"modified":"2020-09-10T09:21:56","modified_gmt":"2020-09-10T07:21:56","slug":"avis-legal","status":"publish","type":"page","link":"https:\/\/participa.lafontdencarros.es\/ca\/avis-legal\/","title":{"rendered":"Avis legal"},"content":{"rendered":"\t\t<div data-elementor-type=\"wp-page\" data-elementor-id=\"555\" class=\"elementor elementor-555\" data-elementor-post-type=\"page\">\n\t\t\t\t\t\t<section class=\"elementor-section elementor-top-section elementor-element elementor-element-f4dec51 elementor-section-boxed elementor-section-height-default elementor-section-height-default\" data-id=\"f4dec51\" data-element_type=\"section\" data-e-type=\"section\">\n\t\t\t\t\t\t<div class=\"elementor-container elementor-column-gap-default\">\n\t\t\t\t\t<div class=\"elementor-column elementor-col-100 elementor-top-column elementor-element elementor-element-0c52478\" data-id=\"0c52478\" data-element_type=\"column\" data-e-type=\"column\">\n\t\t\t<div class=\"elementor-widget-wrap elementor-element-populated\">\n\t\t\t\t\t\t<div class=\"elementor-element elementor-element-7a69490 elementor-widget elementor-widget-text-editor\" data-id=\"7a69490\" data-element_type=\"widget\" data-e-type=\"widget\" data-widget_type=\"text-editor.default\">\n\t\t\t\t<div class=\"elementor-widget-container\">\n\t\t\t\t\t\t\t\t\t<p><b>AV\u00cdS LEGAL \u2013 CONDICIONS D\u2019\u00daS<\/b><\/p>\t\t\t\t\t\t\t\t<\/div>\n\t\t\t\t<\/div>\n\t\t\t\t<div class=\"elementor-element elementor-element-ccae857 elementor-widget elementor-widget-text-editor\" data-id=\"ccae857\" data-element_type=\"widget\" data-e-type=\"widget\" data-widget_type=\"text-editor.default\">\n\t\t\t\t<div class=\"elementor-widget-container\">\n\t\t\t\t\t\t\t\t\t<p><span style=\"font-weight: 400;\">A trav\u00e9s del present, l&#8217;Ajuntament informa de les Condicions i Termes Generals que regulen l&#8217;acc\u00e9s, navegaci\u00f3 i \u00fas del Portal de Participaci\u00f3 de l\u2019Ajuntament de La Font d&#8217;en Carr\u00f2s. En particular, informa i regula l&#8217;acc\u00e9s i \u00fas dels seg\u00fcents llocs web:<\/span><\/p><p><b>Finalitat del Portal de la Participaci\u00f3<\/b><\/p><p><span style=\"font-weight: 400;\">Aquest Portal t\u00e9 per objecte posar a disposici\u00f3 dels ve\u00efns i les ve\u00efnes tota mena de serveis i informacions relacionades amb la participaci\u00f3 ciutadana.<\/span><\/p><p><b>Usuari o usu\u00e0ria<\/b><\/p><p><span style=\"font-weight: 400;\">Per l&#8217;acc\u00e9s, navegaci\u00f3 pel Portal d&#8217;Internet de l\u2019Ajuntament de La Font d&#8217;en Carr\u00f2s i\/o per la utilitzaci\u00f3 dels serveis inclosos en aquest, Vost\u00e9 adquireix la condici\u00f3 d&#8217;Usuari, sense reserves de cap classe, a totes i cadascuna de les presents Condicions i Termes Generals d&#8217;\u00das i\u00a0 de les Condicions Particulars, que en el seu cas regisquen la prestaci\u00f3 dels serveis que es disposaren en el lloc web, sense perjudici de l&#8217;atenci\u00f3 i compliment per part de l&#8217;Usuari de les condicions fixades i previstes pels llocs web hipervinculats des del Portal, de les quals no respon l\u2019Ajuntament de La Font d&#8217;en Carr\u00f2s.<\/span><\/p><p><span style=\"font-weight: 400;\">L\u2019Ajuntament de La Font d&#8217;en Carr\u00f2s podr\u00e0, en tot moment i sense previ av\u00eds, modificar les Condicions i Termes Generals d&#8217;\u00das, aix\u00ed com les Condicions Particulars, que s&#8217;establiren.\u00a0<\/span><\/p><p><span style=\"font-weight: 400;\">En tot cas, l&#8217;Usuari es compromet a fer un \u00fas adequat dels continguts i serveis que l\u2019Ajuntament de La Font d&#8217;en Carr\u00f2s ofereix a trav\u00e9s del Portal i, amb car\u00e0cter enunciatiu, per\u00f2 no limitatiu:<\/span><\/p><p><span style=\"font-weight: 400;\">(i) No inc\u00f3rrer en activitats il\u00b7l\u00edcites, il\u00b7legals o contr\u00e0ries a la bona fe i a l&#8217;ordre p\u00fablic.\u00a0<\/span><\/p><p><span style=\"font-weight: 400;\">(ii) No introduir, emmagatzemar o difondre en o des del Portal, qualsevol informaci\u00f3 o material que, expl\u00edcita o impl\u00edcitament, fora difamatori, injuri\u00f3s, obsc\u00e9, amena\u00e7ador, xen\u00f2fob, d&#8217;apologia del terrorisme, pornogr\u00e0fic o incite a la viol\u00e8ncia, a la discriminaci\u00f3 per ra\u00f3 de ra\u00e7a, sexe, ideologia, religi\u00f3 o que de qualsevol forma atempte contra la moral, l&#8217;ordre p\u00fablic, els drets fonamentals, les llibertes p\u00fabliques, amb especial atenci\u00f3 a l&#8217;honor, la intimitat o la imatge de tercers i, en general, contra els drets humans.<\/span><\/p><p><span style=\"font-weight: 400;\">(iii) No utilitzar identitats falses, ni suplantar la identitat d&#8217;uns altres en la utilitzaci\u00f3 del Portal o en la utilitzaci\u00f3 de qualsevol dels serveis disposats, incloent la utilitzaci\u00f3 en el seu cas de contrasenyes o claus d&#8217;acc\u00e9s de tercers o de qualsevol altra forma.<\/span><\/p><p><span style=\"font-weight: 400;\">En conseq\u00fc\u00e8ncia, l&#8217;Usuari no podr\u00e0 intentar accedir i, en el seu cas, utilitzar les claus d&#8217;altres usuaris i modificar o manipular els seus missatges.<\/span><\/p><p><b>Acc\u00e9s al Portal de la Participaci\u00f3<\/b><\/p><p><span style=\"font-weight: 400;\">L\u2019usuari o usu\u00e0ria accedir\u00e0 al Portal i far\u00e0 \u00fas del contingut del mateix conforme a la legalitat vigent en el moment. L\u2019usuari o usu\u00e0ria no podr\u00e0 utilitzar el present web amb cap finalitat o prop\u00f2sit que siga ilegal o estiga prohibit per les presents condicions d\u2019\u00fas.\u00a0<\/span><\/p><p><span style=\"font-weight: 400;\">En concret, l\u2019usuari o usu\u00e0ria no podr\u00e0 accedir al Portal de manera que danye, deteriore, inutilitze o sobrecarregue els serveis i\/o la informaci\u00f3 oferta; tampoc podr\u00e0 interferir l\u2019\u00fas d\u2019aquests serveis i\/o la informaci\u00f3 per tercers, ni per intrusi\u00f3 o per qualsevol altre mitj\u00e0 no autoritzat.\u00a0<\/span><\/p><p><span style=\"font-weight: 400;\">L\u2019Ajuntament de La Font d\u2019en Carr\u00f2s es reserva el dret a suspendre temporalment\u00a0 l\u2019acc\u00e9s al Portal de la Participaci\u00f3, sense av\u00eds previ, de forma discrecional i temporal.<\/span><\/p><p><b>Gratu\u00eftat d\u2019acc\u00e9s<\/b><\/p><p><span style=\"font-weight: 400;\">L\u2019acc\u00e9s al Portal i l\u2019\u00fas dels serveis que des d\u2019aquest s\u2019ofereixen tenen car\u00e0cter gratu\u00eft.<\/span><\/p><p><b>Acceptaci\u00f3 de les condicions d\u2019\u00fas<\/b><\/p><p><span style=\"font-weight: 400;\">L\u2019usuari o usu\u00e0ria d\u00e9u llegir aquestes condiciones d\u2019\u00fas, aix\u00ed com tamb\u00e9 totes aquelles que per cada servei concret ofert des del Portal de la Participaci\u00f3 es determinen. Igualment d\u00e9u llegir l\u2019Av\u00eds Legal i la Pol\u00edtica de Privacitat i Protecci\u00f3 de Dades. Qualsevol dubte o consulta en relaci\u00f3 a las mateixes pot ser adre\u00e7ada a<\/span> <a href=\"mailto:participaciolafontdencarros@gmail.com\"><span style=\"font-weight: 400;\">participaciolafontdencarros@gmail.com<\/span><\/a><span style=\"font-weight: 400;\">.<\/span><\/p><p><span style=\"font-weight: 400;\">L\u2019acc\u00e9s o \u00fas dels serveis oferts des del Portal de la Participaci\u00f3 implica la acceptaci\u00f3 sense reserves de tots els termes referits d\u2019acc\u00e9s al Portal i \u00fas dels serveis, Av\u00eds Legal i Pol\u00edtica de Privacitat i Protecci\u00f3 de Dades.<\/span><\/p><p><b>Car\u00e0cter de la informaci\u00f3 publicada en el Portal<\/b><\/p><p><span style=\"font-weight: 400;\">Les informacions oferides mitjan\u00e7ant aquest mig tenen exclusivament car\u00e0cter il\u00b7lustratiu i no originen drets ni expectatives de drets i no es fa responsable dels continguts accessibles mitjan\u00e7ant enlla\u00e7os o documents existents en altres dominis.<\/span><\/p><p><span style=\"font-weight: 400;\">L\u2019Ajuntament de La Font d&#8217;en Carr\u00f2s procura que aquesta informaci\u00f3 siga exacta i precisa, i procedeix a la seua actualitzaci\u00f3 amb la m\u00e0xima celeritat possible, tractant d&#8217;evitar errors i corregint-los tan prompte com els detecta. No obstant aix\u00f2, l\u2019Ajuntament de La Font d&#8217;en Carr\u00f2s no pot garantir la inexist\u00e8ncia d&#8217;errors ni que el contingut de la informaci\u00f3 es trobe permanentment actualitzat.<\/span><\/p><p><span style=\"font-weight: 400;\">La informaci\u00f3 continguda en el Portal pot ser modificada i actualitzada per l\u2019Ajuntament de La Font d&#8217;en Carr\u00f2s, sense necessitat d&#8217;av\u00eds previ, tant quant al seu contingut com al seu disseny i presentaci\u00f3.<\/span><\/p><p><b>Responsabilitat<\/b><\/p><p><span style=\"font-weight: 400;\">L\u2019Ajuntament de La Font d&#8217;en Carr\u00f2s no es fa responsable dels danys i perjudicis que es pogueren derivar de, amb car\u00e0cter merament enunciatiu i no limitatiu:<\/span><\/p><p><span style=\"font-weight: 400;\">(i) Infer\u00e8ncies, omissions, interrupcions, virus inform\u00e0tics, avaries i\/o desconnexions en el funcionament operatiu d&#8217;aquest sistema electr\u00f2nic o en els aparells i equips inform\u00e0tics dels Usuaris, motivades per causes alienes a l\u2019Ajuntament de La Font d&#8217;en Carr\u00f2s, que impedisquen o retarden la prestaci\u00f3 dels serveis o la navegaci\u00f3 pel Sistema.<\/span><\/p><p><span style=\"font-weight: 400;\">(ii) Retards o bloquejos en l&#8217;\u00fas causats per defici\u00e8ncies o sobrec\u00e0rregues d&#8217;Internet o en altres sistemes electr\u00f2nics.\u00a0<\/span><\/p><p><span style=\"font-weight: 400;\">(iii) Que puguen ser causats per terceres persones mitjan\u00e7ant intromissions il\u00b7leg\u00edtimes fora del control i que no siguen atribu\u00efbles a l\u2019Ajuntament de La Font d&#8217;en Carr\u00f2s.\u00a0<\/span><\/p><p><span style=\"font-weight: 400;\">(iv) De la impossibilitat de donar el servei o permetre l&#8217;acc\u00e9s per causes no imputables a l\u2019Ajuntament de La Font d&#8217;en Carr\u00f2s, degudes a l&#8217;Usuari, a tercers, o a sup\u00f2sits de for\u00e7a major.<\/span><\/p><p><b>Propietat intel\u00b7lectual i industrial.\u00a0<\/b><\/p><p><span style=\"font-weight: 400;\">El codi font, els dissenys gr\u00e0fics, les imatges, les fotografies, els sons, les animacions, el programari, els textos, els noms de domini, les marques, aix\u00ed com la informaci\u00f3 i els continguts recollits al llarg de tot el Portal estan protegits per la legislaci\u00f3 espanyola, a favor de l\u2019Ajuntament de La Font d&#8217;en Carr\u00f2s.<\/span><\/p><p><span style=\"font-weight: 400;\">El seu \u00fas, reproducci\u00f3, distribuci\u00f3, comunicaci\u00f3 p\u00fablica, transformaci\u00f3 o qualsevol altra activitat similar o an\u00e0loga, queda totalment prohibida llevat que medie autoritzaci\u00f3 expressa de l\u2019Ajuntament de La Font d&#8217;en Carr\u00f2s<\/span><\/p><p><span style=\"font-weight: 400;\">La llic\u00e8ncia d&#8217;\u00fas de qualsevol contingut d&#8217;aquesta seu, atorgada a l&#8217;Usuari, es limita a la desc\u00e0rrega d&#8217;aquest contingut i l&#8217;\u00fas privat d&#8217;aquest. De conformitat amb l&#8217;article 8 de la Llei 37\/2007, de 16 de novembre, sobre reutilitzaci\u00f3 de la informaci\u00f3 del sector p\u00fablic, la reutilitzaci\u00f3 de la informaci\u00f3 de les Administracions i dels organismes del sector p\u00fablic estar\u00e0 sotmesa, entre altres, a les seg\u00fcents condicions generals: (a) Que el contingut de la informaci\u00f3 no siga alterat.(b) Que no es desnaturalitze el sentit de la informaci\u00f3 (c) Que se cite la font i (d) Que s&#8217;esmente la data de l&#8217;\u00faltima actualitzaci\u00f3.<\/span><\/p><p><b>Revisi\u00f3 de les condicions d\u2019\u00fas<\/b><\/p><p><span style=\"font-weight: 400;\">L\u2019Ajuntament de La Font d\u2019en Carr\u00f2s es reserva la facultat de modificar les condicions d\u2019\u00fas per a la participaci\u00f3 en el Portal.<\/span><\/p>\t\t\t\t\t\t\t\t<\/div>\n\t\t\t\t<\/div>\n\t\t\t\t\t<\/div>\n\t\t<\/div>\n\t\t\t\t\t<\/div>\n\t\t<\/section>\n\t\t\t\t<\/div>\n\t\t","protected":false},"excerpt":{"rendered":"<p>AV\u00cdS LEGAL \u2013 CONDICIONS D\u2019\u00daS A trav\u00e9s del present, l&#8217;Ajuntament informa de les Condicions i Termes Generals que regulen l&#8217;acc\u00e9s, navegaci\u00f3 i \u00fas del Portal de Participaci\u00f3 de l\u2019Ajuntament de La Font d&#8217;en Carr\u00f2s. En particular, informa i regula l&#8217;acc\u00e9s i \u00fas dels seg\u00fcents llocs web: Finalitat del Portal de la Participaci\u00f3 Aquest Portal t\u00e9 [&hellip;]<\/p>\n","protected":false},"author":1,"featured_media":0,"parent":0,"menu_order":0,"comment_status":"closed","ping_status":"closed","template":"elementor_header_footer","meta":{"_acf_changed":false,"footnotes":""},"class_list":["post-555","page","type-page","status-publish","hentry"],"acf":[],"yoast_head":"<!-- This site is optimized with the Yoast SEO plugin v27.2 - https:\/\/yoast.com\/product\/yoast-seo-wordpress\/ -->\n<title>Avis legal - Ajuntament Font d&#039;en Carr\u00f2s<\/title>\n<meta name=\"robots\" content=\"index, follow, max-snippet:-1, max-image-preview:large, max-video-preview:-1\" \/>\n<link rel=\"canonical\" href=\"https:\/\/participa.lafontdencarros.es\/ca\/avis-legal\/\" \/>\n<meta property=\"og:locale\" content=\"ca_ES\" \/>\n<meta property=\"og:type\" content=\"article\" \/>\n<meta property=\"og:title\" content=\"Avis legal - Ajuntament Font d&#039;en Carr\u00f2s\" \/>\n<meta property=\"og:description\" content=\"AV\u00cdS LEGAL \u2013 CONDICIONS D\u2019\u00daS A trav\u00e9s del present, l&#8217;Ajuntament informa de les Condicions i Termes Generals que regulen l&#8217;acc\u00e9s, navegaci\u00f3 i \u00fas del Portal de Participaci\u00f3 de l\u2019Ajuntament de La Font d&#8217;en Carr\u00f2s. En particular, informa i regula l&#8217;acc\u00e9s i \u00fas dels seg\u00fcents llocs web: Finalitat del Portal de la Participaci\u00f3 Aquest Portal t\u00e9 [&hellip;]\" \/>\n<meta property=\"og:url\" content=\"https:\/\/participa.lafontdencarros.es\/ca\/avis-legal\/\" \/>\n<meta property=\"og:site_name\" content=\"Ajuntament Font d&#039;en Carr\u00f2s\" \/>\n<meta property=\"article:modified_time\" content=\"2020-09-10T07:21:56+00:00\" \/>\n<meta name=\"twitter:card\" content=\"summary_large_image\" \/>\n<meta name=\"twitter:label1\" content=\"Temps estimat de lectura\" \/>\n\t<meta name=\"twitter:data1\" content=\"7 minuts\" \/>\n<script type=\"application\/ld+json\" class=\"yoast-schema-graph\">{\"@context\":\"https:\/\/schema.org\",\"@graph\":[{\"@type\":\"WebPage\",\"@id\":\"https:\/\/participa.lafontdencarros.es\/ca\/avis-legal\/\",\"url\":\"https:\/\/participa.lafontdencarros.es\/ca\/avis-legal\/\",\"name\":\"Avis legal - Ajuntament Font d&#039;en Carr\u00f2s\",\"isPartOf\":{\"@id\":\"\/#website\"},\"datePublished\":\"2020-08-27T11:59:18+00:00\",\"dateModified\":\"2020-09-10T07:21:56+00:00\",\"breadcrumb\":{\"@id\":\"https:\/\/participa.lafontdencarros.es\/ca\/avis-legal\/#breadcrumb\"},\"inLanguage\":\"ca\",\"potentialAction\":[{\"@type\":\"ReadAction\",\"target\":[\"https:\/\/participa.lafontdencarros.es\/ca\/avis-legal\/\"]}]},{\"@type\":\"BreadcrumbList\",\"@id\":\"https:\/\/participa.lafontdencarros.es\/ca\/avis-legal\/#breadcrumb\",\"itemListElement\":[{\"@type\":\"ListItem\",\"position\":1,\"name\":\"Portada\",\"item\":\"https:\/\/participa.lafontdencarros.es\/ca\/\"},{\"@type\":\"ListItem\",\"position\":2,\"name\":\"Avis legal\"}]},{\"@type\":\"WebSite\",\"@id\":\"\/#website\",\"url\":\"\/\",\"name\":\"Ajuntament Font d&#039;en Carr\u00f2s\",\"description\":\"Otro sitio realizado con WordPress\",\"publisher\":{\"@id\":\"\/#organization\"},\"potentialAction\":[{\"@type\":\"SearchAction\",\"target\":{\"@type\":\"EntryPoint\",\"urlTemplate\":\"\/?s={search_term_string}\"},\"query-input\":{\"@type\":\"PropertyValueSpecification\",\"valueRequired\":true,\"valueName\":\"search_term_string\"}}],\"inLanguage\":\"ca\"},{\"@type\":\"Organization\",\"@id\":\"\/#organization\",\"name\":\"Ajuntament Font d&#039;en Carr\u00f2s\",\"url\":\"\/\",\"logo\":{\"@type\":\"ImageObject\",\"inLanguage\":\"ca\",\"@id\":\"\/#\/schema\/logo\/image\/\",\"url\":\"https:\/\/participa.lafontdencarros.es\/wp-content\/uploads\/2022\/05\/logo_fontdencarros_participa-2022.jpg\",\"contentUrl\":\"https:\/\/participa.lafontdencarros.es\/wp-content\/uploads\/2022\/05\/logo_fontdencarros_participa-2022.jpg\",\"width\":232,\"height\":84,\"caption\":\"Ajuntament Font d&#039;en Carr\u00f2s\"},\"image\":{\"@id\":\"\/#\/schema\/logo\/image\/\"}}]}<\/script>\n<!-- \/ Yoast SEO plugin. -->","yoast_head_json":{"title":"Avis legal - Ajuntament Font d&#039;en Carr\u00f2s","robots":{"index":"index","follow":"follow","max-snippet":"max-snippet:-1","max-image-preview":"max-image-preview:large","max-video-preview":"max-video-preview:-1"},"canonical":"https:\/\/participa.lafontdencarros.es\/ca\/avis-legal\/","og_locale":"ca_ES","og_type":"article","og_title":"Avis legal - Ajuntament Font d&#039;en Carr\u00f2s","og_description":"AV\u00cdS LEGAL \u2013 CONDICIONS D\u2019\u00daS A trav\u00e9s del present, l&#8217;Ajuntament informa de les Condicions i Termes Generals que regulen l&#8217;acc\u00e9s, navegaci\u00f3 i \u00fas del Portal de Participaci\u00f3 de l\u2019Ajuntament de La Font d&#8217;en Carr\u00f2s. En particular, informa i regula l&#8217;acc\u00e9s i \u00fas dels seg\u00fcents llocs web: Finalitat del Portal de la Participaci\u00f3 Aquest Portal t\u00e9 [&hellip;]","og_url":"https:\/\/participa.lafontdencarros.es\/ca\/avis-legal\/","og_site_name":"Ajuntament Font d&#039;en Carr\u00f2s","article_modified_time":"2020-09-10T07:21:56+00:00","twitter_card":"summary_large_image","twitter_misc":{"Temps estimat de lectura":"7 minuts"},"schema":{"@context":"https:\/\/schema.org","@graph":[{"@type":"WebPage","@id":"https:\/\/participa.lafontdencarros.es\/ca\/avis-legal\/","url":"https:\/\/participa.lafontdencarros.es\/ca\/avis-legal\/","name":"Avis legal - Ajuntament Font d&#039;en Carr\u00f2s","isPartOf":{"@id":"\/#website"},"datePublished":"2020-08-27T11:59:18+00:00","dateModified":"2020-09-10T07:21:56+00:00","breadcrumb":{"@id":"https:\/\/participa.lafontdencarros.es\/ca\/avis-legal\/#breadcrumb"},"inLanguage":"ca","potentialAction":[{"@type":"ReadAction","target":["https:\/\/participa.lafontdencarros.es\/ca\/avis-legal\/"]}]},{"@type":"BreadcrumbList","@id":"https:\/\/participa.lafontdencarros.es\/ca\/avis-legal\/#breadcrumb","itemListElement":[{"@type":"ListItem","position":1,"name":"Portada","item":"https:\/\/participa.lafontdencarros.es\/ca\/"},{"@type":"ListItem","position":2,"name":"Avis legal"}]},{"@type":"WebSite","@id":"\/#website","url":"\/","name":"Ajuntament Font d&#039;en Carr\u00f2s","description":"Otro sitio realizado con WordPress","publisher":{"@id":"\/#organization"},"potentialAction":[{"@type":"SearchAction","target":{"@type":"EntryPoint","urlTemplate":"\/?s={search_term_string}"},"query-input":{"@type":"PropertyValueSpecification","valueRequired":true,"valueName":"search_term_string"}}],"inLanguage":"ca"},{"@type":"Organization","@id":"\/#organization","name":"Ajuntament Font d&#039;en Carr\u00f2s","url":"\/","logo":{"@type":"ImageObject","inLanguage":"ca","@id":"\/#\/schema\/logo\/image\/","url":"https:\/\/participa.lafontdencarros.es\/wp-content\/uploads\/2022\/05\/logo_fontdencarros_participa-2022.jpg","contentUrl":"https:\/\/participa.lafontdencarros.es\/wp-content\/uploads\/2022\/05\/logo_fontdencarros_participa-2022.jpg","width":232,"height":84,"caption":"Ajuntament Font d&#039;en Carr\u00f2s"},"image":{"@id":"\/#\/schema\/logo\/image\/"}}]}},"_links":{"self":[{"href":"https:\/\/participa.lafontdencarros.es\/ca\/wp-json\/wp\/v2\/pages\/555","targetHints":{"allow":["GET"]}}],"collection":[{"href":"https:\/\/participa.lafontdencarros.es\/ca\/wp-json\/wp\/v2\/pages"}],"about":[{"href":"https:\/\/participa.lafontdencarros.es\/ca\/wp-json\/wp\/v2\/types\/page"}],"author":[{"embeddable":true,"href":"https:\/\/participa.lafontdencarros.es\/ca\/wp-json\/wp\/v2\/users\/1"}],"replies":[{"embeddable":true,"href":"https:\/\/participa.lafontdencarros.es\/ca\/wp-json\/wp\/v2\/comments?post=555"}],"version-history":[{"count":5,"href":"https:\/\/participa.lafontdencarros.es\/ca\/wp-json\/wp\/v2\/pages\/555\/revisions"}],"predecessor-version":[{"id":902,"href":"https:\/\/participa.lafontdencarros.es\/ca\/wp-json\/wp\/v2\/pages\/555\/revisions\/902"}],"wp:attachment":[{"href":"https:\/\/participa.lafontdencarros.es\/ca\/wp-json\/wp\/v2\/media?parent=555"}],"curies":[{"name":"wp","href":"https:\/\/api.w.org\/{rel}","templated":true}]}}