{"id":255,"date":"2020-08-25T06:15:59","date_gmt":"2020-08-25T06:15:59","guid":{"rendered":"http:\/\/fontdencarros.acceseo.com.es\/?page_id=255"},"modified":"2020-09-07T12:56:17","modified_gmt":"2020-09-07T10:56:17","slug":"pressupostos-participatius-2019","status":"publish","type":"page","link":"https:\/\/participa.lafontdencarros.es\/ca\/pressupostos-participatius-2019\/","title":{"rendered":"Pressupostos participatius 2019"},"content":{"rendered":"\t\t<div data-elementor-type=\"wp-page\" data-elementor-id=\"255\" class=\"elementor elementor-255\" data-elementor-post-type=\"page\">\n\t\t\t\t\t\t<section class=\"elementor-section elementor-top-section elementor-element elementor-element-1d3827e elementor-section-full_width elementor-section-height-default elementor-section-height-default\" data-id=\"1d3827e\" data-element_type=\"section\" data-e-type=\"section\">\n\t\t\t\t\t\t<div class=\"elementor-container elementor-column-gap-default\">\n\t\t\t\t\t<div class=\"elementor-column elementor-col-100 elementor-top-column elementor-element elementor-element-ac170a1\" data-id=\"ac170a1\" data-element_type=\"column\" data-e-type=\"column\">\n\t\t\t<div class=\"elementor-widget-wrap elementor-element-populated\">\n\t\t\t\t\t\t<div class=\"elementor-element elementor-element-c10768e elementor-widget elementor-widget-text-editor\" data-id=\"c10768e\" data-element_type=\"widget\" data-e-type=\"widget\" data-widget_type=\"text-editor.default\">\n\t\t\t\t<div class=\"elementor-widget-container\">\n\t\t\t\t\t\t\t\t\t<p>Pressupostos Participatius 2019<\/p>\t\t\t\t\t\t\t\t<\/div>\n\t\t\t\t<\/div>\n\t\t\t\t<div class=\"elementor-element elementor-element-5ecbd68 elementor-widget elementor-widget-text-editor\" data-id=\"5ecbd68\" data-element_type=\"widget\" data-e-type=\"widget\" data-widget_type=\"text-editor.default\">\n\t\t\t\t<div class=\"elementor-widget-container\">\n\t\t\t\t\t\t\t\t\t<p>Pressupostos Participatius de La Font d&#8217;en Carr\u00f2s (II Edici\u00f3):<br \/>Propostes a votaci\u00f3.<\/p>\t\t\t\t\t\t\t\t<\/div>\n\t\t\t\t<\/div>\n\t\t\t\t<section class=\"elementor-section elementor-inner-section elementor-element elementor-element-5e87261 elementor-section-full_width elementor-section-height-default elementor-section-height-default\" data-id=\"5e87261\" data-element_type=\"section\" data-e-type=\"section\">\n\t\t\t\t\t\t<div class=\"elementor-container elementor-column-gap-default\">\n\t\t\t\t\t<div class=\"elementor-column elementor-col-33 elementor-inner-column elementor-element elementor-element-810e39d\" data-id=\"810e39d\" data-element_type=\"column\" data-e-type=\"column\">\n\t\t\t<div class=\"elementor-widget-wrap elementor-element-populated\">\n\t\t\t\t\t\t<div class=\"elementor-element elementor-element-a00eccf elementor-icon-list--layout-traditional elementor-list-item-link-full_width elementor-widget elementor-widget-icon-list\" data-id=\"a00eccf\" data-element_type=\"widget\" data-e-type=\"widget\" data-widget_type=\"icon-list.default\">\n\t\t\t\t<div class=\"elementor-widget-container\">\n\t\t\t\t\t\t\t<ul class=\"elementor-icon-list-items\">\n\t\t\t\t\t\t\t<li class=\"elementor-icon-list-item\">\n\t\t\t\t\t\t\t\t\t\t\t<span class=\"elementor-icon-list-icon\">\n\t\t\t\t\t\t\t<i aria-hidden=\"true\" class=\"fas fa-check\"><\/i>\t\t\t\t\t\t<\/span>\n\t\t\t\t\t\t\t\t\t\t<span class=\"elementor-icon-list-text\">Voreres i accessos<\/span>\n\t\t\t\t\t\t\t\t\t<\/li>\n\t\t\t\t\t\t\t\t<li class=\"elementor-icon-list-item\">\n\t\t\t\t\t\t\t\t\t\t\t<span class=\"elementor-icon-list-icon\">\n\t\t\t\t\t\t\t<i aria-hidden=\"true\" class=\"fas fa-check\"><\/i>\t\t\t\t\t\t<\/span>\n\t\t\t\t\t\t\t\t\t\t<span class=\"elementor-icon-list-text\"> Parc de gossos<\/span>\n\t\t\t\t\t\t\t\t\t<\/li>\n\t\t\t\t\t\t\t\t<li class=\"elementor-icon-list-item\">\n\t\t\t\t\t\t\t\t\t\t\t<span class=\"elementor-icon-list-icon\">\n\t\t\t\t\t\t\t<i aria-hidden=\"true\" class=\"fas fa-check\"><\/i>\t\t\t\t\t\t<\/span>\n\t\t\t\t\t\t\t\t\t\t<span class=\"elementor-icon-list-text\">Respatllers<\/span>\n\t\t\t\t\t\t\t\t\t<\/li>\n\t\t\t\t\t\t\t\t<li class=\"elementor-icon-list-item\">\n\t\t\t\t\t\t\t\t\t\t\t<span class=\"elementor-icon-list-icon\">\n\t\t\t\t\t\t\t<i aria-hidden=\"true\" class=\"fas fa-check\"><\/i>\t\t\t\t\t\t<\/span>\n\t\t\t\t\t\t\t\t\t\t<span class=\"elementor-icon-list-text\">Porta autom\u00e0tica<\/span>\n\t\t\t\t\t\t\t\t\t<\/li>\n\t\t\t\t\t\t\t\t<li class=\"elementor-icon-list-item\">\n\t\t\t\t\t\t\t\t\t\t\t<span class=\"elementor-icon-list-icon\">\n\t\t\t\t\t\t\t<i aria-hidden=\"true\" class=\"fas fa-check\"><\/i>\t\t\t\t\t\t<\/span>\n\t\t\t\t\t\t\t\t\t\t<span class=\"elementor-icon-list-text\">Ludoteca<\/span>\n\t\t\t\t\t\t\t\t\t<\/li>\n\t\t\t\t\t\t\t\t<li class=\"elementor-icon-list-item\">\n\t\t\t\t\t\t\t\t\t\t\t<span class=\"elementor-icon-list-icon\">\n\t\t\t\t\t\t\t<i aria-hidden=\"true\" class=\"fas fa-check\"><\/i>\t\t\t\t\t\t<\/span>\n\t\t\t\t\t\t\t\t\t\t<span class=\"elementor-icon-list-text\">Llar juvenil<\/span>\n\t\t\t\t\t\t\t\t\t<\/li>\n\t\t\t\t\t\t<\/ul>\n\t\t\t\t\t\t<\/div>\n\t\t\t\t<\/div>\n\t\t\t\t\t<\/div>\n\t\t<\/div>\n\t\t\t\t<div class=\"elementor-column elementor-col-33 elementor-inner-column elementor-element elementor-element-46421ac\" data-id=\"46421ac\" data-element_type=\"column\" data-e-type=\"column\">\n\t\t\t<div class=\"elementor-widget-wrap elementor-element-populated\">\n\t\t\t\t\t\t<div class=\"elementor-element elementor-element-c8b1645 elementor-icon-list--layout-traditional elementor-list-item-link-full_width elementor-widget elementor-widget-icon-list\" data-id=\"c8b1645\" data-element_type=\"widget\" data-e-type=\"widget\" data-widget_type=\"icon-list.default\">\n\t\t\t\t<div class=\"elementor-widget-container\">\n\t\t\t\t\t\t\t<ul class=\"elementor-icon-list-items\">\n\t\t\t\t\t\t\t<li class=\"elementor-icon-list-item\">\n\t\t\t\t\t\t\t\t\t\t\t<span class=\"elementor-icon-list-icon\">\n\t\t\t\t\t\t\t<i aria-hidden=\"true\" class=\"fas fa-check\"><\/i>\t\t\t\t\t\t<\/span>\n\t\t\t\t\t\t\t\t\t\t<span class=\"elementor-icon-list-text\">Roc\u00f2drom<\/span>\n\t\t\t\t\t\t\t\t\t<\/li>\n\t\t\t\t\t\t\t\t<li class=\"elementor-icon-list-item\">\n\t\t\t\t\t\t\t\t\t\t\t<span class=\"elementor-icon-list-icon\">\n\t\t\t\t\t\t\t<i aria-hidden=\"true\" class=\"fas fa-check\"><\/i>\t\t\t\t\t\t<\/span>\n\t\t\t\t\t\t\t\t\t\t<span class=\"elementor-icon-list-text\">Plaques solars<\/span>\n\t\t\t\t\t\t\t\t\t<\/li>\n\t\t\t\t\t\t\t\t<li class=\"elementor-icon-list-item\">\n\t\t\t\t\t\t\t\t\t\t\t<span class=\"elementor-icon-list-icon\">\n\t\t\t\t\t\t\t<i aria-hidden=\"true\" class=\"fas fa-check\"><\/i>\t\t\t\t\t\t<\/span>\n\t\t\t\t\t\t\t\t\t\t<span class=\"elementor-icon-list-text\">Piscina municipal salina<\/span>\n\t\t\t\t\t\t\t\t\t<\/li>\n\t\t\t\t\t\t\t\t<li class=\"elementor-icon-list-item\">\n\t\t\t\t\t\t\t\t\t\t\t<span class=\"elementor-icon-list-icon\">\n\t\t\t\t\t\t\t<i aria-hidden=\"true\" class=\"fas fa-check\"><\/i>\t\t\t\t\t\t<\/span>\n\t\t\t\t\t\t\t\t\t\t<span class=\"elementor-icon-list-text\">C\/ABD\u00d3N I SEMENT<\/span>\n\t\t\t\t\t\t\t\t\t<\/li>\n\t\t\t\t\t\t\t\t<li class=\"elementor-icon-list-item\">\n\t\t\t\t\t\t\t\t\t\t\t<span class=\"elementor-icon-list-icon\">\n\t\t\t\t\t\t\t<i aria-hidden=\"true\" class=\"fas fa-check\"><\/i>\t\t\t\t\t\t<\/span>\n\t\t\t\t\t\t\t\t\t\t<span class=\"elementor-icon-list-text\">Parc \"Jaume i\"<\/span>\n\t\t\t\t\t\t\t\t\t<\/li>\n\t\t\t\t\t\t\t\t<li class=\"elementor-icon-list-item\">\n\t\t\t\t\t\t\t\t\t\t\t<span class=\"elementor-icon-list-icon\">\n\t\t\t\t\t\t\t<i aria-hidden=\"true\" class=\"fas fa-check\"><\/i>\t\t\t\t\t\t<\/span>\n\t\t\t\t\t\t\t\t\t\t<span class=\"elementor-icon-list-text\">Redona Av. La Safor<\/span>\n\t\t\t\t\t\t\t\t\t<\/li>\n\t\t\t\t\t\t<\/ul>\n\t\t\t\t\t\t<\/div>\n\t\t\t\t<\/div>\n\t\t\t\t\t<\/div>\n\t\t<\/div>\n\t\t\t\t<div class=\"elementor-column elementor-col-33 elementor-inner-column elementor-element elementor-element-330e5d7\" data-id=\"330e5d7\" data-element_type=\"column\" data-e-type=\"column\">\n\t\t\t<div class=\"elementor-widget-wrap elementor-element-populated\">\n\t\t\t\t\t\t<div class=\"elementor-element elementor-element-06e7d7f elementor-icon-list--layout-traditional elementor-list-item-link-full_width elementor-widget elementor-widget-icon-list\" data-id=\"06e7d7f\" data-element_type=\"widget\" data-e-type=\"widget\" data-widget_type=\"icon-list.default\">\n\t\t\t\t<div class=\"elementor-widget-container\">\n\t\t\t\t\t\t\t<ul class=\"elementor-icon-list-items\">\n\t\t\t\t\t\t\t<li class=\"elementor-icon-list-item\">\n\t\t\t\t\t\t\t\t\t\t\t<span class=\"elementor-icon-list-icon\">\n\t\t\t\t\t\t\t<i aria-hidden=\"true\" class=\"fas fa-check\"><\/i>\t\t\t\t\t\t<\/span>\n\t\t\t\t\t\t\t\t\t\t<span class=\"elementor-icon-list-text\">Abeuradors<\/span>\n\t\t\t\t\t\t\t\t\t<\/li>\n\t\t\t\t\t\t\t\t<li class=\"elementor-icon-list-item\">\n\t\t\t\t\t\t\t\t\t\t\t<span class=\"elementor-icon-list-icon\">\n\t\t\t\t\t\t\t<i aria-hidden=\"true\" class=\"fas fa-check\"><\/i>\t\t\t\t\t\t<\/span>\n\t\t\t\t\t\t\t\t\t\t<span class=\"elementor-icon-list-text\">Mobipark<\/span>\n\t\t\t\t\t\t\t\t\t<\/li>\n\t\t\t\t\t\t\t\t<li class=\"elementor-icon-list-item\">\n\t\t\t\t\t\t\t\t\t\t\t<span class=\"elementor-icon-list-icon\">\n\t\t\t\t\t\t\t<i aria-hidden=\"true\" class=\"fas fa-check\"><\/i>\t\t\t\t\t\t<\/span>\n\t\t\t\t\t\t\t\t\t\t<span class=\"elementor-icon-list-text\">Parc \"Tirant i Carmesina\"<\/span>\n\t\t\t\t\t\t\t\t\t<\/li>\n\t\t\t\t\t\t\t\t<li class=\"elementor-icon-list-item\">\n\t\t\t\t\t\t\t\t\t\t\t<span class=\"elementor-icon-list-icon\">\n\t\t\t\t\t\t\t<i aria-hidden=\"true\" class=\"fas fa-check\"><\/i>\t\t\t\t\t\t<\/span>\n\t\t\t\t\t\t\t\t\t\t<span class=\"elementor-icon-list-text\">Ermita de Sant Miquel<\/span>\n\t\t\t\t\t\t\t\t\t<\/li>\n\t\t\t\t\t\t<\/ul>\n\t\t\t\t\t\t<\/div>\n\t\t\t\t<\/div>\n\t\t\t\t\t<\/div>\n\t\t<\/div>\n\t\t\t\t\t<\/div>\n\t\t<\/section>\n\t\t\t\t\t<\/div>\n\t\t<\/div>\n\t\t\t\t\t<\/div>\n\t\t<\/section>\n\t\t\t\t<section class=\"elementor-section elementor-top-section elementor-element elementor-element-573b43c elementor-section-full_width elementor-section-height-default elementor-section-height-default\" data-id=\"573b43c\" data-element_type=\"section\" data-e-type=\"section\">\n\t\t\t\t\t\t<div class=\"elementor-container elementor-column-gap-default\">\n\t\t\t\t\t<div class=\"elementor-column elementor-col-50 elementor-top-column elementor-element elementor-element-33a21e5\" data-id=\"33a21e5\" data-element_type=\"column\" data-e-type=\"column\">\n\t\t\t<div class=\"elementor-widget-wrap elementor-element-populated\">\n\t\t\t\t\t\t<div class=\"elementor-element elementor-element-0fe5bea elementor-widget elementor-widget-text-editor\" data-id=\"0fe5bea\" data-element_type=\"widget\" data-e-type=\"widget\" data-widget_type=\"text-editor.default\">\n\t\t\t\t<div class=\"elementor-widget-container\">\n\t\t\t\t\t\t\t\t\t<p>Resultats Processos Participatius 2019<\/p>\t\t\t\t\t\t\t\t<\/div>\n\t\t\t\t<\/div>\n\t\t\t\t\t<\/div>\n\t\t<\/div>\n\t\t\t\t<div class=\"elementor-column elementor-col-50 elementor-top-column elementor-element elementor-element-6cbc6e1\" data-id=\"6cbc6e1\" data-element_type=\"column\" data-e-type=\"column\">\n\t\t\t<div class=\"elementor-widget-wrap elementor-element-populated\">\n\t\t\t\t\t\t<div class=\"elementor-element elementor-element-bd8aeb1 elementor-widget elementor-widget-html\" data-id=\"bd8aeb1\" data-element_type=\"widget\" data-e-type=\"widget\" data-widget_type=\"html.default\">\n\t\t\t\t<div class=\"elementor-widget-container\">\n\t\t\t\t\t<div class=\"tablaVotaciones\">\r\n    <table style=\"width: 100%;\">\r\n<tbody>\r\n<tr>\r\n<th>Vots<\/th>\r\n<th>Proposta<\/th>\r\n<\/tr>\r\n<tr>\r\n<td>294<\/td>\r\n<td>Llar juvenil<\/td>\r\n<\/tr>\r\n<tr >\r\n<td>170<\/td>\r\n<td >Ludoteca<\/td>\r\n<\/tr>\r\n<tr>\r\n<td>162<\/td>\r\n<td>Plaques solars<\/td>\r\n<\/tr>\r\n<tr>\r\n<td>129<\/td>\r\n<td>Voreres i accessos<\/td>\r\n<\/tr>\r\n<tr>\r\n<td>120<\/td>\r\n<td>Porta autom\u00e0tica<\/td>\r\n<\/tr>\r\n<tr>\r\n<td>119<\/td>\r\n<td>Roc\u00f2drom<\/td>\r\n<\/tr>\r\n<tr>\r\n<td>116<\/td>\r\n<td>Parc \"Tirant i Carmesina\"<\/td>\r\n<\/tr>\r\n<tr>\r\n<td>105<\/td>\r\n<td>Parc de gossos<\/td>\r\n<\/tr>\r\n<tr>\r\n<td>98<\/td>\r\n<td>Piscina municipal Salina<\/td>\r\n<\/tr>\r\n<tr>\r\n<td>68<\/td>\r\n<td>Respatllers<\/td>\r\n<\/tr>\r\n<tr>\r\n<td>60<\/td>\r\n<td>Parc \"Jaume I\"<\/td>\r\n<\/tr>\r\n<tr>\r\n<td>54<\/td>\r\n<td>Mobipark<\/td>\r\n<\/tr>\r\n<tr>\r\n<td>44<\/td>\r\n<td>Abeuradors<\/td>\r\n<\/tr>\r\n<tr>\r\n<td>42<\/td>\r\n<td>Redona Av.La Safor<\/td>\r\n<\/tr>\r\n<tr>\r\n<td>29<\/td>\r\n<td>C\/Abd\u00f3n i Sement<\/td>\r\n<\/tr>\r\n<tr>\r\n<td>19<\/td>\r\n<td>Ermita de Sant Miquel<\/td>\r\n<\/tr>\r\n<\/tbody>\r\n<\/table>\r\n<\/div>\t\t\t\t<\/div>\n\t\t\t\t<\/div>\n\t\t\t\t\t<\/div>\n\t\t<\/div>\n\t\t\t\t\t<\/div>\n\t\t<\/section>\n\t\t\t\t<\/div>\n\t\t","protected":false},"excerpt":{"rendered":"<p>Pressupostos Participatius 2019 Pressupostos Participatius de La Font d&#8217;en Carr\u00f2s (II Edici\u00f3):Propostes a votaci\u00f3. Voreres i accessos Parc de gossos Respatllers Porta autom\u00e0tica Ludoteca Llar juvenil Roc\u00f2drom Plaques solars Piscina municipal salina C\/ABD\u00d3N I SEMENT Parc &#8220;Jaume i&#8221; Redona Av. La Safor Abeuradors Mobipark Parc &#8220;Tirant i Carmesina&#8221; Ermita de Sant Miquel Resultats Processos Participatius [&hellip;]<\/p>\n","protected":false},"author":1,"featured_media":0,"parent":0,"menu_order":0,"comment_status":"closed","ping_status":"closed","template":"elementor_header_footer","meta":{"_acf_changed":false,"footnotes":""},"class_list":["post-255","page","type-page","status-publish","hentry"],"acf":[],"yoast_head":"<!-- This site is optimized with the Yoast SEO plugin v27.2 - https:\/\/yoast.com\/product\/yoast-seo-wordpress\/ -->\n<title>Pressupostos participatius 2019 - Ajuntament Font d&#039;en Carr\u00f2s<\/title>\n<meta name=\"robots\" content=\"index, follow, max-snippet:-1, max-image-preview:large, max-video-preview:-1\" \/>\n<link rel=\"canonical\" href=\"https:\/\/participa.lafontdencarros.es\/ca\/pressupostos-participatius-2019\/\" \/>\n<meta property=\"og:locale\" content=\"ca_ES\" \/>\n<meta property=\"og:type\" content=\"article\" \/>\n<meta property=\"og:title\" content=\"Pressupostos participatius 2019 - Ajuntament Font d&#039;en Carr\u00f2s\" \/>\n<meta property=\"og:description\" content=\"Pressupostos Participatius 2019 Pressupostos Participatius de La Font d&#8217;en Carr\u00f2s (II Edici\u00f3):Propostes a votaci\u00f3. Voreres i accessos Parc de gossos Respatllers Porta autom\u00e0tica Ludoteca Llar juvenil Roc\u00f2drom Plaques solars Piscina municipal salina C\/ABD\u00d3N I SEMENT Parc &#8220;Jaume i&#8221; Redona Av. La Safor Abeuradors Mobipark Parc &#8220;Tirant i Carmesina&#8221; Ermita de Sant Miquel Resultats Processos Participatius [&hellip;]\" \/>\n<meta property=\"og:url\" content=\"https:\/\/participa.lafontdencarros.es\/ca\/pressupostos-participatius-2019\/\" \/>\n<meta property=\"og:site_name\" content=\"Ajuntament Font d&#039;en Carr\u00f2s\" \/>\n<meta property=\"article:modified_time\" content=\"2020-09-07T10:56:17+00:00\" \/>\n<meta name=\"twitter:card\" content=\"summary_large_image\" \/>\n<meta name=\"twitter:label1\" content=\"Temps estimat de lectura\" \/>\n\t<meta name=\"twitter:data1\" content=\"1 minut\" \/>\n<script type=\"application\/ld+json\" class=\"yoast-schema-graph\">{\"@context\":\"https:\/\/schema.org\",\"@graph\":[{\"@type\":\"WebPage\",\"@id\":\"https:\/\/participa.lafontdencarros.es\/ca\/pressupostos-participatius-2019\/\",\"url\":\"https:\/\/participa.lafontdencarros.es\/ca\/pressupostos-participatius-2019\/\",\"name\":\"Pressupostos participatius 2019 - Ajuntament Font d&#039;en Carr\u00f2s\",\"isPartOf\":{\"@id\":\"\/#website\"},\"datePublished\":\"2020-08-25T06:15:59+00:00\",\"dateModified\":\"2020-09-07T10:56:17+00:00\",\"breadcrumb\":{\"@id\":\"https:\/\/participa.lafontdencarros.es\/ca\/pressupostos-participatius-2019\/#breadcrumb\"},\"inLanguage\":\"ca\",\"potentialAction\":[{\"@type\":\"ReadAction\",\"target\":[\"https:\/\/participa.lafontdencarros.es\/ca\/pressupostos-participatius-2019\/\"]}]},{\"@type\":\"BreadcrumbList\",\"@id\":\"https:\/\/participa.lafontdencarros.es\/ca\/pressupostos-participatius-2019\/#breadcrumb\",\"itemListElement\":[{\"@type\":\"ListItem\",\"position\":1,\"name\":\"Portada\",\"item\":\"https:\/\/participa.lafontdencarros.es\/ca\/\"},{\"@type\":\"ListItem\",\"position\":2,\"name\":\"Pressupostos participatius 2019\"}]},{\"@type\":\"WebSite\",\"@id\":\"\/#website\",\"url\":\"\/\",\"name\":\"Ajuntament Font d&#039;en Carr\u00f2s\",\"description\":\"Otro sitio realizado con WordPress\",\"publisher\":{\"@id\":\"\/#organization\"},\"potentialAction\":[{\"@type\":\"SearchAction\",\"target\":{\"@type\":\"EntryPoint\",\"urlTemplate\":\"\/?s={search_term_string}\"},\"query-input\":{\"@type\":\"PropertyValueSpecification\",\"valueRequired\":true,\"valueName\":\"search_term_string\"}}],\"inLanguage\":\"ca\"},{\"@type\":\"Organization\",\"@id\":\"\/#organization\",\"name\":\"Ajuntament Font d&#039;en Carr\u00f2s\",\"url\":\"\/\",\"logo\":{\"@type\":\"ImageObject\",\"inLanguage\":\"ca\",\"@id\":\"\/#\/schema\/logo\/image\/\",\"url\":\"https:\/\/participa.lafontdencarros.es\/wp-content\/uploads\/2022\/05\/logo_fontdencarros_participa-2022.jpg\",\"contentUrl\":\"https:\/\/participa.lafontdencarros.es\/wp-content\/uploads\/2022\/05\/logo_fontdencarros_participa-2022.jpg\",\"width\":232,\"height\":84,\"caption\":\"Ajuntament Font d&#039;en Carr\u00f2s\"},\"image\":{\"@id\":\"\/#\/schema\/logo\/image\/\"}}]}<\/script>\n<!-- \/ Yoast SEO plugin. -->","yoast_head_json":{"title":"Pressupostos participatius 2019 - Ajuntament Font d&#039;en Carr\u00f2s","robots":{"index":"index","follow":"follow","max-snippet":"max-snippet:-1","max-image-preview":"max-image-preview:large","max-video-preview":"max-video-preview:-1"},"canonical":"https:\/\/participa.lafontdencarros.es\/ca\/pressupostos-participatius-2019\/","og_locale":"ca_ES","og_type":"article","og_title":"Pressupostos participatius 2019 - Ajuntament Font d&#039;en Carr\u00f2s","og_description":"Pressupostos Participatius 2019 Pressupostos Participatius de La Font d&#8217;en Carr\u00f2s (II Edici\u00f3):Propostes a votaci\u00f3. Voreres i accessos Parc de gossos Respatllers Porta autom\u00e0tica Ludoteca Llar juvenil Roc\u00f2drom Plaques solars Piscina municipal salina C\/ABD\u00d3N I SEMENT Parc &#8220;Jaume i&#8221; Redona Av. La Safor Abeuradors Mobipark Parc &#8220;Tirant i Carmesina&#8221; Ermita de Sant Miquel Resultats Processos Participatius [&hellip;]","og_url":"https:\/\/participa.lafontdencarros.es\/ca\/pressupostos-participatius-2019\/","og_site_name":"Ajuntament Font d&#039;en Carr\u00f2s","article_modified_time":"2020-09-07T10:56:17+00:00","twitter_card":"summary_large_image","twitter_misc":{"Temps estimat de lectura":"1 minut"},"schema":{"@context":"https:\/\/schema.org","@graph":[{"@type":"WebPage","@id":"https:\/\/participa.lafontdencarros.es\/ca\/pressupostos-participatius-2019\/","url":"https:\/\/participa.lafontdencarros.es\/ca\/pressupostos-participatius-2019\/","name":"Pressupostos participatius 2019 - Ajuntament Font d&#039;en Carr\u00f2s","isPartOf":{"@id":"\/#website"},"datePublished":"2020-08-25T06:15:59+00:00","dateModified":"2020-09-07T10:56:17+00:00","breadcrumb":{"@id":"https:\/\/participa.lafontdencarros.es\/ca\/pressupostos-participatius-2019\/#breadcrumb"},"inLanguage":"ca","potentialAction":[{"@type":"ReadAction","target":["https:\/\/participa.lafontdencarros.es\/ca\/pressupostos-participatius-2019\/"]}]},{"@type":"BreadcrumbList","@id":"https:\/\/participa.lafontdencarros.es\/ca\/pressupostos-participatius-2019\/#breadcrumb","itemListElement":[{"@type":"ListItem","position":1,"name":"Portada","item":"https:\/\/participa.lafontdencarros.es\/ca\/"},{"@type":"ListItem","position":2,"name":"Pressupostos participatius 2019"}]},{"@type":"WebSite","@id":"\/#website","url":"\/","name":"Ajuntament Font d&#039;en Carr\u00f2s","description":"Otro sitio realizado con WordPress","publisher":{"@id":"\/#organization"},"potentialAction":[{"@type":"SearchAction","target":{"@type":"EntryPoint","urlTemplate":"\/?s={search_term_string}"},"query-input":{"@type":"PropertyValueSpecification","valueRequired":true,"valueName":"search_term_string"}}],"inLanguage":"ca"},{"@type":"Organization","@id":"\/#organization","name":"Ajuntament Font d&#039;en Carr\u00f2s","url":"\/","logo":{"@type":"ImageObject","inLanguage":"ca","@id":"\/#\/schema\/logo\/image\/","url":"https:\/\/participa.lafontdencarros.es\/wp-content\/uploads\/2022\/05\/logo_fontdencarros_participa-2022.jpg","contentUrl":"https:\/\/participa.lafontdencarros.es\/wp-content\/uploads\/2022\/05\/logo_fontdencarros_participa-2022.jpg","width":232,"height":84,"caption":"Ajuntament Font d&#039;en Carr\u00f2s"},"image":{"@id":"\/#\/schema\/logo\/image\/"}}]}},"_links":{"self":[{"href":"https:\/\/participa.lafontdencarros.es\/ca\/wp-json\/wp\/v2\/pages\/255","targetHints":{"allow":["GET"]}}],"collection":[{"href":"https:\/\/participa.lafontdencarros.es\/ca\/wp-json\/wp\/v2\/pages"}],"about":[{"href":"https:\/\/participa.lafontdencarros.es\/ca\/wp-json\/wp\/v2\/types\/page"}],"author":[{"embeddable":true,"href":"https:\/\/participa.lafontdencarros.es\/ca\/wp-json\/wp\/v2\/users\/1"}],"replies":[{"embeddable":true,"href":"https:\/\/participa.lafontdencarros.es\/ca\/wp-json\/wp\/v2\/comments?post=255"}],"version-history":[{"count":18,"href":"https:\/\/participa.lafontdencarros.es\/ca\/wp-json\/wp\/v2\/pages\/255\/revisions"}],"predecessor-version":[{"id":841,"href":"https:\/\/participa.lafontdencarros.es\/ca\/wp-json\/wp\/v2\/pages\/255\/revisions\/841"}],"wp:attachment":[{"href":"https:\/\/participa.lafontdencarros.es\/ca\/wp-json\/wp\/v2\/media?parent=255"}],"curies":[{"name":"wp","href":"https:\/\/api.w.org\/{rel}","templated":true}]}}