{"id":127,"date":"2020-08-24T07:11:37","date_gmt":"2020-08-24T07:11:37","guid":{"rendered":"http:\/\/fontdencarros.acceseo.com.es\/?page_id=127"},"modified":"2025-06-23T10:00:15","modified_gmt":"2025-06-23T08:00:15","slug":"resultats-presupostos","status":"publish","type":"page","link":"https:\/\/participa.lafontdencarros.es\/ca\/resultats-presupostos\/","title":{"rendered":"Resultats presupostos"},"content":{"rendered":"\t\t<div data-elementor-type=\"wp-page\" data-elementor-id=\"127\" class=\"elementor elementor-127\" data-elementor-post-type=\"page\">\n\t\t\t\t\t\t<section data-dce-background-image-url=\"https:\/\/participa.lafontdencarros.es\/wp-content\/uploads\/2020\/09\/ilustracion-resultados.svg\" class=\"elementor-section elementor-top-section elementor-element elementor-element-edee8db elementor-section-full_width elementor-section-height-default elementor-section-height-default\" data-id=\"edee8db\" data-element_type=\"section\" data-e-type=\"section\" data-settings=\"{&quot;background_background&quot;:&quot;classic&quot;}\">\n\t\t\t\t\t\t<div class=\"elementor-container elementor-column-gap-wide\">\n\t\t\t\t\t<div class=\"elementor-column elementor-col-50 elementor-top-column elementor-element elementor-element-5aca58b\" data-id=\"5aca58b\" data-element_type=\"column\" data-e-type=\"column\">\n\t\t\t<div class=\"elementor-widget-wrap elementor-element-populated\">\n\t\t\t\t\t\t<div class=\"elementor-element elementor-element-693407b elementor-widget elementor-widget-text-editor\" data-id=\"693407b\" data-element_type=\"widget\" data-e-type=\"widget\" data-widget_type=\"text-editor.default\">\n\t\t\t\t<div class=\"elementor-widget-container\">\n\t\t\t\t\t\t\t\t\t<p>Resultats Pressupostos Participatius 2025<\/p>\t\t\t\t\t\t\t\t<\/div>\n\t\t\t\t<\/div>\n\t\t\t\t<div class=\"elementor-element elementor-element-493bb27 elementor-widget elementor-widget-text-editor\" data-id=\"493bb27\" data-element_type=\"widget\" data-e-type=\"widget\" data-settings=\"{&quot;enabled_visibility&quot;:&quot;yes&quot;,&quot;dce_visibility_selected&quot;:&quot;yes&quot;}\" data-widget_type=\"text-editor.default\">\n\t\t\t\t<div class=\"elementor-widget-container\">\n\t\t\t\t\t\t\t\t\t<p>Assabenta&#8217;t dels resultats de la votaci\u00f3 p\u00fablica.<\/p>\t\t\t\t\t\t\t\t<\/div>\n\t\t\t\t<\/div>\n\t\t\t\t<div class=\"elementor-element elementor-element-8b02726 elementor-mobile-align-justify elementor-widget elementor-widget-button\" data-id=\"8b02726\" data-element_type=\"widget\" data-e-type=\"widget\" data-widget_type=\"button.default\">\n\t\t\t\t<div class=\"elementor-widget-container\">\n\t\t\t\t\t\t\t\t\t<div class=\"elementor-button-wrapper\">\n\t\t\t\t\t<a class=\"elementor-button elementor-button-link elementor-size-sm\" href=\"#elementor-action%3Aaction%3Dlightbox%26settings%3DeyJ1cmwiOiJodHRwczpcL1wvcGFydGljaXBhLmxhZm9udGRlbmNhcnJvcy5lc1wvd3AtY29udGVudFwvdXBsb2Fkc1wvMjAyNVwvMDZcL3Jlc3VsdGF0cy1mb250LWRlbi1jYXJyb3MtMjAyNS5wbmciLCJ0eXBlIjoiaW1hZ2UiLCJ0aXRsZSI6InJlc3VsdGF0cy1mb250LWRlbi1jYXJyb3MtMjAyNSJ9\">\n\t\t\t\t\t\t<span class=\"elementor-button-content-wrapper\">\n\t\t\t\t\t\t<span class=\"elementor-button-icon\">\n\t\t\t\t<i aria-hidden=\"true\" class=\"far fa-image\"><\/i>\t\t\t<\/span>\n\t\t\t\t\t\t\t\t\t<span class=\"elementor-button-text\">Visualitzar en gran<\/span>\n\t\t\t\t\t<\/span>\n\t\t\t\t\t<\/a>\n\t\t\t\t<\/div>\n\t\t\t\t\t\t\t\t<\/div>\n\t\t\t\t<\/div>\n\t\t\t\t<div class=\"elementor-element elementor-element-7274aaa dce_masking-none elementor-widget elementor-widget-image\" data-id=\"7274aaa\" data-element_type=\"widget\" data-e-type=\"widget\" data-widget_type=\"image.default\">\n\t\t\t\t<div class=\"elementor-widget-container\">\n\t\t\t\t\t\t\t\t\t\t\t\t\t\t\t\t<a href=\"https:\/\/participa.lafontdencarros.es\/wp-content\/uploads\/2025\/06\/resultats-font-den-carros-2025.png\" data-elementor-open-lightbox=\"yes\" data-elementor-lightbox-title=\"resultats-font-den-carros-2025\" data-e-action-hash=\"#elementor-action%3Aaction%3Dlightbox%26settings%3DeyJpZCI6MjEwMywidXJsIjoiaHR0cHM6XC9cL3BhcnRpY2lwYS5sYWZvbnRkZW5jYXJyb3MuZXNcL3dwLWNvbnRlbnRcL3VwbG9hZHNcLzIwMjVcLzA2XC9yZXN1bHRhdHMtZm9udC1kZW4tY2Fycm9zLTIwMjUucG5nIn0%3D\">\n\t\t\t\t\t\t\t<img fetchpriority=\"high\" decoding=\"async\" width=\"2000\" height=\"1414\" src=\"https:\/\/participa.lafontdencarros.es\/wp-content\/uploads\/2025\/06\/resultats-font-den-carros-2025.png\" class=\"attachment-full size-full wp-image-2103\" alt=\"\" srcset=\"https:\/\/participa.lafontdencarros.es\/wp-content\/uploads\/2025\/06\/resultats-font-den-carros-2025.png 2000w, https:\/\/participa.lafontdencarros.es\/wp-content\/uploads\/2025\/06\/resultats-font-den-carros-2025-300x212.png 300w, https:\/\/participa.lafontdencarros.es\/wp-content\/uploads\/2025\/06\/resultats-font-den-carros-2025-1024x724.png 1024w, https:\/\/participa.lafontdencarros.es\/wp-content\/uploads\/2025\/06\/resultats-font-den-carros-2025-768x543.png 768w, https:\/\/participa.lafontdencarros.es\/wp-content\/uploads\/2025\/06\/resultats-font-den-carros-2025-1536x1086.png 1536w\" sizes=\"(max-width: 2000px) 100vw, 2000px\" \/>\t\t\t\t\t\t\t\t<\/a>\n\t\t\t\t\t\t\t\t\t\t\t\t\t\t\t<\/div>\n\t\t\t\t<\/div>\n\t\t\t\t\t<\/div>\n\t\t<\/div>\n\t\t\t\t<div class=\"elementor-column elementor-col-50 elementor-top-column elementor-element elementor-element-436adc6\" data-id=\"436adc6\" data-element_type=\"column\" data-e-type=\"column\">\n\t\t\t<div class=\"elementor-widget-wrap\">\n\t\t\t\t\t\t\t<\/div>\n\t\t<\/div>\n\t\t\t\t\t<\/div>\n\t\t<\/section>\n\t\t\t\t<\/div>\n\t\t","protected":false},"excerpt":{"rendered":"<p>Resultats Pressupostos Participatius 2025 Assabenta&#8217;t dels resultats de la votaci\u00f3 p\u00fablica. Visualitzar en gran<\/p>\n","protected":false},"author":1,"featured_media":0,"parent":0,"menu_order":0,"comment_status":"closed","ping_status":"closed","template":"elementor_header_footer","meta":{"_acf_changed":false,"footnotes":""},"class_list":["post-127","page","type-page","status-publish","hentry"],"acf":[],"yoast_head":"<!-- This site is optimized with the Yoast SEO plugin v27.2 - https:\/\/yoast.com\/product\/yoast-seo-wordpress\/ -->\n<title>Resultats presupostos - Ajuntament Font d&#039;en Carr\u00f2s<\/title>\n<meta name=\"robots\" content=\"index, follow, max-snippet:-1, max-image-preview:large, max-video-preview:-1\" \/>\n<link rel=\"canonical\" href=\"https:\/\/participa.lafontdencarros.es\/ca\/resultats-presupostos\/\" \/>\n<meta property=\"og:locale\" content=\"ca_ES\" \/>\n<meta property=\"og:type\" content=\"article\" \/>\n<meta property=\"og:title\" content=\"Resultats presupostos - Ajuntament Font d&#039;en Carr\u00f2s\" \/>\n<meta property=\"og:description\" content=\"Resultats Pressupostos Participatius 2025 Assabenta&#8217;t dels resultats de la votaci\u00f3 p\u00fablica. Visualitzar en gran\" \/>\n<meta property=\"og:url\" content=\"https:\/\/participa.lafontdencarros.es\/ca\/resultats-presupostos\/\" \/>\n<meta property=\"og:site_name\" content=\"Ajuntament Font d&#039;en Carr\u00f2s\" \/>\n<meta property=\"article:modified_time\" content=\"2025-06-23T08:00:15+00:00\" \/>\n<meta property=\"og:image\" content=\"https:\/\/participa.lafontdencarros.es\/wp-content\/uploads\/2025\/06\/resultats-font-den-carros-2025.png\" \/>\n\t<meta property=\"og:image:width\" content=\"2000\" \/>\n\t<meta property=\"og:image:height\" content=\"1414\" \/>\n\t<meta property=\"og:image:type\" content=\"image\/png\" \/>\n<meta name=\"twitter:card\" content=\"summary_large_image\" \/>\n<meta name=\"twitter:label1\" content=\"Temps estimat de lectura\" \/>\n\t<meta name=\"twitter:data1\" content=\"1 minut\" \/>\n<script type=\"application\/ld+json\" class=\"yoast-schema-graph\">{\"@context\":\"https:\/\/schema.org\",\"@graph\":[{\"@type\":\"WebPage\",\"@id\":\"https:\/\/participa.lafontdencarros.es\/ca\/resultats-presupostos\/\",\"url\":\"https:\/\/participa.lafontdencarros.es\/ca\/resultats-presupostos\/\",\"name\":\"Resultats presupostos - Ajuntament Font d&#039;en Carr\u00f2s\",\"isPartOf\":{\"@id\":\"\/#website\"},\"primaryImageOfPage\":{\"@id\":\"https:\/\/participa.lafontdencarros.es\/ca\/resultats-presupostos\/#primaryimage\"},\"image\":{\"@id\":\"https:\/\/participa.lafontdencarros.es\/ca\/resultats-presupostos\/#primaryimage\"},\"thumbnailUrl\":\"https:\/\/participa.lafontdencarros.es\/wp-content\/uploads\/2025\/06\/resultats-font-den-carros-2025.png\",\"datePublished\":\"2020-08-24T07:11:37+00:00\",\"dateModified\":\"2025-06-23T08:00:15+00:00\",\"breadcrumb\":{\"@id\":\"https:\/\/participa.lafontdencarros.es\/ca\/resultats-presupostos\/#breadcrumb\"},\"inLanguage\":\"ca\",\"potentialAction\":[{\"@type\":\"ReadAction\",\"target\":[\"https:\/\/participa.lafontdencarros.es\/ca\/resultats-presupostos\/\"]}]},{\"@type\":\"ImageObject\",\"inLanguage\":\"ca\",\"@id\":\"https:\/\/participa.lafontdencarros.es\/ca\/resultats-presupostos\/#primaryimage\",\"url\":\"https:\/\/participa.lafontdencarros.es\/wp-content\/uploads\/2025\/06\/resultats-font-den-carros-2025.png\",\"contentUrl\":\"https:\/\/participa.lafontdencarros.es\/wp-content\/uploads\/2025\/06\/resultats-font-den-carros-2025.png\"},{\"@type\":\"BreadcrumbList\",\"@id\":\"https:\/\/participa.lafontdencarros.es\/ca\/resultats-presupostos\/#breadcrumb\",\"itemListElement\":[{\"@type\":\"ListItem\",\"position\":1,\"name\":\"Portada\",\"item\":\"https:\/\/participa.lafontdencarros.es\/ca\/\"},{\"@type\":\"ListItem\",\"position\":2,\"name\":\"Resultats presupostos\"}]},{\"@type\":\"WebSite\",\"@id\":\"\/#website\",\"url\":\"\/\",\"name\":\"Ajuntament Font d&#039;en Carr\u00f2s\",\"description\":\"Otro sitio realizado con WordPress\",\"publisher\":{\"@id\":\"\/#organization\"},\"potentialAction\":[{\"@type\":\"SearchAction\",\"target\":{\"@type\":\"EntryPoint\",\"urlTemplate\":\"\/?s={search_term_string}\"},\"query-input\":{\"@type\":\"PropertyValueSpecification\",\"valueRequired\":true,\"valueName\":\"search_term_string\"}}],\"inLanguage\":\"ca\"},{\"@type\":\"Organization\",\"@id\":\"\/#organization\",\"name\":\"Ajuntament Font d&#039;en Carr\u00f2s\",\"url\":\"\/\",\"logo\":{\"@type\":\"ImageObject\",\"inLanguage\":\"ca\",\"@id\":\"\/#\/schema\/logo\/image\/\",\"url\":\"https:\/\/participa.lafontdencarros.es\/wp-content\/uploads\/2022\/05\/logo_fontdencarros_participa-2022.jpg\",\"contentUrl\":\"https:\/\/participa.lafontdencarros.es\/wp-content\/uploads\/2022\/05\/logo_fontdencarros_participa-2022.jpg\",\"width\":232,\"height\":84,\"caption\":\"Ajuntament Font d&#039;en Carr\u00f2s\"},\"image\":{\"@id\":\"\/#\/schema\/logo\/image\/\"}}]}<\/script>\n<!-- \/ Yoast SEO plugin. -->","yoast_head_json":{"title":"Resultats presupostos - Ajuntament Font d&#039;en Carr\u00f2s","robots":{"index":"index","follow":"follow","max-snippet":"max-snippet:-1","max-image-preview":"max-image-preview:large","max-video-preview":"max-video-preview:-1"},"canonical":"https:\/\/participa.lafontdencarros.es\/ca\/resultats-presupostos\/","og_locale":"ca_ES","og_type":"article","og_title":"Resultats presupostos - Ajuntament Font d&#039;en Carr\u00f2s","og_description":"Resultats Pressupostos Participatius 2025 Assabenta&#8217;t dels resultats de la votaci\u00f3 p\u00fablica. Visualitzar en gran","og_url":"https:\/\/participa.lafontdencarros.es\/ca\/resultats-presupostos\/","og_site_name":"Ajuntament Font d&#039;en Carr\u00f2s","article_modified_time":"2025-06-23T08:00:15+00:00","og_image":[{"width":2000,"height":1414,"url":"https:\/\/participa.lafontdencarros.es\/wp-content\/uploads\/2025\/06\/resultats-font-den-carros-2025.png","type":"image\/png"}],"twitter_card":"summary_large_image","twitter_misc":{"Temps estimat de lectura":"1 minut"},"schema":{"@context":"https:\/\/schema.org","@graph":[{"@type":"WebPage","@id":"https:\/\/participa.lafontdencarros.es\/ca\/resultats-presupostos\/","url":"https:\/\/participa.lafontdencarros.es\/ca\/resultats-presupostos\/","name":"Resultats presupostos - Ajuntament Font d&#039;en Carr\u00f2s","isPartOf":{"@id":"\/#website"},"primaryImageOfPage":{"@id":"https:\/\/participa.lafontdencarros.es\/ca\/resultats-presupostos\/#primaryimage"},"image":{"@id":"https:\/\/participa.lafontdencarros.es\/ca\/resultats-presupostos\/#primaryimage"},"thumbnailUrl":"https:\/\/participa.lafontdencarros.es\/wp-content\/uploads\/2025\/06\/resultats-font-den-carros-2025.png","datePublished":"2020-08-24T07:11:37+00:00","dateModified":"2025-06-23T08:00:15+00:00","breadcrumb":{"@id":"https:\/\/participa.lafontdencarros.es\/ca\/resultats-presupostos\/#breadcrumb"},"inLanguage":"ca","potentialAction":[{"@type":"ReadAction","target":["https:\/\/participa.lafontdencarros.es\/ca\/resultats-presupostos\/"]}]},{"@type":"ImageObject","inLanguage":"ca","@id":"https:\/\/participa.lafontdencarros.es\/ca\/resultats-presupostos\/#primaryimage","url":"https:\/\/participa.lafontdencarros.es\/wp-content\/uploads\/2025\/06\/resultats-font-den-carros-2025.png","contentUrl":"https:\/\/participa.lafontdencarros.es\/wp-content\/uploads\/2025\/06\/resultats-font-den-carros-2025.png"},{"@type":"BreadcrumbList","@id":"https:\/\/participa.lafontdencarros.es\/ca\/resultats-presupostos\/#breadcrumb","itemListElement":[{"@type":"ListItem","position":1,"name":"Portada","item":"https:\/\/participa.lafontdencarros.es\/ca\/"},{"@type":"ListItem","position":2,"name":"Resultats presupostos"}]},{"@type":"WebSite","@id":"\/#website","url":"\/","name":"Ajuntament Font d&#039;en Carr\u00f2s","description":"Otro sitio realizado con WordPress","publisher":{"@id":"\/#organization"},"potentialAction":[{"@type":"SearchAction","target":{"@type":"EntryPoint","urlTemplate":"\/?s={search_term_string}"},"query-input":{"@type":"PropertyValueSpecification","valueRequired":true,"valueName":"search_term_string"}}],"inLanguage":"ca"},{"@type":"Organization","@id":"\/#organization","name":"Ajuntament Font d&#039;en Carr\u00f2s","url":"\/","logo":{"@type":"ImageObject","inLanguage":"ca","@id":"\/#\/schema\/logo\/image\/","url":"https:\/\/participa.lafontdencarros.es\/wp-content\/uploads\/2022\/05\/logo_fontdencarros_participa-2022.jpg","contentUrl":"https:\/\/participa.lafontdencarros.es\/wp-content\/uploads\/2022\/05\/logo_fontdencarros_participa-2022.jpg","width":232,"height":84,"caption":"Ajuntament Font d&#039;en Carr\u00f2s"},"image":{"@id":"\/#\/schema\/logo\/image\/"}}]}},"_links":{"self":[{"href":"https:\/\/participa.lafontdencarros.es\/ca\/wp-json\/wp\/v2\/pages\/127","targetHints":{"allow":["GET"]}}],"collection":[{"href":"https:\/\/participa.lafontdencarros.es\/ca\/wp-json\/wp\/v2\/pages"}],"about":[{"href":"https:\/\/participa.lafontdencarros.es\/ca\/wp-json\/wp\/v2\/types\/page"}],"author":[{"embeddable":true,"href":"https:\/\/participa.lafontdencarros.es\/ca\/wp-json\/wp\/v2\/users\/1"}],"replies":[{"embeddable":true,"href":"https:\/\/participa.lafontdencarros.es\/ca\/wp-json\/wp\/v2\/comments?post=127"}],"version-history":[{"count":122,"href":"https:\/\/participa.lafontdencarros.es\/ca\/wp-json\/wp\/v2\/pages\/127\/revisions"}],"predecessor-version":[{"id":2107,"href":"https:\/\/participa.lafontdencarros.es\/ca\/wp-json\/wp\/v2\/pages\/127\/revisions\/2107"}],"wp:attachment":[{"href":"https:\/\/participa.lafontdencarros.es\/ca\/wp-json\/wp\/v2\/media?parent=127"}],"curies":[{"name":"wp","href":"https:\/\/api.w.org\/{rel}","templated":true}]}}